{"id":2116,"date":"2025-01-07T10:36:37","date_gmt":"2025-01-07T10:36:37","guid":{"rendered":"https:\/\/xn--Para-orchide-leb.com\/?product=lipikar-huile-lavante-ap-400-ml"},"modified":"2025-01-12T23:03:27","modified_gmt":"2025-01-12T23:03:27","slug":"lipikar-huile-lavante-ap-400-ml","status":"publish","type":"product","link":"https:\/\/para-orchidee.com\/?product=lipikar-huile-lavante-ap-400-ml&lang=fr","title":{"rendered":"LIPIKAR HUILE LAVANTE AP+ 400 ML"},"content":{"rendered":"<p>B\u00c9N\u00c9FICES<br \/>\nL&rsquo;huile lavante Lipikar AP+ est une huile de douche l\u00e9g\u00e8rement parfum\u00e9e con\u00e7ue pour les peaux normales, s\u00e8ches et \u00e0 tendance atopique. Sa formulation minimaliste contient du beurre de karit\u00e9, de la niacinamide et de l&rsquo;Aqua Pos\u00e6 Filiformis. Ils nourrissent et pr\u00e9servent la peau du dess\u00e8chement et respectent l&rsquo;\u00e9quilibre du microbiome cutan\u00e9. Les sensations de d\u00e9mangeaisons sont apais\u00e9es, la peau retrouve son confort.<\/p>\n<p>INDICATION<br \/>\nCette huile lavante relipidante convient aux peaux normales, peaux s\u00e8ches et peaux atopiques (ecz\u00e9ma, psoriasis&#8230;). Elle lave en douceur la peau et les zones intimes des adultes et des enfants, ainsi que la peau et le cuir chevelu des nourrissons.<\/p>\n<p>Probl\u00e8mes cibl\u00e9s :<\/p>\n<p>Ecz\u00e9ma atopique<br \/>\nS\u00e8cheresse<\/p>\n<p>Type de peau :<\/p>\n<p>Peaux s\u00e8ches<br \/>\nTr\u00e8s s\u00e8ches \u00e0 tendance \u00e0 l&rsquo;ecz\u00e9ma atopique<\/p>\n<p>1\/ RESPECTE LE MICROBIOME CUTAN\u00c9<br \/>\nLe microbiome est un ensemble de bact\u00e9ries situ\u00e9es \u00e0 la surface de la peau qui participent \u00e0 son bon fonctionnement. Lorsque celui-ci se d\u00e9s\u00e9quilibre, la peau est plus sensible et plus fragile. Gr\u00e2ce \u00e0 l&rsquo;Aqua Pos\u00e6 Filiformis, actif combinant de l&rsquo;eau thermale La Roche-Posay apaisante \u00e0 la bact\u00e9rie Vitreoscilla Filiformis, le microbiome reste intact.<\/p>\n<p>2\/ RESTAURE ET PR\u00c9SERVE LA BARRI\u00c8RE CUTAN\u00c9E<br \/>\nCette huile lavante peau s\u00e8che contient des actifs nourrissants et apaisants. Votre peau b\u00e9n\u00e9ficie ainsi de tous les bienfaits du beurre de karit\u00e9, naturellement nourrissant et relipidant. La niacinamide, une des formes de vitamine B3, att\u00e9nue les rougeurs, les irritations et les inflammations. Pr\u00e9serv\u00e9, le film hydrolipidique peut jouer pleinement son r\u00f4le de barri\u00e8re cutan\u00e9e.<\/p>\n<p>3\/ FORMULE HAUTE TOL\u00c9RANCE<br \/>\nL&rsquo;huile de douche relipidante est formul\u00e9e avec une liste d&rsquo;ingr\u00e9dients courte, de mani\u00e8re \u00e0 convenir aux peaux de toute la famille.<\/p>\n","protected":false},"excerpt":{"rendered":"<p>LIPIKAR HUILE LAVANTE AP+ : Huile lavante relipidante anti-irritation, anti-grattage enrichie en Beurre de Karit\u00e9.<\/p>\n","protected":false},"featured_media":1888,"comment_status":"open","ping_status":"closed","template":"","meta":{"om_disable_all_campaigns":false,"_monsterinsights_skip_tracking":false,"_monsterinsights_sitenote_active":false,"_monsterinsights_sitenote_note":"","_monsterinsights_sitenote_category":0},"product_brand":[],"product_cat":[256,20,16,19,22],"product_tag":[],"class_list":{"0":"post-2116","1":"product","2":"type-product","3":"status-publish","4":"has-post-thumbnail","6":"product_cat-la-roche-posay","7":"product_cat-bebe","8":"product_cat-boutique","9":"product_cat-corps","10":"product_cat-soin-de-peau","11":"thunk-woo-product-list","12":"opn-qv-enable","13":"big-store-woo-hover-zoom","14":"open-single-product-tab-horizontal","15":"open-shadow-","16":"open-shadow-hover-","18":"first","19":"instock","20":"sale","21":"taxable","22":"shipping-taxable","23":"purchasable","24":"product-type-simple"},"aioseo_notices":[],"_links":{"self":[{"href":"https:\/\/para-orchidee.com\/index.php?rest_route=\/wp\/v2\/product\/2116","targetHints":{"allow":["GET"]}}],"collection":[{"href":"https:\/\/para-orchidee.com\/index.php?rest_route=\/wp\/v2\/product"}],"about":[{"href":"https:\/\/para-orchidee.com\/index.php?rest_route=\/wp\/v2\/types\/product"}],"replies":[{"embeddable":true,"href":"https:\/\/para-orchidee.com\/index.php?rest_route=%2Fwp%2Fv2%2Fcomments&post=2116"}],"wp:featuredmedia":[{"embeddable":true,"href":"https:\/\/para-orchidee.com\/index.php?rest_route=\/wp\/v2\/media\/1888"}],"wp:attachment":[{"href":"https:\/\/para-orchidee.com\/index.php?rest_route=%2Fwp%2Fv2%2Fmedia&parent=2116"}],"wp:term":[{"taxonomy":"product_brand","embeddable":true,"href":"https:\/\/para-orchidee.com\/index.php?rest_route=%2Fwp%2Fv2%2Fproduct_brand&post=2116"},{"taxonomy":"product_cat","embeddable":true,"href":"https:\/\/para-orchidee.com\/index.php?rest_route=%2Fwp%2Fv2%2Fproduct_cat&post=2116"},{"taxonomy":"product_tag","embeddable":true,"href":"https:\/\/para-orchidee.com\/index.php?rest_route=%2Fwp%2Fv2%2Fproduct_tag&post=2116"}],"curies":[{"name":"wp","href":"https:\/\/api.w.org\/{rel}","templated":true}]}}