{"id":2118,"date":"2025-01-07T10:36:37","date_gmt":"2025-01-07T10:36:37","guid":{"rendered":"https:\/\/xn--Para-orchide-leb.com\/?product=lipikar-syndet-ap-400-ml"},"modified":"2025-01-13T23:05:37","modified_gmt":"2025-01-13T23:05:37","slug":"lipikar-syndet-ap-400-ml","status":"publish","type":"product","link":"https:\/\/para-orchidee.com\/?product=lipikar-syndet-ap-400-ml&lang=fr","title":{"rendered":"LIPIKAR SYNDET AP+ 400 ML"},"content":{"rendered":"<p>Cr\u00e8me lavante relipidante, anti-irritations. Efficacit\u00e9 anti-grattage. Tol\u00e9rance optimale. D\u00e8s les premiers jours de la vie.<\/p>\n<p>Apaise imm\u00e9diatement les sensations de d\u00e9mangeaisons d\u00e8s la douche, d\u00e8s la naissance.<br \/>\nTest\u00e9 sur peau \u00e0 tendance \u00e0 l&rsquo;ecz\u00e9ma atopique.<br \/>\nConvient au cuir chevelu des nourrissons, aux cro\u00fbtes de lait et aux zones intimes. Ne pique pas les yeux.<\/p>\n<p>Probl\u00e8mes cibl\u00e9s :<br \/>\nIrritations<br \/>\nD\u00e9mangeaisons<\/p>\n<p>Type de peau :<br \/>\nPeaux s\u00e8ches \u00e0 tendance \u00e0 ecz\u00e9ma atopique<br \/>\nConvient aux Peaux sensibles<\/p>\n<p>\u00c2ge :<br \/>\nConvient aux nourissons<\/p>\n<p>1. R\u00e9tablit et stabilise l&rsquo;\u00e9quilibre du microbiome, population de micro-organismes pr\u00e9sents \u00e0 la surface de la peau, gr\u00e2ce \u00e0 l&rsquo;Aqua Posae Filiformis.<\/p>\n<p>2. Restaure et pr\u00e9serve la barri\u00e8re cutan\u00e9e gr\u00e2ce au Beurre de Karit\u00e9.<br \/>\nSa formule est concentr\u00e9e en Niacinamide apaisant. Elle a \u00e9t\u00e9 \u00e9labor\u00e9e avec un minimum d&rsquo;ingr\u00e9dients, s\u00e9lectionn\u00e9s pour leur efficacit\u00e9, leur tol\u00e9rance au pH physiologique et pour minimiser les risques d&rsquo;allergies.<\/p>\n<p>Formul\u00e9 sans parfum.<br \/>\nTest\u00e9 sous contr\u00f4le p\u00e9diatrique et ophtalmologique.<br \/>\nTest\u00e9 sur les peaux \u00e0 tendance \u00e0 l&rsquo;ecz\u00e9ma atopique ou allergique.<br \/>\nS\u00e9cheresses s\u00e9v\u00e8res du nouveau-n\u00e9* \u00e0 l&rsquo;adulte.<br \/>\nConvient \u00e9galement au cuir chevelu et aux cro\u00fbtes de lait des nourrissons.<br \/>\nIndiqu\u00e9 pour les peaux sensibles, tr\u00e8s s\u00e8ches, irrit\u00e9es et sujettes aux sensations de d\u00e9mangeaisons, g\u00e9n\u00e9ratrices de grattage.<\/p>\n","protected":false},"excerpt":{"rendered":"<p>Cr\u00e8me lavante relipidante, anti-irritations. Efficacit\u00e9 anti-grattage. Tol\u00e9rance optimale. D\u00e8s les premiers jours de la vie.<\/p>\n","protected":false},"featured_media":1896,"comment_status":"open","ping_status":"closed","template":"","meta":{"om_disable_all_campaigns":false,"_monsterinsights_skip_tracking":false,"_monsterinsights_sitenote_active":false,"_monsterinsights_sitenote_note":"","_monsterinsights_sitenote_category":0},"product_brand":[],"product_cat":[256,16],"product_tag":[],"class_list":{"0":"post-2118","1":"product","2":"type-product","3":"status-publish","4":"has-post-thumbnail","6":"product_cat-la-roche-posay","7":"product_cat-boutique","8":"thunk-woo-product-list","9":"opn-qv-enable","10":"big-store-woo-hover-zoom","11":"open-single-product-tab-horizontal","12":"open-shadow-","13":"open-shadow-hover-","15":"first","16":"instock","17":"sale","18":"taxable","19":"shipping-taxable","20":"purchasable","21":"product-type-simple"},"aioseo_notices":[],"_links":{"self":[{"href":"https:\/\/para-orchidee.com\/index.php?rest_route=\/wp\/v2\/product\/2118","targetHints":{"allow":["GET"]}}],"collection":[{"href":"https:\/\/para-orchidee.com\/index.php?rest_route=\/wp\/v2\/product"}],"about":[{"href":"https:\/\/para-orchidee.com\/index.php?rest_route=\/wp\/v2\/types\/product"}],"replies":[{"embeddable":true,"href":"https:\/\/para-orchidee.com\/index.php?rest_route=%2Fwp%2Fv2%2Fcomments&post=2118"}],"wp:featuredmedia":[{"embeddable":true,"href":"https:\/\/para-orchidee.com\/index.php?rest_route=\/wp\/v2\/media\/1896"}],"wp:attachment":[{"href":"https:\/\/para-orchidee.com\/index.php?rest_route=%2Fwp%2Fv2%2Fmedia&parent=2118"}],"wp:term":[{"taxonomy":"product_brand","embeddable":true,"href":"https:\/\/para-orchidee.com\/index.php?rest_route=%2Fwp%2Fv2%2Fproduct_brand&post=2118"},{"taxonomy":"product_cat","embeddable":true,"href":"https:\/\/para-orchidee.com\/index.php?rest_route=%2Fwp%2Fv2%2Fproduct_cat&post=2118"},{"taxonomy":"product_tag","embeddable":true,"href":"https:\/\/para-orchidee.com\/index.php?rest_route=%2Fwp%2Fv2%2Fproduct_tag&post=2118"}],"curies":[{"name":"wp","href":"https:\/\/api.w.org\/{rel}","templated":true}]}}