{"id":2120,"date":"2025-01-07T10:36:30","date_gmt":"2025-01-07T10:36:30","guid":{"rendered":"https:\/\/xn--Para-orchide-leb.com\/?product=lipikar-surgras-liquide-400-ml"},"modified":"2025-01-14T00:18:05","modified_gmt":"2025-01-14T00:18:05","slug":"lipikar-surgras-liquide-400-ml","status":"publish","type":"product","link":"https:\/\/para-orchidee.com\/?product=lipikar-surgras-liquide-400-ml&lang=fr","title":{"rendered":"LIPIKAR SURGRAS LIQUIDE 400 ML"},"content":{"rendered":"<p>Douche-cr\u00e8me concentr\u00e9e anti-dess\u00e8chement.<\/p>\n<p>Nettoyage doux con\u00e7u pour les peaux s\u00e8ches et inconfortables.<br \/>\nEnfant et adulte.<\/p>\n<p>Probl\u00e8mes cibl\u00e9s :<br \/>\nd\u00e9s\u00e8chement<\/p>\n<p>Type de peau :<\/p>\n<ul>\n<li>Peaux s\u00e8ches<\/li>\n<li>Convient aux Peaux sensibles<\/li>\n<\/ul>\n<p>\u00c2ge :<br \/>\n\u00c0 partir de 3 ans<\/p>\n<p>Formule enrichie en concentr\u00e9 surgras 10 % et Niacinamide pour aider \u00e0 restaurer la barri\u00e8re cutan\u00e9e et \u00e0 relipider la peau d\u00e8s la douche.<\/p>\n<p>Douche apr\u00e8s douche, la peau est pr\u00e9serv\u00e9e de toutes sensations de tiraillements et conserve durablement sa douceur et son confort naturels.<\/p>\n","protected":false},"excerpt":{"rendered":"<p>Une douche-cr\u00e8me concentr\u00e9e sp\u00e9cialement formul\u00e9e pour lutter contre le dess\u00e8chement cutan\u00e9. Enrichie en actifs nourrissants.<\/p>\n","protected":false},"featured_media":1894,"comment_status":"open","ping_status":"closed","template":"","meta":{"om_disable_all_campaigns":false,"_monsterinsights_skip_tracking":false,"_monsterinsights_sitenote_active":false,"_monsterinsights_sitenote_note":"","_monsterinsights_sitenote_category":0},"product_brand":[],"product_cat":[256,20,16,19,22],"product_tag":[],"class_list":{"0":"post-2120","1":"product","2":"type-product","3":"status-publish","4":"has-post-thumbnail","6":"product_cat-la-roche-posay","7":"product_cat-bebe","8":"product_cat-boutique","9":"product_cat-corps","10":"product_cat-soin-de-peau","11":"thunk-woo-product-list","12":"opn-qv-enable","13":"big-store-woo-hover-zoom","14":"open-single-product-tab-horizontal","15":"open-shadow-","16":"open-shadow-hover-","18":"first","19":"instock","20":"sale","21":"taxable","22":"shipping-taxable","23":"purchasable","24":"product-type-simple"},"aioseo_notices":[],"_links":{"self":[{"href":"https:\/\/para-orchidee.com\/index.php?rest_route=\/wp\/v2\/product\/2120","targetHints":{"allow":["GET"]}}],"collection":[{"href":"https:\/\/para-orchidee.com\/index.php?rest_route=\/wp\/v2\/product"}],"about":[{"href":"https:\/\/para-orchidee.com\/index.php?rest_route=\/wp\/v2\/types\/product"}],"replies":[{"embeddable":true,"href":"https:\/\/para-orchidee.com\/index.php?rest_route=%2Fwp%2Fv2%2Fcomments&post=2120"}],"wp:featuredmedia":[{"embeddable":true,"href":"https:\/\/para-orchidee.com\/index.php?rest_route=\/wp\/v2\/media\/1894"}],"wp:attachment":[{"href":"https:\/\/para-orchidee.com\/index.php?rest_route=%2Fwp%2Fv2%2Fmedia&parent=2120"}],"wp:term":[{"taxonomy":"product_brand","embeddable":true,"href":"https:\/\/para-orchidee.com\/index.php?rest_route=%2Fwp%2Fv2%2Fproduct_brand&post=2120"},{"taxonomy":"product_cat","embeddable":true,"href":"https:\/\/para-orchidee.com\/index.php?rest_route=%2Fwp%2Fv2%2Fproduct_cat&post=2120"},{"taxonomy":"product_tag","embeddable":true,"href":"https:\/\/para-orchidee.com\/index.php?rest_route=%2Fwp%2Fv2%2Fproduct_tag&post=2120"}],"curies":[{"name":"wp","href":"https:\/\/api.w.org\/{rel}","templated":true}]}}