{"id":2121,"date":"2025-01-07T10:36:30","date_gmt":"2025-01-07T10:36:30","guid":{"rendered":"https:\/\/xn--Para-orchide-leb.com\/?product=lipikar-lait-relipidant-200-ml"},"modified":"2025-01-14T00:51:58","modified_gmt":"2025-01-14T00:51:58","slug":"lipikar-lait-relipidant-200-ml","status":"publish","type":"product","link":"https:\/\/para-orchidee.com\/?product=lipikar-lait-relipidant-200-ml&lang=fr","title":{"rendered":"LIPIKAR LAIT RELIPIDANT 200 ML"},"content":{"rendered":"<p>Lait corps hydratant et relipidant, peau s\u00e8che et sensible. Haute hydratation. Anti-dess\u00e8chement. Anti-tiraillements et picotements.<\/p>\n<p>B\u00c9N\u00c9FICES<br \/>\nLipikar lait est un lait hydratant corps con\u00e7u pour les peaux s\u00e8ches et sensibles de toute la famille. Enrichi en cold cream, beurre de karit\u00e9 et eau thermale La Roche-Posay, ce lait corps hydrate intens\u00e9ment, nourrit, relipide et apaise la peau, et pr\u00e9serve de la s\u00e9cheresse cutan\u00e9e. Les sensations de picotements et de tiraillements sont imm\u00e9diatement att\u00e9nu\u00e9es. La peau est souple, confortable et durablement prot\u00e9g\u00e9e.<\/p>\n<p>INDICATION<br \/>\nLe lait corps hydratant Lipikar convient aux peaux s\u00e8ches et sensibles du b\u00e9b\u00e9, de l&rsquo;enfant et de l&rsquo;adulte.<\/p>\n<p>Probl\u00e8mes cibl\u00e9s :<br \/>\nTiraillements<br \/>\nPicotements<br \/>\nS\u00e8cheresse<\/p>\n<p>Type de peau :<br \/>\nPeaux s\u00e8ches<br \/>\nConvient aux Peaux sensibles<\/p>\n<p>\u00c2ge :<br \/>\n\u00c0 partir de 1 an;<\/p>\n<p>2 x plus efficace : hydratation 48h, anti-dess\u00e8chement 48h, protection antiparticules 2,5PM Innocuit\u00e9 maximale : test\u00e9 sous contr\u00f4le p\u00e9diatrique et g\u00e9riatrique. Texture non grasse, non collante : habillage rapide<\/p>\n","protected":false},"excerpt":{"rendered":"<p>Lait corps hydratant et relipidant, peau s\u00e8che et sensible. Haute hydratation. Anti-dess\u00e8chement. Anti-tiraillements et picotements.<\/p>\n","protected":false},"featured_media":1889,"comment_status":"open","ping_status":"closed","template":"","meta":{"om_disable_all_campaigns":false,"_monsterinsights_skip_tracking":false,"_monsterinsights_sitenote_active":false,"_monsterinsights_sitenote_note":"","_monsterinsights_sitenote_category":0},"product_brand":[],"product_cat":[256,20,16,19,22],"product_tag":[],"class_list":{"0":"post-2121","1":"product","2":"type-product","3":"status-publish","4":"has-post-thumbnail","6":"product_cat-la-roche-posay","7":"product_cat-bebe","8":"product_cat-boutique","9":"product_cat-corps","10":"product_cat-soin-de-peau","11":"thunk-woo-product-list","12":"opn-qv-enable","13":"big-store-woo-hover-zoom","14":"open-single-product-tab-horizontal","15":"open-shadow-","16":"open-shadow-hover-","18":"first","19":"instock","20":"sale","21":"taxable","22":"shipping-taxable","23":"purchasable","24":"product-type-simple"},"aioseo_notices":[],"_links":{"self":[{"href":"https:\/\/para-orchidee.com\/index.php?rest_route=\/wp\/v2\/product\/2121","targetHints":{"allow":["GET"]}}],"collection":[{"href":"https:\/\/para-orchidee.com\/index.php?rest_route=\/wp\/v2\/product"}],"about":[{"href":"https:\/\/para-orchidee.com\/index.php?rest_route=\/wp\/v2\/types\/product"}],"replies":[{"embeddable":true,"href":"https:\/\/para-orchidee.com\/index.php?rest_route=%2Fwp%2Fv2%2Fcomments&post=2121"}],"wp:featuredmedia":[{"embeddable":true,"href":"https:\/\/para-orchidee.com\/index.php?rest_route=\/wp\/v2\/media\/1889"}],"wp:attachment":[{"href":"https:\/\/para-orchidee.com\/index.php?rest_route=%2Fwp%2Fv2%2Fmedia&parent=2121"}],"wp:term":[{"taxonomy":"product_brand","embeddable":true,"href":"https:\/\/para-orchidee.com\/index.php?rest_route=%2Fwp%2Fv2%2Fproduct_brand&post=2121"},{"taxonomy":"product_cat","embeddable":true,"href":"https:\/\/para-orchidee.com\/index.php?rest_route=%2Fwp%2Fv2%2Fproduct_cat&post=2121"},{"taxonomy":"product_tag","embeddable":true,"href":"https:\/\/para-orchidee.com\/index.php?rest_route=%2Fwp%2Fv2%2Fproduct_tag&post=2121"}],"curies":[{"name":"wp","href":"https:\/\/api.w.org\/{rel}","templated":true}]}}