{"id":2124,"date":"2025-01-07T10:36:38","date_gmt":"2025-01-07T10:36:38","guid":{"rendered":"https:\/\/xn--Para-orchide-leb.com\/?product=pigmentclar-correcteur-anti-cernes-15-ml"},"modified":"2025-01-14T17:51:43","modified_gmt":"2025-01-14T17:51:43","slug":"pigmentclar-correcteur-anti-cernes-15-ml","status":"publish","type":"product","link":"https:\/\/para-orchidee.com\/?product=pigmentclar-correcteur-anti-cernes-15-ml&lang=fr","title":{"rendered":"PIGMENTCLAR CORRECTEUR ANTI CERNES 15 ML"},"content":{"rendered":"<p>La roche posay pigmentclar Correcteur anti-cernes r\u00e9uniformisant concentr\u00e9 en [PhE-R\u00e9sorcinol + Caf\u00e9ine] r\u00e9duit significativement l\u2019apparence des cernes bleus dus \u00e0 une mauvaise circulation et des cernes bruns li\u00e9s \u00e0 une surproduction de m\u00e9lanine.<\/p>\n<p>Sa texture enrichie en pigments r\u00e9flecteurs lumi\u00e8re, associ\u00e9e \u00e0 un applicateur m\u00e9tal rafraichissant, illumine le regard.Correcteur anti-cernes r\u00e9uniformisant.<\/p>\n<p>Corrige les cernes bleus et bruns. Illumine et r\u00e9uniformise le contour de l&rsquo;\u0153il.<\/p>\n","protected":false},"excerpt":{"rendered":"<p>PIGMENTCLAR CORRECTEUR ANTI CERNES :<\/p>\n<ul>\n<li>Correcteur anti-cernes r\u00e9uniformisant.<\/li>\n<li>Corrige les cernes bleus et bruns.<\/li>\n<\/ul>\n","protected":false},"featured_media":1905,"comment_status":"open","ping_status":"closed","template":"","meta":{"om_disable_all_campaigns":false,"_monsterinsights_skip_tracking":false,"_monsterinsights_sitenote_active":false,"_monsterinsights_sitenote_note":"","_monsterinsights_sitenote_category":0},"product_brand":[],"product_cat":[256,16,22,18],"product_tag":[],"class_list":{"0":"post-2124","1":"product","2":"type-product","3":"status-publish","4":"has-post-thumbnail","6":"product_cat-la-roche-posay","7":"product_cat-boutique","8":"product_cat-soin-de-peau","9":"product_cat-visage","10":"thunk-woo-product-list","11":"opn-qv-enable","12":"big-store-woo-hover-zoom","13":"open-single-product-tab-horizontal","14":"open-shadow-","15":"open-shadow-hover-","17":"first","18":"instock","19":"sale","20":"taxable","21":"shipping-taxable","22":"purchasable","23":"product-type-simple"},"aioseo_notices":[],"_links":{"self":[{"href":"https:\/\/para-orchidee.com\/index.php?rest_route=\/wp\/v2\/product\/2124","targetHints":{"allow":["GET"]}}],"collection":[{"href":"https:\/\/para-orchidee.com\/index.php?rest_route=\/wp\/v2\/product"}],"about":[{"href":"https:\/\/para-orchidee.com\/index.php?rest_route=\/wp\/v2\/types\/product"}],"replies":[{"embeddable":true,"href":"https:\/\/para-orchidee.com\/index.php?rest_route=%2Fwp%2Fv2%2Fcomments&post=2124"}],"wp:featuredmedia":[{"embeddable":true,"href":"https:\/\/para-orchidee.com\/index.php?rest_route=\/wp\/v2\/media\/1905"}],"wp:attachment":[{"href":"https:\/\/para-orchidee.com\/index.php?rest_route=%2Fwp%2Fv2%2Fmedia&parent=2124"}],"wp:term":[{"taxonomy":"product_brand","embeddable":true,"href":"https:\/\/para-orchidee.com\/index.php?rest_route=%2Fwp%2Fv2%2Fproduct_brand&post=2124"},{"taxonomy":"product_cat","embeddable":true,"href":"https:\/\/para-orchidee.com\/index.php?rest_route=%2Fwp%2Fv2%2Fproduct_cat&post=2124"},{"taxonomy":"product_tag","embeddable":true,"href":"https:\/\/para-orchidee.com\/index.php?rest_route=%2Fwp%2Fv2%2Fproduct_tag&post=2124"}],"curies":[{"name":"wp","href":"https:\/\/api.w.org\/{rel}","templated":true}]}}