{"id":2125,"date":"2025-01-07T10:36:30","date_gmt":"2025-01-07T10:36:30","guid":{"rendered":"https:\/\/xn--Para-orchide-leb.com\/?product=redermic-pure-vitamin-c10-serum-30ml"},"modified":"2025-01-14T17:58:13","modified_gmt":"2025-01-14T17:58:13","slug":"redermic-pure-vitamin-c10-serum-30ml","status":"publish","type":"product","link":"https:\/\/para-orchidee.com\/?product=redermic-pure-vitamin-c10-serum-30ml&lang=fr","title":{"rendered":"REDERMIC PURE VITAMIN C10 SERUM 30ML"},"content":{"rendered":"<p>S\u00e9rum\u00e0 la vitamine C 10 % anti-rides. R\u00e9v\u00e8le l&rsquo;\u00e9clat des peaux sensibles. Ce s\u00e9rum \u00e0 la vitamine C anti-rides \u00e9clat avec 10 % de Vitamine C pure r\u00e9v\u00e8le l&rsquo;\u00e9clat des peaux sensibles.<br \/>\nIl est efficace contre les rides, le manque d&rsquo;\u00e9clat et le grain de peau irr\u00e9gulier.<\/p>\n<p>Probl\u00e8mes cibl\u00e9s :<br \/>\nRides<br \/>\nManque d&rsquo;\u00e9clat<br \/>\nGrain de peau irr\u00e9gulier<\/p>\n<p>Type de peau :<\/p>\n<ul>\n<li>Tous types de peaux<\/li>\n<li>Convient aux peaux sensibles<\/li>\n<\/ul>\n<p>\u00c2ge :<br \/>\nA partir de 18 ans<\/p>\n<p>Ce s\u00e9rum \u00e0 la Vitamine C complet qui combine un effet hydratant \u00e0 l&rsquo;action anti-oxydante et anti-rides de la Vitamine C dos\u00e9e \u00e0 haute concentration. Il r\u00e9v\u00e8le l&rsquo;\u00e9clat des peaux m\u00eame les plus sensibles.<\/p>\n<p>INNOVATION DERMATOLOGIQUE<\/p>\n<p>1\/ R\u00c9V\u00c8LE L&rsquo;\u00c9CLAT DES PEAUX SENSIBLES<\/p>\n<p>10 % DE VITAMINE C PURE : un actif de r\u00e9f\u00e9rence en anti-\u00e2ge qui permet de r\u00e9v\u00e9ler l&rsquo;\u00e9clat de la peau et de lisser rides et ridules. La vitamine C inhibe la production de m\u00e9lanine produite au niveau des m\u00e9lanocytes de l&rsquo;\u00e9piderme pour r\u00e9duire l&rsquo;apparence des t\u00e2ches brunes.<\/p>\n<p>2\/ STIMULE LE RENOUVELLEMENT CELLULAIRE<br \/>\nACIDE SALICYLIQUE : Ce s\u00e9rum \u00e0 la vitamine C est \u00e9galement enrichi en acide salicylique et combine donc plusieurs propri\u00e9t\u00e9s. L&rsquo;acide salicylique d\u00e9sincruste les pores et r\u00e9duit l&rsquo;accumulation de s\u00e9bum. Naturellement pr\u00e9sent dans certains fruits, l&rsquo;acide salicylique favorise \u00e9galement l&rsquo;\u00e9limination des cellules mortes. Son action k\u00e9ratolytique contribue \u00e0 lisser et adoucir la surface de la peau.<\/p>\n<p>3\/ APAISE ET ADOUCIT LA PEAU<br \/>\nEAU THERMALE DE LA ROCHE-POSAY apaise les peaux sensibles, riche en min\u00e9raux et oligo-\u00e9l\u00e9ments dont le s\u00e9l\u00e9nium. Ses vertues sont apaisantes et adoucissantes.<\/p>\n","protected":false},"excerpt":{"rendered":"<p>REDERMIC PURE VITAMIN C10 SERUM : S\u00e9rum \u00e0 la vitamine C 10 % \u00e0 l&rsquo;action anti-rides. R\u00e9v\u00e8le l&rsquo;\u00e9clat des peaux sensibles.<\/p>\n","protected":false},"featured_media":1912,"comment_status":"open","ping_status":"closed","template":"","meta":{"om_disable_all_campaigns":false,"_monsterinsights_skip_tracking":false,"_monsterinsights_sitenote_active":false,"_monsterinsights_sitenote_note":"","_monsterinsights_sitenote_category":0},"product_brand":[],"product_cat":[256,16,22,18],"product_tag":[],"class_list":{"0":"post-2125","1":"product","2":"type-product","3":"status-publish","4":"has-post-thumbnail","6":"product_cat-la-roche-posay","7":"product_cat-boutique","8":"product_cat-soin-de-peau","9":"product_cat-visage","10":"thunk-woo-product-list","11":"opn-qv-enable","12":"big-store-woo-hover-zoom","13":"open-single-product-tab-horizontal","14":"open-shadow-","15":"open-shadow-hover-","17":"first","18":"instock","19":"sale","20":"taxable","21":"shipping-taxable","22":"purchasable","23":"product-type-simple"},"aioseo_notices":[],"_links":{"self":[{"href":"https:\/\/para-orchidee.com\/index.php?rest_route=\/wp\/v2\/product\/2125","targetHints":{"allow":["GET"]}}],"collection":[{"href":"https:\/\/para-orchidee.com\/index.php?rest_route=\/wp\/v2\/product"}],"about":[{"href":"https:\/\/para-orchidee.com\/index.php?rest_route=\/wp\/v2\/types\/product"}],"replies":[{"embeddable":true,"href":"https:\/\/para-orchidee.com\/index.php?rest_route=%2Fwp%2Fv2%2Fcomments&post=2125"}],"wp:featuredmedia":[{"embeddable":true,"href":"https:\/\/para-orchidee.com\/index.php?rest_route=\/wp\/v2\/media\/1912"}],"wp:attachment":[{"href":"https:\/\/para-orchidee.com\/index.php?rest_route=%2Fwp%2Fv2%2Fmedia&parent=2125"}],"wp:term":[{"taxonomy":"product_brand","embeddable":true,"href":"https:\/\/para-orchidee.com\/index.php?rest_route=%2Fwp%2Fv2%2Fproduct_brand&post=2125"},{"taxonomy":"product_cat","embeddable":true,"href":"https:\/\/para-orchidee.com\/index.php?rest_route=%2Fwp%2Fv2%2Fproduct_cat&post=2125"},{"taxonomy":"product_tag","embeddable":true,"href":"https:\/\/para-orchidee.com\/index.php?rest_route=%2Fwp%2Fv2%2Fproduct_tag&post=2125"}],"curies":[{"name":"wp","href":"https:\/\/api.w.org\/{rel}","templated":true}]}}