{"id":2126,"date":"2025-01-07T10:36:38","date_gmt":"2025-01-07T10:36:38","guid":{"rendered":"https:\/\/xn--Para-orchide-leb.com\/?product=pure-vitamin-c-legere-40-ml"},"modified":"2025-01-14T18:06:51","modified_gmt":"2025-01-14T18:06:51","slug":"pure-vitamin-c-legere-40-ml","status":"publish","type":"product","link":"https:\/\/para-orchidee.com\/?product=pure-vitamin-c-legere-40-ml&lang=fr","title":{"rendered":"Pure Vitamin C L\u00e9g\u00e8re &#8211; 40 ML"},"content":{"rendered":"<p>Cr\u00e8me anti-rides \u00e9clat peaux normales \u00e0 mixtes.<\/p>\n<p>B\u00c9N\u00c9FICES<br \/>\nSoin anti-rides \u00e9clat, alliant de la vitamine C pure et de la neurosensine, pour r\u00e9v\u00e9ler l&rsquo;\u00e9clat des peaux sensibles.<\/p>\n<p>INDICATIONS<\/p>\n<ul>\n<li>Rides, manque d&rsquo;\u00e9clat, perte de fermet\u00e9.<\/li>\n<li>Peaux normales \u00e0 mixtes.<\/li>\n<\/ul>\n<p>Probl\u00e8mes cibl\u00e9s :<br \/>\nRides et ridules<\/p>\n<p>Type de peau :<br \/>\nPeaux sensibles normales \u00e0 mixtes<\/p>\n<p>\u00c2ge :<br \/>\nA partir de 18 ans<\/p>\n<p>1\/ AM\u00c9LIORE L&rsquo;UNIFORMIT\u00c9 DE LA PEAU<br \/>\nUne cr\u00e8me enrichie en VITAMINE C, un actif de r\u00e9f\u00e9rence en anti-\u00e2ge qui permet de r\u00e9v\u00e9ler l&rsquo;\u00e9clat de la peau et de lisser rides et ridules. La vitamine C inhibe la production de m\u00e9lanine produite au niveau des m\u00e9lanocytes de l&rsquo;\u00e9piderme pour r\u00e9duire l&rsquo;apparence des taches brunes.<\/p>\n<p>2\/ LISSE ET REPULPE LA PEAU<br \/>\nGr\u00e2ce \u00e0 L&rsquo;ACIDE HYALURONIQUE fragment\u00e9 pr\u00e9sent dans la formule.<\/p>\n<p>3\/ ILLUMINE LE TEINT<br \/>\nLe teint est \u00e9clatant gr\u00e2ce au Mannose, sucre r\u00e9g\u00e9n\u00e9rant pour optimiser l&rsquo;interaction de la lumi\u00e8re avec la peau.<\/p>\n<p>4\/ R\u00c9PARE ET APAISE<br \/>\nGr\u00e2ce au Mad\u00e9cassoside r\u00e9parateur et \u00e0 la Neurosensine (peptide apaisant).<\/p>\n<p>Les rides sont r\u00e9duites. La peau retrouve son \u00e9clat et le teint est unifi\u00e9.<\/p>\n","protected":false},"excerpt":{"rendered":"<p>Une cr\u00e8me anti-rides \u00e9clat con\u00e7ue pour les peaux normales \u00e0 mixtes. Elle lisse visiblement les rides, hydrate la peau et ravive son \u00e9clat naturel.<\/p>\n","protected":false},"featured_media":1911,"comment_status":"open","ping_status":"closed","template":"","meta":{"om_disable_all_campaigns":false,"_monsterinsights_skip_tracking":false,"_monsterinsights_sitenote_active":false,"_monsterinsights_sitenote_note":"","_monsterinsights_sitenote_category":0},"product_brand":[],"product_cat":[256,16,22,18],"product_tag":[],"class_list":{"0":"post-2126","1":"product","2":"type-product","3":"status-publish","4":"has-post-thumbnail","6":"product_cat-la-roche-posay","7":"product_cat-boutique","8":"product_cat-soin-de-peau","9":"product_cat-visage","10":"thunk-woo-product-list","11":"opn-qv-enable","12":"big-store-woo-hover-zoom","13":"open-single-product-tab-horizontal","14":"open-shadow-","15":"open-shadow-hover-","17":"first","18":"instock","19":"sale","20":"taxable","21":"shipping-taxable","22":"purchasable","23":"product-type-simple"},"aioseo_notices":[],"_links":{"self":[{"href":"https:\/\/para-orchidee.com\/index.php?rest_route=\/wp\/v2\/product\/2126","targetHints":{"allow":["GET"]}}],"collection":[{"href":"https:\/\/para-orchidee.com\/index.php?rest_route=\/wp\/v2\/product"}],"about":[{"href":"https:\/\/para-orchidee.com\/index.php?rest_route=\/wp\/v2\/types\/product"}],"replies":[{"embeddable":true,"href":"https:\/\/para-orchidee.com\/index.php?rest_route=%2Fwp%2Fv2%2Fcomments&post=2126"}],"wp:featuredmedia":[{"embeddable":true,"href":"https:\/\/para-orchidee.com\/index.php?rest_route=\/wp\/v2\/media\/1911"}],"wp:attachment":[{"href":"https:\/\/para-orchidee.com\/index.php?rest_route=%2Fwp%2Fv2%2Fmedia&parent=2126"}],"wp:term":[{"taxonomy":"product_brand","embeddable":true,"href":"https:\/\/para-orchidee.com\/index.php?rest_route=%2Fwp%2Fv2%2Fproduct_brand&post=2126"},{"taxonomy":"product_cat","embeddable":true,"href":"https:\/\/para-orchidee.com\/index.php?rest_route=%2Fwp%2Fv2%2Fproduct_cat&post=2126"},{"taxonomy":"product_tag","embeddable":true,"href":"https:\/\/para-orchidee.com\/index.php?rest_route=%2Fwp%2Fv2%2Fproduct_tag&post=2126"}],"curies":[{"name":"wp","href":"https:\/\/api.w.org\/{rel}","templated":true}]}}