{"id":2135,"date":"2025-01-07T10:36:31","date_gmt":"2025-01-07T10:36:31","guid":{"rendered":"https:\/\/xn--Para-orchide-leb.com\/?product=toleriane-dermo-nettoyant-400ml"},"modified":"2025-01-14T18:57:33","modified_gmt":"2025-01-14T18:57:33","slug":"toleriane-dermo-nettoyant-400ml","status":"publish","type":"product","link":"https:\/\/para-orchidee.com\/?product=toleriane-dermo-nettoyant-400ml&lang=fr","title":{"rendered":"TOLERIANE DERMO-NETTOYANT 400ML"},"content":{"rendered":"<p>La Roche Posay Tol\u00e9riane Dermo-nettoyant Ce fluide d\u00e9maquillant nettoie et \u00e9limine toutes les traces de maquillage qui obstruent les pores de votre peau. Lib\u00e9r\u00e9e en profondeur, les peaux intol\u00e9rantes peuvent respirer pleinement. Hydratant et adoucissant, il convient parfaitement \u00e0 tous les types de peaux intol\u00e9rantes<\/p>\n<p>Conseils d&rsquo;utilisation:<\/p>\n<ul>\n<li>Appliquez du bout des doigts, en massant de mani\u00e8re circulaire, puis essuyer soigneusement \u00e0 l\u2019aide d\u2019un coton, sans frotter.<\/li>\n<li>S\u2019utilise avec ou sans rin\u00e7age.<\/li>\n<li>Sa formule ne contient que 8 ingr\u00e9dients pour minimiser les risques d\u2019allergie.<\/li>\n<li>Pour un maquillage des yeux soutenu, utiliser un d\u00e9maquillant sp\u00e9cifique<\/li>\n<\/ul>\n","protected":false},"excerpt":{"rendered":"<p>Lait d\u00e9maquillant et fluide nettoyant : une double action pour \u00e9liminer le maquillage et purifier la peau en douceur, tout en respectant son \u00e9quilibre.<\/p>\n","protected":false},"featured_media":1918,"comment_status":"open","ping_status":"closed","template":"","meta":{"om_disable_all_campaigns":false,"_monsterinsights_skip_tracking":false,"_monsterinsights_sitenote_active":false,"_monsterinsights_sitenote_note":"","_monsterinsights_sitenote_category":0},"product_brand":[],"product_cat":[256,16,18],"product_tag":[],"class_list":{"0":"post-2135","1":"product","2":"type-product","3":"status-publish","4":"has-post-thumbnail","6":"product_cat-la-roche-posay","7":"product_cat-boutique","8":"product_cat-visage","9":"thunk-woo-product-list","10":"opn-qv-enable","11":"big-store-woo-hover-zoom","12":"open-single-product-tab-horizontal","13":"open-shadow-","14":"open-shadow-hover-","16":"first","17":"instock","18":"sale","19":"taxable","20":"shipping-taxable","21":"purchasable","22":"product-type-simple"},"aioseo_notices":[],"_links":{"self":[{"href":"https:\/\/para-orchidee.com\/index.php?rest_route=\/wp\/v2\/product\/2135","targetHints":{"allow":["GET"]}}],"collection":[{"href":"https:\/\/para-orchidee.com\/index.php?rest_route=\/wp\/v2\/product"}],"about":[{"href":"https:\/\/para-orchidee.com\/index.php?rest_route=\/wp\/v2\/types\/product"}],"replies":[{"embeddable":true,"href":"https:\/\/para-orchidee.com\/index.php?rest_route=%2Fwp%2Fv2%2Fcomments&post=2135"}],"wp:featuredmedia":[{"embeddable":true,"href":"https:\/\/para-orchidee.com\/index.php?rest_route=\/wp\/v2\/media\/1918"}],"wp:attachment":[{"href":"https:\/\/para-orchidee.com\/index.php?rest_route=%2Fwp%2Fv2%2Fmedia&parent=2135"}],"wp:term":[{"taxonomy":"product_brand","embeddable":true,"href":"https:\/\/para-orchidee.com\/index.php?rest_route=%2Fwp%2Fv2%2Fproduct_brand&post=2135"},{"taxonomy":"product_cat","embeddable":true,"href":"https:\/\/para-orchidee.com\/index.php?rest_route=%2Fwp%2Fv2%2Fproduct_cat&post=2135"},{"taxonomy":"product_tag","embeddable":true,"href":"https:\/\/para-orchidee.com\/index.php?rest_route=%2Fwp%2Fv2%2Fproduct_tag&post=2135"}],"curies":[{"name":"wp","href":"https:\/\/api.w.org\/{rel}","templated":true}]}}