{"id":2137,"date":"2025-01-07T10:36:39","date_gmt":"2025-01-07T10:36:39","guid":{"rendered":"https:\/\/xn--Para-orchide-leb.com\/?product=kerium-doux-extreme-shampoing-cuir-chevelu-sensible-400ml"},"modified":"2025-01-14T21:22:05","modified_gmt":"2025-01-14T21:22:05","slug":"kerium-doux-extreme-shampoing-cuir-chevelu-sensible-400ml","status":"publish","type":"product","link":"https:\/\/para-orchidee.com\/?product=kerium-doux-extreme-shampoing-cuir-chevelu-sensible-400ml&lang=fr","title":{"rendered":"Kerium Doux Extr\u00eame Shampoing &#8211; 400ML"},"content":{"rendered":"<p>Shampooing-gel physiologique. Apaisant anti-d\u00e9mangeaisons. Brillance et haute nutrition. Cheveux l\u00e9gers, doux et brillants.<\/p>\n<p>Apaisement imm\u00e9diat et durable.<br \/>\nL\u00e9g\u00e8ret\u00e9, douceur et brillance.<\/p>\n<p>Probl\u00e8mes cibl\u00e9s :<br \/>\nD\u00e9shydratation de la peau<\/p>\n<p>Type de peau :<br \/>\nPeaux Tr\u00e8s s\u00e8ches<br \/>\nConvient aux Peaux sensibles<\/p>\n<p>\u00c2ge :<br \/>\n\u00c0 partir de 13 ans<\/p>\n<p>Cuir chevelu sensible. Cheveux normaux. Usage fr\u00e9quent.<br \/>\nFormul\u00e9 avec de l&rsquo;eau thermale de La Roche-Posay, KERIUM DOUX EXTREME procure une sensation de confort imm\u00e9diate et soulage durablement le cuir chevelu.<br \/>\nSans silicone pour un touch\u00e9 naturel. Test\u00e9 sous contr\u00f4le dermatologique.<\/p>\n<p>Confort et anti-d\u00e9mangeaisons.<\/p>\n","protected":false},"excerpt":{"rendered":"<p>Kerium Doux Extr\u00eame Shampoing Cuir Chevelu Sensible Shampooing-gel physiologique.<\/p>\n<p>Apaisant anti-d\u00e9mangeaisons. Brillance et haute nutrition.<\/p>\n","protected":false},"featured_media":1881,"comment_status":"open","ping_status":"closed","template":"","meta":{"om_disable_all_campaigns":false,"_monsterinsights_skip_tracking":false,"_monsterinsights_sitenote_active":false,"_monsterinsights_sitenote_note":"","_monsterinsights_sitenote_category":0},"product_brand":[],"product_cat":[256,16,17],"product_tag":[],"class_list":{"0":"post-2137","1":"product","2":"type-product","3":"status-publish","4":"has-post-thumbnail","6":"product_cat-la-roche-posay","7":"product_cat-boutique","8":"product_cat-cheveux","9":"thunk-woo-product-list","10":"opn-qv-enable","11":"big-store-woo-hover-zoom","12":"open-single-product-tab-horizontal","13":"open-shadow-","14":"open-shadow-hover-","16":"first","17":"instock","18":"sale","19":"taxable","20":"shipping-taxable","21":"purchasable","22":"product-type-simple"},"aioseo_notices":[],"_links":{"self":[{"href":"https:\/\/para-orchidee.com\/index.php?rest_route=\/wp\/v2\/product\/2137","targetHints":{"allow":["GET"]}}],"collection":[{"href":"https:\/\/para-orchidee.com\/index.php?rest_route=\/wp\/v2\/product"}],"about":[{"href":"https:\/\/para-orchidee.com\/index.php?rest_route=\/wp\/v2\/types\/product"}],"replies":[{"embeddable":true,"href":"https:\/\/para-orchidee.com\/index.php?rest_route=%2Fwp%2Fv2%2Fcomments&post=2137"}],"wp:featuredmedia":[{"embeddable":true,"href":"https:\/\/para-orchidee.com\/index.php?rest_route=\/wp\/v2\/media\/1881"}],"wp:attachment":[{"href":"https:\/\/para-orchidee.com\/index.php?rest_route=%2Fwp%2Fv2%2Fmedia&parent=2137"}],"wp:term":[{"taxonomy":"product_brand","embeddable":true,"href":"https:\/\/para-orchidee.com\/index.php?rest_route=%2Fwp%2Fv2%2Fproduct_brand&post=2137"},{"taxonomy":"product_cat","embeddable":true,"href":"https:\/\/para-orchidee.com\/index.php?rest_route=%2Fwp%2Fv2%2Fproduct_cat&post=2137"},{"taxonomy":"product_tag","embeddable":true,"href":"https:\/\/para-orchidee.com\/index.php?rest_route=%2Fwp%2Fv2%2Fproduct_tag&post=2137"}],"curies":[{"name":"wp","href":"https:\/\/api.w.org\/{rel}","templated":true}]}}