{"id":2149,"date":"2025-01-07T10:36:39","date_gmt":"2025-01-07T10:36:39","guid":{"rendered":"https:\/\/xn--Para-orchide-leb.com\/?product=hydraphase-ha-yeux-contour-des-yeux-15-ml"},"modified":"2025-01-14T23:09:18","modified_gmt":"2025-01-14T23:09:18","slug":"hydraphase-ha-yeux-contour-des-yeux-15-ml","status":"publish","type":"product","link":"https:\/\/para-orchidee.com\/?product=hydraphase-ha-yeux-contour-des-yeux-15-ml&lang=fr","title":{"rendered":"HYDRAPHASE HA YEUX CONTOUR DES YEUX &#8211; 15 ML"},"content":{"rendered":"<p>Soin contour des yeux hydratant et anti-fatigue \u00e0 l&rsquo;Acide Hyaluronique.<\/p>\n<p>B\u00c9N\u00c9FICES<br \/>\nSoin contour des yeux r\u00e9hydratant anti-poches et paupi\u00e8res gonfl\u00e9es. Concentr\u00e9 en Acide Hyaluronique d&rsquo;origine naturelle issu de la technologie verte et en Eau Thermale de La Roche-Posay. Associ\u00e9 \u00e0 la Caf\u00e9ine, anti-fatigue.<\/p>\n<p>INDICATION<br \/>\nAdapt\u00e9 pour les yeux sensibles et les porteurs de lentilles.<br \/>\nContour des yeux d\u00e9shydrat\u00e9, fatigu\u00e9 et en manque d&rsquo;\u00e9clat.<br \/>\nCernes, poches.<br \/>\nTest\u00e9 sous contr\u00f4le ophtalmologique.<\/p>\n<p>Probl\u00e8mes cibl\u00e9s :<br \/>\nPoches<br \/>\nPaupi\u00e8res gonfl\u00e9es<br \/>\nD\u00e9shydratation<br \/>\nSignes de fatigue<\/p>\n<p>Type de peau :<br \/>\nTous types de Peaux<br \/>\nConvient aux Peaux sensibles et deshydrat\u00e9es<\/p>\n<p>\u00c2ge :<br \/>\n\u00c0 partir de 16 ans<\/p>\n<p>Ce soin pour le contour des yeux sensibles et d\u00e9shydrat\u00e9s, combine des puissants actifs dermatologiques d&rsquo;origine naturelle pour :<\/p>\n<p>1\/ HYDRATER LE CONTOUR DES YEUX<br \/>\nCe contour des yeux est enrichi en Acide Hyaluronique Pur, ingr\u00e9dient hydratant de r\u00e9f\u00e9rence, et en Eau Thermale de La Roche-Posay \u00e0 haute concentration, pour infuser intens\u00e9ment la peau en eau.<\/p>\n<p>2\/ D\u00c9GONFLER L&rsquo;APPARENCE DES POCHES<br \/>\nLa caf\u00e9ine pr\u00e9sente dans la formulation de ce soin yeux aide \u00e0 diminuer efficacement les poches de la zone du contour de l&rsquo;\u0153il.<\/p>\n<p>3\/ UN SOIN ENGAG\u00c9 POUR VOTRE PEAU ET POUR LA PLAN\u00c8TE<br \/>\nHydraphase HA s&rsquo;engage \u00e0 pr\u00e9server la sant\u00e9 de votre peau et de la plan\u00e8te en combinant le meilleur de l&rsquo;efficacit\u00e9 et un engagement plus responsable. L&rsquo;Acide Hyaluronique est d&rsquo;origine naturelle et issu de la technologie verte, un processus de biofermentation utilisant des sucres v\u00e9g\u00e9taux. L&rsquo;Eau Thermale de La Roche-Posay est pure et provient d&rsquo;une source renouvelable, pr\u00e9serv\u00e9e de toute pollution. Hydraphase HA est fabriqu\u00e9 en France, sur un site de production carbone-neutre, 100 % \u00e9nergie verte.<\/p>\n<p>Le contour des yeux est intens\u00e9ment r\u00e9hydrat\u00e9, les poches semblent estomp\u00e9es, le regard para\u00eet repos\u00e9.<\/p>\n","protected":false},"excerpt":{"rendered":"<p>LA ROCHE POSAY HYDRAPHASE HA YEUX CONTOUR DES YEUX\u00a0 : Soin Contour des Yeux Hydratant et Anti-Fatigue \u00e0 l&rsquo;Acide Hyaluronique<\/p>\n","protected":false},"featured_media":1874,"comment_status":"open","ping_status":"closed","template":"","meta":{"om_disable_all_campaigns":false,"_monsterinsights_skip_tracking":false,"_monsterinsights_sitenote_active":false,"_monsterinsights_sitenote_note":"","_monsterinsights_sitenote_category":0},"product_brand":[],"product_cat":[256,16,18],"product_tag":[],"class_list":{"0":"post-2149","1":"product","2":"type-product","3":"status-publish","4":"has-post-thumbnail","6":"product_cat-la-roche-posay","7":"product_cat-boutique","8":"product_cat-visage","9":"thunk-woo-product-list","10":"opn-qv-enable","11":"big-store-woo-hover-zoom","12":"open-single-product-tab-horizontal","13":"open-shadow-","14":"open-shadow-hover-","16":"first","17":"instock","18":"sale","19":"taxable","20":"shipping-taxable","21":"purchasable","22":"product-type-simple"},"aioseo_notices":[],"_links":{"self":[{"href":"https:\/\/para-orchidee.com\/index.php?rest_route=\/wp\/v2\/product\/2149","targetHints":{"allow":["GET"]}}],"collection":[{"href":"https:\/\/para-orchidee.com\/index.php?rest_route=\/wp\/v2\/product"}],"about":[{"href":"https:\/\/para-orchidee.com\/index.php?rest_route=\/wp\/v2\/types\/product"}],"replies":[{"embeddable":true,"href":"https:\/\/para-orchidee.com\/index.php?rest_route=%2Fwp%2Fv2%2Fcomments&post=2149"}],"wp:featuredmedia":[{"embeddable":true,"href":"https:\/\/para-orchidee.com\/index.php?rest_route=\/wp\/v2\/media\/1874"}],"wp:attachment":[{"href":"https:\/\/para-orchidee.com\/index.php?rest_route=%2Fwp%2Fv2%2Fmedia&parent=2149"}],"wp:term":[{"taxonomy":"product_brand","embeddable":true,"href":"https:\/\/para-orchidee.com\/index.php?rest_route=%2Fwp%2Fv2%2Fproduct_brand&post=2149"},{"taxonomy":"product_cat","embeddable":true,"href":"https:\/\/para-orchidee.com\/index.php?rest_route=%2Fwp%2Fv2%2Fproduct_cat&post=2149"},{"taxonomy":"product_tag","embeddable":true,"href":"https:\/\/para-orchidee.com\/index.php?rest_route=%2Fwp%2Fv2%2Fproduct_tag&post=2149"}],"curies":[{"name":"wp","href":"https:\/\/api.w.org\/{rel}","templated":true}]}}