{"id":2152,"date":"2025-01-07T10:36:40","date_gmt":"2025-01-07T10:36:40","guid":{"rendered":"https:\/\/xn--Para-orchide-leb.com\/?product=eau-micellaire-ultra-200-ml"},"modified":"2025-01-14T23:32:59","modified_gmt":"2025-01-14T23:32:59","slug":"eau-micellaire-ultra-200-ml","status":"publish","type":"product","link":"https:\/\/para-orchidee.com\/?product=eau-micellaire-ultra-200-ml&lang=fr","title":{"rendered":"EAU MICELLAIRE ULTRA &#8211; 200 ML"},"content":{"rendered":"<p>Les peaux sensibles n&rsquo;ont plus \u00e0 choisir entre tol\u00e9rance et efficacit\u00e9 pour leur d\u00e9maquillage.<\/p>\n<p>ULTRA EFFICACE : Gr\u00e2ce \u00e0 une technologie micellaire in\u00e9dite \u00e0 base de tensioactifs doux et de glyc\u00e9rine, Toleriane Eau Micellaire Peaux R\u00e9actives de La Roche Posay nettoie et \u00e9limine les impuret\u00e9s, le maquillage et les particules fines de pollution. Elle \u00e9limine 98% du fond de teint, avec 1 seul coton.*<\/p>\n<p>ULTRA APAISANT : Toleriane Eau Micellaire d\u00e9maquillante de La Roche Posay est enrichie en glyc\u00e9rine hydratante \u00e0 5% pour apporter plus de confort pour la peau r\u00e9active. Efficacit\u00e9 anti-tiraillements et anti-rougeurs.<\/p>\n<p>ULTRA TOL\u00c9RANCE : Toleriane Eau Micellaire d\u00e9maquillante sans parfum de La Roche Posay est test\u00e9e sous contr\u00f4le dermatologique et ophtalmologique sur les peaux r\u00e9actives. Sans parfum. Sans alcool.<\/p>\n<p>Type de peau : :<br \/>\nSensible<br \/>\nTous types de peaux<\/p>\n<p>Effet soin :<br \/>\nD\u00e9maquille<br \/>\nNettoyant<br \/>\nAnti-rougeurs<\/p>\n<p>Nettoie, d\u00e9maquille, apaise.<\/p>\n<p>Efficacit\u00e9 d\u00e9maquillante : \u00e9limine 98% du fond de teint avec 1 seul coton*<\/p>\n<p>Efficacit\u00e9 anti-pollution<\/p>\n<p>Efficacit\u00e9 Anti-tiraillements.<\/p>\n","protected":false},"excerpt":{"rendered":"<p>LA ROCHE POSAY Toleriane Eau micellaire Peaux r\u00e9actives A l&rsquo;eau thermale de La Roche-Posay Nettoie et D\u00e9maquille la peau. Visage et yeux sensibles.<\/p>\n","protected":false},"featured_media":1858,"comment_status":"open","ping_status":"closed","template":"","meta":{"om_disable_all_campaigns":false,"_monsterinsights_skip_tracking":false,"_monsterinsights_sitenote_active":false,"_monsterinsights_sitenote_note":"","_monsterinsights_sitenote_category":0},"product_brand":[],"product_cat":[256,16,22,18],"product_tag":[],"class_list":{"0":"post-2152","1":"product","2":"type-product","3":"status-publish","4":"has-post-thumbnail","6":"product_cat-la-roche-posay","7":"product_cat-boutique","8":"product_cat-soin-de-peau","9":"product_cat-visage","10":"thunk-woo-product-list","11":"opn-qv-enable","12":"big-store-woo-hover-zoom","13":"open-single-product-tab-horizontal","14":"open-shadow-","15":"open-shadow-hover-","17":"first","18":"instock","19":"sale","20":"taxable","21":"shipping-taxable","22":"purchasable","23":"product-type-simple"},"aioseo_notices":[],"_links":{"self":[{"href":"https:\/\/para-orchidee.com\/index.php?rest_route=\/wp\/v2\/product\/2152","targetHints":{"allow":["GET"]}}],"collection":[{"href":"https:\/\/para-orchidee.com\/index.php?rest_route=\/wp\/v2\/product"}],"about":[{"href":"https:\/\/para-orchidee.com\/index.php?rest_route=\/wp\/v2\/types\/product"}],"replies":[{"embeddable":true,"href":"https:\/\/para-orchidee.com\/index.php?rest_route=%2Fwp%2Fv2%2Fcomments&post=2152"}],"wp:featuredmedia":[{"embeddable":true,"href":"https:\/\/para-orchidee.com\/index.php?rest_route=\/wp\/v2\/media\/1858"}],"wp:attachment":[{"href":"https:\/\/para-orchidee.com\/index.php?rest_route=%2Fwp%2Fv2%2Fmedia&parent=2152"}],"wp:term":[{"taxonomy":"product_brand","embeddable":true,"href":"https:\/\/para-orchidee.com\/index.php?rest_route=%2Fwp%2Fv2%2Fproduct_brand&post=2152"},{"taxonomy":"product_cat","embeddable":true,"href":"https:\/\/para-orchidee.com\/index.php?rest_route=%2Fwp%2Fv2%2Fproduct_cat&post=2152"},{"taxonomy":"product_tag","embeddable":true,"href":"https:\/\/para-orchidee.com\/index.php?rest_route=%2Fwp%2Fv2%2Fproduct_tag&post=2152"}],"curies":[{"name":"wp","href":"https:\/\/api.w.org\/{rel}","templated":true}]}}