{"id":2153,"date":"2025-01-07T10:36:32","date_gmt":"2025-01-07T10:36:32","guid":{"rendered":"https:\/\/xn--Para-orchide-leb.com\/?product=respectissime-contour-de-loeil-noir"},"modified":"2025-01-14T23:36:52","modified_gmt":"2025-01-14T23:36:52","slug":"respectissime-contour-de-loeil-noir","status":"publish","type":"product","link":"https:\/\/para-orchidee.com\/?product=respectissime-contour-de-loeil-noir&lang=fr","title":{"rendered":"RESPECTISSIME CONTOUR DE L&rsquo;OEIL NOIR"},"content":{"rendered":"<p>Caract\u00e9ristiques :<br \/>\nLe crayon yeux Toleriane Douceur de La Roche-Posay propose une formule douce pour respecter l\u2019\u00e9quilibre des yeux sensibles. Sa mine \u00e9molliente permet de moduler le trait pour obtenir un maquillage sophistiqu\u00e9 et appuy\u00e9 ou au contraire, l\u00e9ger et naturel. Ce crayon de maquillage assure une tenue irr\u00e9prochable gr\u00e2ce \u00e0 sa technologie anti-migration. Il est con\u00e7u pour :<\/p>\n<p>\u2013 souligner le contour des yeux sensibles.<br \/>\n\u2013 procurer de l\u2019intensit\u00e9 et de la profondeur au regard.<br \/>\n\u2013 permettre un trac\u00e9 pr\u00e9cis, modulable et doux.<br \/>\n\u2013 faciliter l\u2019application gr\u00e2ce \u00e0 sa texture glissante.<\/p>\n<p>S\u00e9curit\u00e9 :<br \/>\n\u2013 Hypoallerg\u00e9nique.<br \/>\n\u2013 Test\u00e9 sous contr\u00f4le ophtalmologique.<br \/>\n\u2013 Convient aux porteurs de lentilles.<\/p>\n<p>Ingr\u00e9dients &amp; Principes Actifs Cl\u00e9s :<br \/>\n\u2013 Triglyc\u00e9rides : lipides issus de l\u2019huile de noix de coco et qui poss\u00e8dent des propri\u00e9t\u00e9s \u00e9mollientes et hydratantes.<br \/>\n\u2013 Cire d\u2019Abeille : connue pour lisser la peau et qui assure de la tenue au kh\u00f4l gr\u00e2ce \u00e0 son action filmog\u00e8ne.<br \/>\n\u2013 Huile de Ricin : donne une texture glissante pour faciliter l\u2019application du crayon.<br \/>\n\u2013 Cire de Candelilla : une cire v\u00e9g\u00e9tale \u00e0 la texture dure et cassante qui contribue \u00e0 am\u00e9liorer la tenue du kh\u00f4l tout en pr\u00e9servant l\u2019\u00e9quilibre lipidique de la peau.<br \/>\n\u2013 Mica : un min\u00e9ral naturel qui donne sa couleur noire au kh\u00f4l et procure un touch\u00e9 tr\u00e8s doux.<\/p>\n<p>Conseils d\u2019Utilisation :<br \/>\nL\u2019application de ce crayon kh\u00f4l s\u2019effectue du coin externe de l\u2019\u0153il vers le coin interne de la paupi\u00e8re. Il est conseill\u00e9 de dessiner une ligne plus ou moins \u00e9paisse le long de la frange de cils sup\u00e9rieure, et\/ou de souligner l\u2019\u0153il d\u2019un trait sur la muqueuse inf\u00e9rieure de l\u2019\u0153il pour approfondir le regard.<\/p>\n<p>Composition :<br \/>\nLes listes d\u2019ingr\u00e9dients entrant dans la composition des produits de notre marque sont r\u00e9guli\u00e8rement mises \u00e0 jour. Avant d\u2019utiliser un produit de notre marque, vous \u00eates invit\u00e9s \u00e0 lire la liste d\u2019ingr\u00e9dients figurant sur son emballage afin de vous assurer que les ingr\u00e9dients sont adapt\u00e9s \u00e0 votre utilisation personnelle.<\/p>\n","protected":false},"excerpt":{"rendered":"<p>Yeux sensibles et porteurs de lentilles.<br \/>\nAvec sa mine ultra \u00e9molliente, ce crayon mine dessine sur la paupi\u00e8re un trait doux, intense et modulable. Tenue anti-migration.<\/p>\n","protected":false},"featured_media":1913,"comment_status":"open","ping_status":"closed","template":"","meta":{"om_disable_all_campaigns":false,"_monsterinsights_skip_tracking":false,"_monsterinsights_sitenote_active":false,"_monsterinsights_sitenote_note":"","_monsterinsights_sitenote_category":0},"product_brand":[],"product_cat":[256,16],"product_tag":[],"class_list":{"0":"post-2153","1":"product","2":"type-product","3":"status-publish","4":"has-post-thumbnail","6":"product_cat-la-roche-posay","7":"product_cat-boutique","8":"thunk-woo-product-list","9":"opn-qv-enable","10":"big-store-woo-hover-zoom","11":"open-single-product-tab-horizontal","12":"open-shadow-","13":"open-shadow-hover-","15":"first","16":"instock","17":"sale","18":"taxable","19":"shipping-taxable","20":"purchasable","21":"product-type-simple"},"aioseo_notices":[],"_links":{"self":[{"href":"https:\/\/para-orchidee.com\/index.php?rest_route=\/wp\/v2\/product\/2153","targetHints":{"allow":["GET"]}}],"collection":[{"href":"https:\/\/para-orchidee.com\/index.php?rest_route=\/wp\/v2\/product"}],"about":[{"href":"https:\/\/para-orchidee.com\/index.php?rest_route=\/wp\/v2\/types\/product"}],"replies":[{"embeddable":true,"href":"https:\/\/para-orchidee.com\/index.php?rest_route=%2Fwp%2Fv2%2Fcomments&post=2153"}],"wp:featuredmedia":[{"embeddable":true,"href":"https:\/\/para-orchidee.com\/index.php?rest_route=\/wp\/v2\/media\/1913"}],"wp:attachment":[{"href":"https:\/\/para-orchidee.com\/index.php?rest_route=%2Fwp%2Fv2%2Fmedia&parent=2153"}],"wp:term":[{"taxonomy":"product_brand","embeddable":true,"href":"https:\/\/para-orchidee.com\/index.php?rest_route=%2Fwp%2Fv2%2Fproduct_brand&post=2153"},{"taxonomy":"product_cat","embeddable":true,"href":"https:\/\/para-orchidee.com\/index.php?rest_route=%2Fwp%2Fv2%2Fproduct_cat&post=2153"},{"taxonomy":"product_tag","embeddable":true,"href":"https:\/\/para-orchidee.com\/index.php?rest_route=%2Fwp%2Fv2%2Fproduct_tag&post=2153"}],"curies":[{"name":"wp","href":"https:\/\/api.w.org\/{rel}","templated":true}]}}