{"id":2154,"date":"2025-01-07T10:36:33","date_gmt":"2025-01-07T10:36:33","guid":{"rendered":"https:\/\/xn--Para-orchide-leb.com\/?product=mousse-deau-micellaire-nettoyante-150-ml"},"modified":"2025-01-14T23:45:14","modified_gmt":"2025-01-14T23:45:14","slug":"mousse-deau-micellaire-nettoyante-150-ml","status":"publish","type":"product","link":"https:\/\/para-orchidee.com\/?product=mousse-deau-micellaire-nettoyante-150-ml&lang=fr","title":{"rendered":"MOUSSE D&rsquo;EAU MICELLAIRE NETTOYANTE 150 ML"},"content":{"rendered":"<p>Caract\u00e9ristiques :<br \/>\nEAU MICELLAIRE Mousse de La Roche-Posay nettoie en douceur les peaux sensibles.<\/p>\n<p>S\u00e9curit\u00e9 :<br \/>\n\u2013 pH physiologique.<br \/>\n\u2013 Sans Savon.<br \/>\n\u2013 Sans Alcool.<br \/>\n\u2013 Sans Colorant.<br \/>\n\u2013 Sans Parab\u00e8ne.<\/p>\n<p>Ingr\u00e9dients &amp; Principes Actifs Cl\u00e9s :<br \/>\nAgents nettoyants s\u00e9lectionn\u00e9s pour une tol\u00e9rance optimale.<\/p>\n<p>Conseils d\u2019Utilisation :<br \/>\n\u2013 Appliquer du bout des doigts la mousse obtenue sur l\u2019ensemble du visage.<br \/>\n\u2013 Masser l\u00e9g\u00e8rement puis rincer.<\/p>\n<p>Eviter le contour des yeux.<\/p>\n<p>Composition :<br \/>\nLes listes d\u2019ingr\u00e9dients entrant dans la composition des produits de notre marque sont r\u00e9guli\u00e8rement mises \u00e0 jour. Avant d\u2019utiliser un produit de notre marque, vous \u00eates invit\u00e9s \u00e0 lire la liste d\u2019ingr\u00e9dients figurant sur son emballage afin de vous assurer que les ingr\u00e9dients sont adapt\u00e9s \u00e0 votre utilisation personnelle.<\/p>\n","protected":false},"excerpt":{"rendered":"<p>La mousse d\u2019eau micellaire <strong>La Roche-Posay<\/strong> nettoie en douceur les peaux sensibles, \u00e9liminant impuret\u00e9s et maquillage tout en respectant l\u2019\u00e9quilibre naturel de la peau.<\/p>\n","protected":false},"featured_media":1903,"comment_status":"open","ping_status":"closed","template":"","meta":{"om_disable_all_campaigns":false,"_monsterinsights_skip_tracking":false,"_monsterinsights_sitenote_active":false,"_monsterinsights_sitenote_note":"","_monsterinsights_sitenote_category":0},"product_brand":[],"product_cat":[256,16,22,18],"product_tag":[],"class_list":{"0":"post-2154","1":"product","2":"type-product","3":"status-publish","4":"has-post-thumbnail","6":"product_cat-la-roche-posay","7":"product_cat-boutique","8":"product_cat-soin-de-peau","9":"product_cat-visage","10":"thunk-woo-product-list","11":"opn-qv-enable","12":"big-store-woo-hover-zoom","13":"open-single-product-tab-horizontal","14":"open-shadow-","15":"open-shadow-hover-","17":"first","18":"instock","19":"sale","20":"taxable","21":"shipping-taxable","22":"purchasable","23":"product-type-simple"},"aioseo_notices":[],"_links":{"self":[{"href":"https:\/\/para-orchidee.com\/index.php?rest_route=\/wp\/v2\/product\/2154","targetHints":{"allow":["GET"]}}],"collection":[{"href":"https:\/\/para-orchidee.com\/index.php?rest_route=\/wp\/v2\/product"}],"about":[{"href":"https:\/\/para-orchidee.com\/index.php?rest_route=\/wp\/v2\/types\/product"}],"replies":[{"embeddable":true,"href":"https:\/\/para-orchidee.com\/index.php?rest_route=%2Fwp%2Fv2%2Fcomments&post=2154"}],"wp:featuredmedia":[{"embeddable":true,"href":"https:\/\/para-orchidee.com\/index.php?rest_route=\/wp\/v2\/media\/1903"}],"wp:attachment":[{"href":"https:\/\/para-orchidee.com\/index.php?rest_route=%2Fwp%2Fv2%2Fmedia&parent=2154"}],"wp:term":[{"taxonomy":"product_brand","embeddable":true,"href":"https:\/\/para-orchidee.com\/index.php?rest_route=%2Fwp%2Fv2%2Fproduct_brand&post=2154"},{"taxonomy":"product_cat","embeddable":true,"href":"https:\/\/para-orchidee.com\/index.php?rest_route=%2Fwp%2Fv2%2Fproduct_cat&post=2154"},{"taxonomy":"product_tag","embeddable":true,"href":"https:\/\/para-orchidee.com\/index.php?rest_route=%2Fwp%2Fv2%2Fproduct_tag&post=2154"}],"curies":[{"name":"wp","href":"https:\/\/api.w.org\/{rel}","templated":true}]}}