{"id":2449,"date":"2025-01-18T18:05:28","date_gmt":"2025-01-18T18:05:28","guid":{"rendered":"https:\/\/Para-orchid\u00e9e.com\/?product=dercos-shampoing-anti-pelliculaire-psolution-200ml"},"modified":"2025-01-20T22:38:45","modified_gmt":"2025-01-20T22:38:45","slug":"dercos-shampoing-anti-pelliculaire-psolution-200ml","status":"publish","type":"product","link":"https:\/\/para-orchidee.com\/?product=dercos-shampoing-anti-pelliculaire-psolution-200ml&lang=fr","title":{"rendered":"Dercos Shampoing Anti-Pelliculaire PSOLUTION &#8211; 200ml"},"content":{"rendered":"<div class=\"f9bf7997 c05b5566\">\n<div class=\"ds-markdown ds-markdown--block\"><\/div>\n<\/div>\n<div class=\"f9bf7997 d7dc56a8 c05b5566\">\n<div class=\"eb23581b dfa60d66\">\n<p><strong>1. Introduction<\/strong><br \/>\nDercos Shampoing Anti-Pelliculaire PSOLUTION est une solution compl\u00e8te pour \u00e9liminer les pellicules et apaiser les cuirs chevelus sensibles.<\/p>\n<p>D\u00e9velopp\u00e9 par les laboratoires Vichy, ce shampoing combine efficacit\u00e9 et douceur pour un usage fr\u00e9quent, adapt\u00e9 \u00e0 tous les types de cheveux, m\u00eame les plus fragiles.<\/p>\n<p><strong>2. Formule active<\/strong><br \/>\nSa formule innovante contient du S\u00e9l\u00e9nium DS, un actif cliniquement prouv\u00e9 pour son action antifongique et apaisante. Il \u00e9limine les pellicules tout en r\u00e9gulant la production de s\u00e9bum, r\u00e9duisant ainsi leur r\u00e9apparition. Enrichi en agents nourrissants, il pr\u00e9serve l\u2019hydratation du cuir chevelu sans l\u2019agresser.<\/p>\n<p><strong>3. Action anti-pelliculaire<\/strong><br \/>\nD\u00e8s la premi\u00e8re utilisation, le shampoing p\u00e9n\u00e8tre en profondeur pour \u00e9liminer les pellicules visibles et calmer les irritations.<\/p>\n<p>Il restaure la barri\u00e8re protectrice du cuir chevelu, pr\u00e9vient les r\u00e9cidives et offre un soulagement durable des d\u00e9mangeaisons et des tiraillements.<\/p>\n<p><strong>4. Texture et parfum<\/strong><br \/>\nAvec sa texture l\u00e9g\u00e8re et son parfum frais et subtil, ce shampoing transforme le moment du lavage en une exp\u00e9rience sensorielle agr\u00e9able. Il mousse g\u00e9n\u00e9reusement pour un nettoyage en profondeur, \u00e9liminant les impuret\u00e9s tout en laissant les cheveux doux, l\u00e9gers et le cuir chevelu apais\u00e9.<\/p>\n<p><strong>5. Utilisation recommand\u00e9e<\/strong><br \/>\nAppliquez une noisette de produit sur cheveux mouill\u00e9s, puis massez d\u00e9licatement le cuir chevelu pour activer son action purifiante. Rincez abondamment \u00e0 l\u2019eau ti\u00e8de.<\/p>\n<p>Pour des r\u00e9sultats optimaux, utilisez-le 2 \u00e0 3 fois par semaine, en alternance avec un shampoing doux si n\u00e9cessaire.<\/p>\n<p><strong>6. R\u00e9sultats visibles<\/strong><br \/>\nD\u00e8s les premi\u00e8res applications, les pellicules disparaissent, et le cuir chevelu retrouve son \u00e9quilibre naturel.<\/p>\n<p>Les cheveux sont plus sains, plus forts et moins sujets aux irritations. Une utilisation r\u00e9guli\u00e8re pr\u00e9vient la r\u00e9apparition des pellicules et maintient un cuir chevelu sain.<\/p>\n<p><strong>7. Packaging pratique<\/strong><br \/>\nLe flacon de 200 ml, au design ergonomique et moderne, est facile \u00e0 manipuler et parfait pour un usage quotidien ou en voyage.<\/p>\n<p>Son format compact et son bouchon pratique permettent une application pr\u00e9cise et \u00e9conomique, pour un soin accessible au quotidien.<\/p>\n<\/div>\n<\/div>\n","protected":false},"excerpt":{"rendered":"<p>DERCOS Shampooing traitant k\u00e9rato-r\u00e9ducteur pour combattre tous les sympt\u00f4mes du psoriasis du cuir chevelu Anti-squames &amp; Anti-d\u00e9mangeaisons.<\/p>\n","protected":false},"featured_media":2047,"comment_status":"open","ping_status":"closed","template":"","meta":{"om_disable_all_campaigns":false,"_monsterinsights_skip_tracking":false,"_monsterinsights_sitenote_active":false,"_monsterinsights_sitenote_note":"","_monsterinsights_sitenote_category":0},"product_brand":[],"product_cat":[254,16,17],"product_tag":[],"class_list":{"0":"post-2449","1":"product","2":"type-product","3":"status-publish","4":"has-post-thumbnail","6":"product_cat-vichy","7":"product_cat-boutique","8":"product_cat-cheveux","9":"thunk-woo-product-list","10":"opn-qv-enable","11":"big-store-woo-hover-zoom","12":"open-single-product-tab-horizontal","13":"open-shadow-","14":"open-shadow-hover-","16":"first","17":"instock","18":"sale","19":"taxable","20":"shipping-taxable","21":"purchasable","22":"product-type-simple"},"aioseo_notices":[],"_links":{"self":[{"href":"https:\/\/para-orchidee.com\/index.php?rest_route=\/wp\/v2\/product\/2449","targetHints":{"allow":["GET"]}}],"collection":[{"href":"https:\/\/para-orchidee.com\/index.php?rest_route=\/wp\/v2\/product"}],"about":[{"href":"https:\/\/para-orchidee.com\/index.php?rest_route=\/wp\/v2\/types\/product"}],"replies":[{"embeddable":true,"href":"https:\/\/para-orchidee.com\/index.php?rest_route=%2Fwp%2Fv2%2Fcomments&post=2449"}],"wp:featuredmedia":[{"embeddable":true,"href":"https:\/\/para-orchidee.com\/index.php?rest_route=\/wp\/v2\/media\/2047"}],"wp:attachment":[{"href":"https:\/\/para-orchidee.com\/index.php?rest_route=%2Fwp%2Fv2%2Fmedia&parent=2449"}],"wp:term":[{"taxonomy":"product_brand","embeddable":true,"href":"https:\/\/para-orchidee.com\/index.php?rest_route=%2Fwp%2Fv2%2Fproduct_brand&post=2449"},{"taxonomy":"product_cat","embeddable":true,"href":"https:\/\/para-orchidee.com\/index.php?rest_route=%2Fwp%2Fv2%2Fproduct_cat&post=2449"},{"taxonomy":"product_tag","embeddable":true,"href":"https:\/\/para-orchidee.com\/index.php?rest_route=%2Fwp%2Fv2%2Fproduct_tag&post=2449"}],"curies":[{"name":"wp","href":"https:\/\/api.w.org\/{rel}","templated":true}]}}