{"id":2477,"date":"2025-01-18T18:05:31","date_gmt":"2025-01-18T18:05:31","guid":{"rendered":"https:\/\/Para-orchid\u00e9e.com\/?product=ideal-soleil-spf50-brume-anti-sable-enfants-200ml"},"modified":"2025-01-20T22:39:40","modified_gmt":"2025-01-20T22:39:40","slug":"ideal-soleil-spf50-brume-anti-sable-enfants-200ml","status":"publish","type":"product","link":"https:\/\/para-orchidee.com\/?product=ideal-soleil-spf50-brume-anti-sable-enfants-200ml&lang=fr","title":{"rendered":"IDEAL SOLEIL SPF50+ BRUME ANTI-SABLE ENFANTS &#8211; 200ML"},"content":{"rendered":"<p>Vichy Ideal Soleil Brume Anti-Sable Enfants SPF50+ est sp\u00e9cialement formul\u00e9e pour prot\u00e9ger la peau sensible des enfants. Avec un format de 200 ml, cette brume solaire offre une protection \u00e9lev\u00e9e contre les rayons UVA et UVB. Sa technologie innovante permet un d\u00e9collement facile du sable, r\u00e9duisant ainsi les irritations dues au frottement. Ce produit est id\u00e9al pour les journ\u00e9es \u00e0 la plage.<\/p>\n<p>Enrichie en Eau Thermale de Vichy, cette brume fortifie et r\u00e9g\u00e9n\u00e8re la peau. Sa formule hypoallerg\u00e9nique est test\u00e9e sous contr\u00f4le dermatologique et p\u00e9diatrique, garantissant une tol\u00e9rance maximale. Non parfum\u00e9e, elle convient parfaitement aux peaux d\u00e9licates des enfants. Les parents appr\u00e9cieront \u00e9galement sa r\u00e9sistance \u00e0 l&rsquo;eau, offrant une protection durable m\u00eame lors des baignades.<\/p>\n<p>L&rsquo;application de cette brume est simple et rapide gr\u00e2ce \u00e0 son format spray. Il suffit de bien agiter le flacon avant emploi, puis de pulv\u00e9riser g\u00e9n\u00e9reusement sur la peau. La texture l\u00e9g\u00e8re et non grasse permet une diffusion uniforme, assurant une couverture compl\u00e8te. Il est recommand\u00e9 de renouveler l&rsquo;application r\u00e9guli\u00e8rement, surtout apr\u00e8s chaque baignade ou essuyage.<\/p>\n<p>Les r\u00e9sultats cliniques montrent que ce produit offre une protection efficace contre les coups de soleil tout en minimisant les irritations cutan\u00e9es. Les utilisateurs rapportent une exp\u00e9rience agr\u00e9able lors de l&rsquo;application, avec un d\u00e9collement du sable facilit\u00e9. Ce soin est donc un alli\u00e9 pr\u00e9cieux pour les sorties en plein air avec des enfants.<\/p>\n<div>\n<div class=\"border-borderMain\/50 ring-borderMain\/50 divide-borderMain\/50 dark:divide-borderMainDark\/50 dark:ring-borderMainDark\/50 dark:border-borderMainDark\/50 bg-transparent\">\n<div class=\"mb-md\">\n<div class=\"relative default font-sans text-base text-textMain dark:text-textMainDark selection:bg-super\/50 selection:text-textMain dark:selection:bg-superDuper\/10 dark:selection:text-superDark\">\n<div class=\"min-w-0 break-words [word-break:break-word]\">\n<div dir=\"auto\">\n<div class=\"prose dark:prose-invert inline leading-normal break-words min-w-0 [word-break:break-word]\">En int\u00e9grant Vichy Ideal Soleil Brume Anti-Sable dans votre routine estivale, vous assurez une protection optimale pour la peau de vos enfants. Ce produit est un choix judicieux pour les familles qui cherchent \u00e0 allier confort et s\u00e9curit\u00e9 lors des activit\u00e9s ensoleill\u00e9es. Offrez \u00e0 votre enfant une peau prot\u00e9g\u00e9e et apais\u00e9e gr\u00e2ce \u00e0 cette brume solaire innovante et efficace.<\/div>\n<div>\n<p>\u2022 Besoin : Protection Solaire | Peaux sensibles.<\/p>\n<\/div>\n<\/div>\n<\/div>\n<\/div>\n<\/div>\n<\/div>\n<\/div>\n","protected":false},"excerpt":{"rendered":"<p>CAPITAL SOLEIL Brume Anti-Sable est une haute protection solaire pour enfants et b\u00e9b\u00e9s qui permet le d\u00e9collement du sable.<\/p>\n<p>\u2022 Indice SPF : 50+ (UVA\/UVB)<\/p>\n","protected":false},"featured_media":2074,"comment_status":"open","ping_status":"closed","template":"","meta":{"om_disable_all_campaigns":false,"_monsterinsights_skip_tracking":false,"_monsterinsights_sitenote_active":false,"_monsterinsights_sitenote_note":"","_monsterinsights_sitenote_category":0},"product_brand":[],"product_cat":[254,20,16,19,181],"product_tag":[],"class_list":{"0":"post-2477","1":"product","2":"type-product","3":"status-publish","4":"has-post-thumbnail","6":"product_cat-vichy","7":"product_cat-bebe","8":"product_cat-boutique","9":"product_cat-corps","10":"product_cat-protection-solaire","11":"thunk-woo-product-list","12":"opn-qv-enable","13":"big-store-woo-hover-zoom","14":"open-single-product-tab-horizontal","15":"open-shadow-","16":"open-shadow-hover-","18":"first","19":"instock","20":"sale","21":"taxable","22":"shipping-taxable","23":"purchasable","24":"product-type-simple"},"aioseo_notices":[],"_links":{"self":[{"href":"https:\/\/para-orchidee.com\/index.php?rest_route=\/wp\/v2\/product\/2477","targetHints":{"allow":["GET"]}}],"collection":[{"href":"https:\/\/para-orchidee.com\/index.php?rest_route=\/wp\/v2\/product"}],"about":[{"href":"https:\/\/para-orchidee.com\/index.php?rest_route=\/wp\/v2\/types\/product"}],"replies":[{"embeddable":true,"href":"https:\/\/para-orchidee.com\/index.php?rest_route=%2Fwp%2Fv2%2Fcomments&post=2477"}],"wp:featuredmedia":[{"embeddable":true,"href":"https:\/\/para-orchidee.com\/index.php?rest_route=\/wp\/v2\/media\/2074"}],"wp:attachment":[{"href":"https:\/\/para-orchidee.com\/index.php?rest_route=%2Fwp%2Fv2%2Fmedia&parent=2477"}],"wp:term":[{"taxonomy":"product_brand","embeddable":true,"href":"https:\/\/para-orchidee.com\/index.php?rest_route=%2Fwp%2Fv2%2Fproduct_brand&post=2477"},{"taxonomy":"product_cat","embeddable":true,"href":"https:\/\/para-orchidee.com\/index.php?rest_route=%2Fwp%2Fv2%2Fproduct_cat&post=2477"},{"taxonomy":"product_tag","embeddable":true,"href":"https:\/\/para-orchidee.com\/index.php?rest_route=%2Fwp%2Fv2%2Fproduct_tag&post=2477"}],"curies":[{"name":"wp","href":"https:\/\/api.w.org\/{rel}","templated":true}]}}