{"id":2480,"date":"2025-01-18T18:05:31","date_gmt":"2025-01-18T18:05:31","guid":{"rendered":"https:\/\/Para-orchid\u00e9e.com\/?product=liftactiv-retinol-specialist-serum-30ml"},"modified":"2025-01-20T22:39:40","modified_gmt":"2025-01-20T22:39:40","slug":"liftactiv-retinol-specialist-serum-30ml","status":"publish","type":"product","link":"https:\/\/para-orchidee.com\/?product=liftactiv-retinol-specialist-serum-30ml&lang=fr","title":{"rendered":"Liftactiv Retinol Sp\u00e9cialist S\u00e9rum &#8211; 30ml"},"content":{"rendered":"<p>Vichy Liftactiv Retinol Specialist S\u00e9rum est un soin anti-\u00e2ge con\u00e7u pour corriger les rides profondes. Avec un format de 30 ml, ce s\u00e9rum agit principalement la nuit pour lutter contre les signes du vieillissement cutan\u00e9. Enrichi en 0,2 % de r\u00e9tinol pur, il stimule la production de collag\u00e8ne et favorise le renouvellement cellulaire. Ce soin est id\u00e9al pour ceux qui souhaitent am\u00e9liorer l&rsquo;apparence de leur peau tout en r\u00e9duisant les rides.<\/p>\n<p>La technologie Retinol Guard permet au r\u00e9tinol de p\u00e9n\u00e9trer efficacement dans le derme. Cela assure une action cibl\u00e9e sur tous les types de rides, m\u00eame les plus tenaces. Les bio-peptides pr\u00e9sents renforcent l&rsquo;effet anti-\u00e2ge du r\u00e9tinol, rendant la peau visiblement plus lisse et repulp\u00e9e. Les fractions de probiotiques aident \u00e9galement \u00e0 r\u00e9g\u00e9n\u00e9rer la peau et \u00e0 \u00e9quilibrer le microbiome cutan\u00e9.<\/p>\n<p>Les r\u00e9sultats cliniques montrent une efficacit\u00e9 prouv\u00e9e : apr\u00e8s quelques semaines d&rsquo;utilisation, les utilisateurs constatent une r\u00e9duction significative des rides et une am\u00e9lioration de la fermet\u00e9. La texture laiteuse et non parfum\u00e9e du s\u00e9rum p\u00e9n\u00e8tre rapidement, offrant un confort optimal. Les utilisateurs appr\u00e9cient \u00e9galement son effet resurfa\u00e7ant, qui affine et lisse le grain de peau.<\/p>\n<p>Pour utiliser Vichy Liftactiv Retinol Specialist, appliquez 2-3 gouttes sur une peau propre et s\u00e8che le soir. \u00c9vitez le contour des yeux lors de l&rsquo;application. Il est recommand\u00e9 d&rsquo;introduire le produit progressivement dans votre routine pour \u00e9viter les irritations. Commencez par l&rsquo;appliquer 2-3 fois par semaine, puis augmentez la fr\u00e9quence selon la tol\u00e9rance de votre peau.<\/p>\n<div>\n<div class=\"border-borderMain\/50 ring-borderMain\/50 divide-borderMain\/50 dark:divide-borderMainDark\/50  dark:ring-borderMainDark\/50 dark:border-borderMainDark\/50 bg-transparent\">\n<div class=\"mb-md\">\n<div class=\"relative default font-sans text-base text-textMain dark:text-textMainDark selection:bg-super\/50 selection:text-textMain dark:selection:bg-superDuper\/10 dark:selection:text-superDark\">\n<div class=\"min-w-0 break-words [word-break:break-word]\">\n<div dir=\"auto\">\n<div class=\"prose dark:prose-invert inline leading-normal break-words min-w-0 [word-break:break-word]\">En int\u00e9grant ce s\u00e9rum dans votre routine nocturne, vous offrez \u00e0 votre peau un traitement intensif contre le vieillissement. Vichy Liftactiv Retinol Specialist est un choix judicieux pour ceux qui souhaitent retrouver une peau plus jeune et \u00e9clatante. Offrez-vous une peau revitalis\u00e9e et rajeunie gr\u00e2ce \u00e0 ce s\u00e9rum innovant et performant.<\/div>\n<\/div>\n<\/div>\n<\/div>\n<\/div>\n<\/div>\n<\/div>\n","protected":false},"excerpt":{"rendered":"<p>S\u00c9RUM DE NUIT ANTI-\u00c2GE.<\/p>\n<p>PEAU SOUMISE AU VIEILLISSEMENT CUTAN\u00c9.<\/p>\n<p>CORRIGE LES RIDES MARQU\u00c9ES ET PROFONDES.<\/p>\n<p>REDONNE DE L\u2019\u00c9CLAT.<\/p>\n<p>RESURFACE LA PEAU.<\/p>\n","protected":false},"featured_media":2369,"comment_status":"open","ping_status":"closed","template":"","meta":{"om_disable_all_campaigns":false,"_monsterinsights_skip_tracking":false,"_monsterinsights_sitenote_active":false,"_monsterinsights_sitenote_note":"","_monsterinsights_sitenote_category":0},"product_brand":[],"product_cat":[254,16,22,18],"product_tag":[],"class_list":{"0":"post-2480","1":"product","2":"type-product","3":"status-publish","4":"has-post-thumbnail","6":"product_cat-vichy","7":"product_cat-boutique","8":"product_cat-soin-de-peau","9":"product_cat-visage","10":"thunk-woo-product-list","11":"opn-qv-enable","12":"big-store-woo-hover-zoom","13":"open-single-product-tab-horizontal","14":"open-shadow-","15":"open-shadow-hover-","17":"first","18":"instock","19":"sale","20":"taxable","21":"shipping-taxable","22":"purchasable","23":"product-type-simple"},"aioseo_notices":[],"_links":{"self":[{"href":"https:\/\/para-orchidee.com\/index.php?rest_route=\/wp\/v2\/product\/2480","targetHints":{"allow":["GET"]}}],"collection":[{"href":"https:\/\/para-orchidee.com\/index.php?rest_route=\/wp\/v2\/product"}],"about":[{"href":"https:\/\/para-orchidee.com\/index.php?rest_route=\/wp\/v2\/types\/product"}],"replies":[{"embeddable":true,"href":"https:\/\/para-orchidee.com\/index.php?rest_route=%2Fwp%2Fv2%2Fcomments&post=2480"}],"wp:featuredmedia":[{"embeddable":true,"href":"https:\/\/para-orchidee.com\/index.php?rest_route=\/wp\/v2\/media\/2369"}],"wp:attachment":[{"href":"https:\/\/para-orchidee.com\/index.php?rest_route=%2Fwp%2Fv2%2Fmedia&parent=2480"}],"wp:term":[{"taxonomy":"product_brand","embeddable":true,"href":"https:\/\/para-orchidee.com\/index.php?rest_route=%2Fwp%2Fv2%2Fproduct_brand&post=2480"},{"taxonomy":"product_cat","embeddable":true,"href":"https:\/\/para-orchidee.com\/index.php?rest_route=%2Fwp%2Fv2%2Fproduct_cat&post=2480"},{"taxonomy":"product_tag","embeddable":true,"href":"https:\/\/para-orchidee.com\/index.php?rest_route=%2Fwp%2Fv2%2Fproduct_tag&post=2480"}],"curies":[{"name":"wp","href":"https:\/\/api.w.org\/{rel}","templated":true}]}}