{"id":2482,"date":"2025-01-18T18:05:31","date_gmt":"2025-01-18T18:05:31","guid":{"rendered":"https:\/\/Para-orchid\u00e9e.com\/?product=liftactiv-supeme-h-a-epidermic-filler-serum-30ml"},"modified":"2025-01-20T22:39:40","modified_gmt":"2025-01-20T22:39:40","slug":"liftactiv-supeme-h-a-epidermic-filler-serum-30ml","status":"publish","type":"product","link":"https:\/\/para-orchidee.com\/?product=liftactiv-supeme-h-a-epidermic-filler-serum-30ml&lang=fr","title":{"rendered":"Liftactiv Sup\u00eame H.A. Epidermic Filler S\u00e9rum | 30ml"},"content":{"rendered":"<p>Vichy Liftactiv Sup\u00eame H.A. Epidermic Filler S\u00e9rum est un soin anti-\u00e2ge con\u00e7u pour tous les types de peau. Avec un format de 30 ml, ce s\u00e9rum cible les rides et la perte de fermet\u00e9. Enrichi en 1,5 % d&rsquo;acide hyaluronique, il hydrate et repulpe la peau en profondeur. Ce produit est id\u00e9al pour ceux qui souhaitent am\u00e9liorer l&rsquo;apparence de leur peau tout en r\u00e9duisant les signes du vieillissement.<\/p>\n<p>La formule du s\u00e9rum contient \u00e9galement de la vitamine C glucoside, un puissant antioxydant. Cette vitamine aide \u00e0 \u00e9claircir le teint et \u00e0 r\u00e9duire l&rsquo;apparence des taches pigmentaires. L&rsquo;eau volcanique de Vichy, riche en min\u00e9raux, renforce la barri\u00e8re cutan\u00e9e et apaise la peau. Les utilisateurs appr\u00e9cient sa texture l\u00e9g\u00e8re et aqueuse, qui p\u00e9n\u00e8tre rapidement sans laisser de film gras.<\/p>\n<p>Les r\u00e9sultats cliniques montrent une efficacit\u00e9 prouv\u00e9e : apr\u00e8s deux semaines d&rsquo;utilisation, les utilisateurs constatent une r\u00e9duction des rides allant jusqu&rsquo;\u00e0 14 %. Apr\u00e8s six semaines, cette r\u00e9duction atteint jusqu&rsquo;\u00e0 47 %, avec une diminution des ridules allant jusqu&rsquo;\u00e0 60 %. Ce s\u00e9rum a \u00e9t\u00e9 test\u00e9 sous contr\u00f4le dermatologique et est hypoallerg\u00e9nique, garantissant sa s\u00e9curit\u00e9 m\u00eame pour les peaux sensibles.<\/p>\n<p>Pour utiliser Vichy Liftactiv Sup\u00eame H.A. Epidermic Filler, appliquez 2 \u00e0 3 gouttes sur une peau propre et s\u00e8che matin et soir. \u00c9talez le produit sur le visage, en insistant sur les zones comme les pattes d&rsquo;oie et les sillons nasog\u00e9niens. Ce s\u00e9rum s&rsquo;int\u00e8gre facilement dans toute routine de soins anti-\u00e2ge, rendant l&rsquo;application agr\u00e9able.<\/p>\n<div>\n<div class=\"border-borderMain\/50 ring-borderMain\/50 divide-borderMain\/50 dark:divide-borderMainDark\/50  dark:ring-borderMainDark\/50 dark:border-borderMainDark\/50 bg-transparent\">\n<div class=\"mb-md\">\n<div class=\"relative default font-sans text-base text-textMain dark:text-textMainDark selection:bg-super\/50 selection:text-textMain dark:selection:bg-superDuper\/10 dark:selection:text-superDark\">\n<div class=\"min-w-0 break-words [word-break:break-word]\">\n<div dir=\"auto\">\n<div class=\"prose dark:prose-invert inline leading-normal break-words min-w-0 [word-break:break-word]\">En int\u00e9grant ce s\u00e9rum dans votre routine quotidienne, vous offrez \u00e0 votre peau un traitement intensif contre le vieillissement. Vichy Liftactiv Sup\u00eame H.A. Epidermic Filler est un choix judicieux pour ceux qui souhaitent retrouver une peau plus jeune et \u00e9clatante. Offrez-vous une peau revitalis\u00e9e et repulp\u00e9e gr\u00e2ce \u00e0 ce s\u00e9rum innovant et performant.<\/div>\n<\/div>\n<\/div>\n<\/div>\n<\/div>\n<\/div>\n<\/div>\n","protected":false},"excerpt":{"rendered":"<p>S\u00c9RUM ANTI-RIDES ET ANTI-\u00c2GE.<br \/>\nS\u00c9RUM REPULPANT \u00c0 L&rsquo;ACIDE HYALURONIQUE.<br \/>\nTOUS TYPES DE PEAUX.<br \/>\nRECHARGE 100 % LA PERTE QUOTIDIENNE D\u2019ACIDE HYALURONIQUE<\/p>\n","protected":false},"featured_media":2360,"comment_status":"open","ping_status":"closed","template":"","meta":{"om_disable_all_campaigns":false,"_monsterinsights_skip_tracking":false,"_monsterinsights_sitenote_active":false,"_monsterinsights_sitenote_note":"","_monsterinsights_sitenote_category":0},"product_brand":[],"product_cat":[254,16,22,18],"product_tag":[],"class_list":{"0":"post-2482","1":"product","2":"type-product","3":"status-publish","4":"has-post-thumbnail","6":"product_cat-vichy","7":"product_cat-boutique","8":"product_cat-soin-de-peau","9":"product_cat-visage","10":"thunk-woo-product-list","11":"opn-qv-enable","12":"big-store-woo-hover-zoom","13":"open-single-product-tab-horizontal","14":"open-shadow-","15":"open-shadow-hover-","17":"first","18":"instock","19":"sale","20":"taxable","21":"shipping-taxable","22":"purchasable","23":"product-type-simple"},"aioseo_notices":[],"_links":{"self":[{"href":"https:\/\/para-orchidee.com\/index.php?rest_route=\/wp\/v2\/product\/2482","targetHints":{"allow":["GET"]}}],"collection":[{"href":"https:\/\/para-orchidee.com\/index.php?rest_route=\/wp\/v2\/product"}],"about":[{"href":"https:\/\/para-orchidee.com\/index.php?rest_route=\/wp\/v2\/types\/product"}],"replies":[{"embeddable":true,"href":"https:\/\/para-orchidee.com\/index.php?rest_route=%2Fwp%2Fv2%2Fcomments&post=2482"}],"wp:featuredmedia":[{"embeddable":true,"href":"https:\/\/para-orchidee.com\/index.php?rest_route=\/wp\/v2\/media\/2360"}],"wp:attachment":[{"href":"https:\/\/para-orchidee.com\/index.php?rest_route=%2Fwp%2Fv2%2Fmedia&parent=2482"}],"wp:term":[{"taxonomy":"product_brand","embeddable":true,"href":"https:\/\/para-orchidee.com\/index.php?rest_route=%2Fwp%2Fv2%2Fproduct_brand&post=2482"},{"taxonomy":"product_cat","embeddable":true,"href":"https:\/\/para-orchidee.com\/index.php?rest_route=%2Fwp%2Fv2%2Fproduct_cat&post=2482"},{"taxonomy":"product_tag","embeddable":true,"href":"https:\/\/para-orchidee.com\/index.php?rest_route=%2Fwp%2Fv2%2Fproduct_tag&post=2482"}],"curies":[{"name":"wp","href":"https:\/\/api.w.org\/{rel}","templated":true}]}}