{"id":2488,"date":"2025-01-18T18:05:32","date_gmt":"2025-01-18T18:05:32","guid":{"rendered":"https:\/\/Para-orchid\u00e9e.com\/?product=mineral-89-creme-boost-dhydratation-72h-50-ml"},"modified":"2025-01-20T22:40:00","modified_gmt":"2025-01-20T22:40:00","slug":"mineral-89-creme-boost-dhydratation-72h-50-ml","status":"publish","type":"product","link":"https:\/\/para-orchidee.com\/?product=mineral-89-creme-boost-dhydratation-72h-50-ml&lang=fr","title":{"rendered":"Min\u00e9ral 89 cr\u00e8me Boost d&rsquo;hydratation 72H | 50 ml"},"content":{"rendered":"","protected":false},"excerpt":{"rendered":"<p>CR\u00c8ME HYDRATANTE VISAGE BOOSTER D\u2019HYDRATATION.<\/p>\n<p>TYPE DE PRODUIT CR\u00c8ME DE JOUR BESOIN SOIN HYDRATANT VISAGE.<\/p>\n<p>TOUS TYPES DE PEAUX. HYDRATE PENDANT 72H, REPULPE ET FORTIFIE LA PEAU.<\/p>\n","protected":false},"featured_media":2406,"comment_status":"open","ping_status":"closed","template":"","meta":{"om_disable_all_campaigns":false,"_monsterinsights_skip_tracking":false,"_monsterinsights_sitenote_active":false,"_monsterinsights_sitenote_note":"","_monsterinsights_sitenote_category":0},"product_brand":[],"product_cat":[254,16,22,18],"product_tag":[],"class_list":{"0":"post-2488","1":"product","2":"type-product","3":"status-publish","4":"has-post-thumbnail","6":"product_cat-vichy","7":"product_cat-boutique","8":"product_cat-soin-de-peau","9":"product_cat-visage","10":"thunk-woo-product-list","11":"opn-qv-enable","12":"big-store-woo-hover-zoom","13":"open-single-product-tab-horizontal","14":"open-shadow-","15":"open-shadow-hover-","17":"first","18":"instock","19":"sale","20":"taxable","21":"shipping-taxable","22":"purchasable","23":"product-type-simple"},"aioseo_notices":[],"_links":{"self":[{"href":"https:\/\/para-orchidee.com\/index.php?rest_route=\/wp\/v2\/product\/2488","targetHints":{"allow":["GET"]}}],"collection":[{"href":"https:\/\/para-orchidee.com\/index.php?rest_route=\/wp\/v2\/product"}],"about":[{"href":"https:\/\/para-orchidee.com\/index.php?rest_route=\/wp\/v2\/types\/product"}],"replies":[{"embeddable":true,"href":"https:\/\/para-orchidee.com\/index.php?rest_route=%2Fwp%2Fv2%2Fcomments&post=2488"}],"wp:featuredmedia":[{"embeddable":true,"href":"https:\/\/para-orchidee.com\/index.php?rest_route=\/wp\/v2\/media\/2406"}],"wp:attachment":[{"href":"https:\/\/para-orchidee.com\/index.php?rest_route=%2Fwp%2Fv2%2Fmedia&parent=2488"}],"wp:term":[{"taxonomy":"product_brand","embeddable":true,"href":"https:\/\/para-orchidee.com\/index.php?rest_route=%2Fwp%2Fv2%2Fproduct_brand&post=2488"},{"taxonomy":"product_cat","embeddable":true,"href":"https:\/\/para-orchidee.com\/index.php?rest_route=%2Fwp%2Fv2%2Fproduct_cat&post=2488"},{"taxonomy":"product_tag","embeddable":true,"href":"https:\/\/para-orchidee.com\/index.php?rest_route=%2Fwp%2Fv2%2Fproduct_tag&post=2488"}],"curies":[{"name":"wp","href":"https:\/\/api.w.org\/{rel}","templated":true}]}}