{"id":2496,"date":"2025-01-18T18:05:33","date_gmt":"2025-01-18T18:05:33","guid":{"rendered":"https:\/\/Para-orchid\u00e9e.com\/?product=normaderm-serum-anti-imperfections-probio-bha-30ml"},"modified":"2025-01-20T22:40:00","modified_gmt":"2025-01-20T22:40:00","slug":"normaderm-serum-anti-imperfections-probio-bha-30ml","status":"publish","type":"product","link":"https:\/\/para-orchidee.com\/?product=normaderm-serum-anti-imperfections-probio-bha-30ml&lang=fr","title":{"rendered":"Normaderm S\u00e9rum Anti-imperfections Probio-BH &#8211; 30ml"},"content":{"rendered":"<p>Vichy Normaderm S\u00e9rum Anti-Imperfections Probio-BHA est un soin innovant con\u00e7u pour les peaux \u00e0 tendance acn\u00e9ique, notamment celles sujettes \u00e0 l&rsquo;acn\u00e9 hormonale. \u00b5<\/p>\n<p>Sa formule unique combine des ingr\u00e9dients puissants tels que l&rsquo;acide salicylique et l&rsquo;acide glycolique, qui agissent en synergie pour exfolier la peau en douceur, \u00e9liminer les cellules mortes et r\u00e9duire les imperfections.<\/p>\n<p>Enrichi de fractions de probiotiques cultiv\u00e9s dans l&rsquo;eau volcanique de Vichy, ce s\u00e9rum aide \u00e0 renforcer la barri\u00e8re cutan\u00e9e et \u00e0 maintenir un \u00e9quilibre sain du microbiome, essentiel pour une peau \u00e9clatante.<\/p>\n<p>L&rsquo;acide salicylique, un b\u00eata-hydroxyacide (BHA), est reconnu pour ses propri\u00e9t\u00e9s anti-inflammatoires et assainissantes. Il p\u00e9n\u00e8tre profond\u00e9ment dans les pores pour dissoudre le s\u00e9bum et pr\u00e9venir l&rsquo;apparition des boutons et des points noirs.<\/p>\n<p>L&rsquo;acide glycolique, quant \u00e0 lui, est un alpha-hydroxyacide (AHA) qui favorise le renouvellement cellulaire et am\u00e9liore la texture de la peau.<\/p>\n<p>Ensemble, ces acides offrent un effet peeling doux qui permet d&rsquo;obtenir une peau plus lisse et un teint unifi\u00e9.<\/p>\n<p>L&rsquo;utilisation quotidienne de ce s\u00e9rum permet d&rsquo;obtenir des r\u00e9sultats visibles : r\u00e9duction des imperfections, diminution des marques r\u00e9siduelles et r\u00e9gulation de la production de s\u00e9bum.<\/p>\n<p>Sa texture fluide et non grasse assure une absorption rapide sans laisser de film collant sur la peau, ce qui en fait un excellent choix pour une routine de soins quotidienne.<\/p>\n<p>De plus, le s\u00e9rum est hypoallerg\u00e9nique et non com\u00e9dog\u00e8ne, garantissant qu&rsquo;il convient m\u00eame aux peaux les plus sensibles.<\/p>\n<p>Pour profiter pleinement des bienfaits du Vichy Normaderm S\u00e9rum Anti-Imperfections, il est recommand\u00e9 de l&rsquo;appliquer sur une peau propre et s\u00e8che, en massant d\u00e9licatement sur l&rsquo;ensemble du visage.<\/p>\n<p>Pour optimiser son efficacit\u00e9, il peut \u00eatre associ\u00e9 \u00e0 d&rsquo;autres produits de la gamme Normaderm et suivi d&rsquo;une cr\u00e8me hydratante adapt\u00e9e. En int\u00e9grant ce s\u00e9rum dans votre routine beaut\u00e9, vous vous rapprocherez d&rsquo;une peau plus saine et sans imperfections.<\/p>\n","protected":false},"excerpt":{"rendered":"<p>S\u00c9RUM ANTI-IMPERFECTIONS VISAGE :<\/p>\n<ol>\n<li>PEAU \u00c0 TENDANCE ACN\u00c9IQUE.<\/li>\n<li>CORRIGE LES IMPERFECTIONS.<\/li>\n<li>EXFOLIE EN DOUCEUR.<\/li>\n<li>ACC\u00c9L\u00c8RE LE RENOUVELLEMENT CELLULAIRE.<\/li>\n<\/ol>\n","protected":false},"featured_media":2413,"comment_status":"closed","ping_status":"closed","template":"","meta":{"om_disable_all_campaigns":false,"_monsterinsights_skip_tracking":false,"_monsterinsights_sitenote_active":false,"_monsterinsights_sitenote_note":"","_monsterinsights_sitenote_category":0},"product_brand":[],"product_cat":[254,16,22,18],"product_tag":[],"class_list":{"0":"post-2496","1":"product","2":"type-product","3":"status-publish","4":"has-post-thumbnail","6":"product_cat-vichy","7":"product_cat-boutique","8":"product_cat-soin-de-peau","9":"product_cat-visage","10":"thunk-woo-product-list","11":"opn-qv-enable","12":"big-store-woo-hover-zoom","13":"open-single-product-tab-horizontal","14":"open-shadow-","15":"open-shadow-hover-","17":"first","18":"instock","19":"sale","20":"taxable","21":"shipping-taxable","22":"purchasable","23":"product-type-simple"},"aioseo_notices":[],"_links":{"self":[{"href":"https:\/\/para-orchidee.com\/index.php?rest_route=\/wp\/v2\/product\/2496","targetHints":{"allow":["GET"]}}],"collection":[{"href":"https:\/\/para-orchidee.com\/index.php?rest_route=\/wp\/v2\/product"}],"about":[{"href":"https:\/\/para-orchidee.com\/index.php?rest_route=\/wp\/v2\/types\/product"}],"replies":[{"embeddable":true,"href":"https:\/\/para-orchidee.com\/index.php?rest_route=%2Fwp%2Fv2%2Fcomments&post=2496"}],"wp:featuredmedia":[{"embeddable":true,"href":"https:\/\/para-orchidee.com\/index.php?rest_route=\/wp\/v2\/media\/2413"}],"wp:attachment":[{"href":"https:\/\/para-orchidee.com\/index.php?rest_route=%2Fwp%2Fv2%2Fmedia&parent=2496"}],"wp:term":[{"taxonomy":"product_brand","embeddable":true,"href":"https:\/\/para-orchidee.com\/index.php?rest_route=%2Fwp%2Fv2%2Fproduct_brand&post=2496"},{"taxonomy":"product_cat","embeddable":true,"href":"https:\/\/para-orchidee.com\/index.php?rest_route=%2Fwp%2Fv2%2Fproduct_cat&post=2496"},{"taxonomy":"product_tag","embeddable":true,"href":"https:\/\/para-orchidee.com\/index.php?rest_route=%2Fwp%2Fv2%2Fproduct_tag&post=2496"}],"curies":[{"name":"wp","href":"https:\/\/api.w.org\/{rel}","templated":true}]}}