{"id":2498,"date":"2025-01-18T18:05:33","date_gmt":"2025-01-18T18:05:33","guid":{"rendered":"https:\/\/Para-orchid\u00e9e.com\/?product=dercos-energy-shampoing-anti-chute-200-ml"},"modified":"2025-01-20T22:40:00","modified_gmt":"2025-01-20T22:40:00","slug":"dercos-energy-shampoing-anti-chute-200-ml","status":"publish","type":"product","link":"https:\/\/para-orchidee.com\/?product=dercos-energy-shampoing-anti-chute-200-ml&lang=fr","title":{"rendered":"Dercos Energy+ Shampoing Anti-Chute &#8211; 200 ml"},"content":{"rendered":"<p>Vichy Dercos Energy+ Shampoing Anti-Chute est un soin capillaire innovant con\u00e7u pour lutter contre la perte de cheveux et revitaliser les cheveux fragiles.<\/p>\n<p>Formul\u00e9 avec l\u2019actif brevet\u00e9 Aminexil, ce shampoing agit en profondeur pour renforcer l\u2019ancrage des cheveux dans le cuir chevelu, r\u00e9duisant ainsi leur chute.<\/p>\n<p>Enrichi en vitamines B5 et B3, il nourrit et revitalise la fibre capillaire, apportant force et brillance \u00e0 chaque application.<\/p>\n<p>L\u2019Aminexil, une mol\u00e9cule reconnue pour son efficacit\u00e9 contre la chute des cheveux, emp\u00eache la rigidification de la gaine de collag\u00e8ne autour des follicules pileux. Cela permet aux cheveux de rester souples et \u00e9lastiques, favorisant ainsi leur croissance.<\/p>\n<p>Le Panth\u00e9nol (pro-vitamine B5) hydrate et r\u00e9pare les cheveux, tandis que la Niacinamide (vitamine B3) offre des propri\u00e9t\u00e9s apaisantes et antioxydantes, prot\u00e9geant le cuir chevelu contre les agressions ext\u00e9rieures.<\/p>\n<p>Les r\u00e9sultats cliniques montrent que ce shampoing am\u00e9liore significativement la r\u00e9sistance des cheveux. Apr\u00e8s plusieurs semaines d&rsquo;utilisation, de nombreux utilisateurs rapportent une diminution notable de la chute des cheveux ainsi qu&rsquo;une am\u00e9lioration de leur texture et de leur volume.<\/p>\n<p>En effet, jusqu&rsquo;\u00e0 89 % des personnes ayant test\u00e9 le produit constatent que leurs cheveux sont plus forts et plus toniques.<\/p>\n<p>Pour une utilisation optimale, il est conseill\u00e9 d&rsquo;appliquer le shampoing sur des cheveux mouill\u00e9s, de masser d\u00e9licatement le cuir chevelu pour activer la microcirculation, puis de rincer abondamment.<\/p>\n<p>Ce shampoing est hypoallerg\u00e9nique et <strong>convient \u00e0 tous les types de cheveux<\/strong>, offrant une solution douce mais efficace pour ceux qui souhaitent retrouver une chevelure pleine de vitalit\u00e9.<\/p>\n<p>En int\u00e9grant Vichy Dercos Energy+ Shampoing Anti-Chute dans votre routine capillaire, vous vous rapprocherez d&rsquo;une chevelure plus dense et en meilleure sant\u00e9.<\/p>\n<p>\u2022 Ingr\u00e9dients Cl\u00e9s : Aminexil pour lutter contre la chute des cheveux | Vitamine B3\/B5 pour renforcer et favoriser la repousse.<\/p>\n","protected":false},"excerpt":{"rendered":"<p>DERCOS TECHNIQUE Shampooing Energisant Anti-Chute limite la perte de cheveux. Votre chevelure gagne en densit\u00e9 et en r\u00e9sistance. \u2022 Besoin : Chute de cheveux.<\/p>\n","protected":false},"featured_media":2387,"comment_status":"closed","ping_status":"closed","template":"","meta":{"om_disable_all_campaigns":false,"_monsterinsights_skip_tracking":false,"_monsterinsights_sitenote_active":false,"_monsterinsights_sitenote_note":"","_monsterinsights_sitenote_category":0},"product_brand":[],"product_cat":[254,16,17],"product_tag":[],"class_list":{"0":"post-2498","1":"product","2":"type-product","3":"status-publish","4":"has-post-thumbnail","6":"product_cat-vichy","7":"product_cat-boutique","8":"product_cat-cheveux","9":"thunk-woo-product-list","10":"opn-qv-enable","11":"big-store-woo-hover-zoom","12":"open-single-product-tab-horizontal","13":"open-shadow-","14":"open-shadow-hover-","16":"first","17":"instock","18":"sale","19":"taxable","20":"shipping-taxable","21":"purchasable","22":"product-type-simple"},"aioseo_notices":[],"_links":{"self":[{"href":"https:\/\/para-orchidee.com\/index.php?rest_route=\/wp\/v2\/product\/2498","targetHints":{"allow":["GET"]}}],"collection":[{"href":"https:\/\/para-orchidee.com\/index.php?rest_route=\/wp\/v2\/product"}],"about":[{"href":"https:\/\/para-orchidee.com\/index.php?rest_route=\/wp\/v2\/types\/product"}],"replies":[{"embeddable":true,"href":"https:\/\/para-orchidee.com\/index.php?rest_route=%2Fwp%2Fv2%2Fcomments&post=2498"}],"wp:featuredmedia":[{"embeddable":true,"href":"https:\/\/para-orchidee.com\/index.php?rest_route=\/wp\/v2\/media\/2387"}],"wp:attachment":[{"href":"https:\/\/para-orchidee.com\/index.php?rest_route=%2Fwp%2Fv2%2Fmedia&parent=2498"}],"wp:term":[{"taxonomy":"product_brand","embeddable":true,"href":"https:\/\/para-orchidee.com\/index.php?rest_route=%2Fwp%2Fv2%2Fproduct_brand&post=2498"},{"taxonomy":"product_cat","embeddable":true,"href":"https:\/\/para-orchidee.com\/index.php?rest_route=%2Fwp%2Fv2%2Fproduct_cat&post=2498"},{"taxonomy":"product_tag","embeddable":true,"href":"https:\/\/para-orchidee.com\/index.php?rest_route=%2Fwp%2Fv2%2Fproduct_tag&post=2498"}],"curies":[{"name":"wp","href":"https:\/\/api.w.org\/{rel}","templated":true}]}}