{"id":2499,"date":"2025-01-18T18:05:33","date_gmt":"2025-01-18T18:05:33","guid":{"rendered":"https:\/\/Para-orchid\u00e9e.com\/?product=purete-thermale-demaquillant-apaisant-yeux-sensibles-100ml"},"modified":"2025-01-20T22:40:00","modified_gmt":"2025-01-20T22:40:00","slug":"purete-thermale-demaquillant-apaisant-yeux-sensibles-100ml","status":"publish","type":"product","link":"https:\/\/para-orchidee.com\/?product=purete-thermale-demaquillant-apaisant-yeux-sensibles-100ml&lang=fr","title":{"rendered":"Puret\u00e9 Thermale D\u00e9maquillant Apaisant Yeux &#8211; 100ml"},"content":{"rendered":"<p>Vichy Puret\u00e9 Thermale Gel Frais Nettoyant est un soin sp\u00e9cialement formul\u00e9 pour les peaux sensibles.<\/p>\n<p>Avec un format de 200 ml, ce gel nettoyant \u00e9limine les impuret\u00e9s, les particules de pollution et l&rsquo;exc\u00e8s de s\u00e9bum sans agresser la peau.<\/p>\n<p>Sa formule hypoallerg\u00e9nique, test\u00e9e sous contr\u00f4le dermatologique, garantit une tol\u00e9rance optimale, ce qui en fait un choix id\u00e9al pour les peaux r\u00e9actives.<\/p>\n<p>Enrichi en extrait de Moringa, ce gel b\u00e9n\u00e9ficie de propri\u00e9t\u00e9s anti-pollution qui aident \u00e0 prot\u00e9ger la peau des agressions ext\u00e9rieures.<\/p>\n<p>De plus, sa technologie amilite permet d&rsquo;obtenir une mousse hydratante qui nettoie en douceur tout en pr\u00e9servant l&rsquo;hydratation naturelle de la peau.<\/p>\n<p>Les utilisateurs peuvent s&rsquo;attendre \u00e0 une sensation de fra\u00eecheur et de confort apr\u00e8s chaque utilisation, avec une peau visiblement plus nette et \u00e9clatante.<\/p>\n<p>Les r\u00e9sultats cliniques montrent que 86 % des femmes trouvent ce gel plus agr\u00e9able que leur nettoyant habituel, soulignant son efficacit\u00e9 et sa douceur.<\/p>\n<p>Ce produit est con\u00e7u pour att\u00e9nuer les inconforts li\u00e9s au calcaire dans l&rsquo;eau, rendant le nettoyage \u00e0 l&rsquo;eau non seulement efficace mais aussi plaisant.\u00a0La peau est laiss\u00e9e douce et revitalis\u00e9e, pr\u00eate \u00e0 recevoir les soins suivants.<\/p>\n<p>Pour utiliser le Vichy Puret\u00e9 Thermale Gel Frais Nettoyant, il suffit d&rsquo;appliquer une petite quantit\u00e9 sur le visage humide, de masser d\u00e9licatement puis de rincer \u00e0 l&rsquo;eau.<\/p>\n<p>\u00c9vitant le contour des yeux, ce gel nettoyant est parfait pour un usage quotidien, matin et soir.<\/p>\n<p>En int\u00e9grant ce produit dans votre routine de soins, vous offrez \u00e0 votre peau un nettoyage en profondeur tout en respectant sa sensibilit\u00e9 et son \u00e9quilibre naturel.<\/p>\n<p>\u2022 Besoin : D\u00e9maquiller | Nettoyer | Yeux sensibles.<\/p>\n<p>\u2022 Ingr\u00e9dients Cl\u00e9s : Extrait de Bleuet pour apaiser et hydrater | Vitamine B5 pour d\u00e9maquiller en profondeur.<\/p>\n<p>\u2022 S\u00e9curit\u00e9 : Hypoallerg\u00e9nique | Sans Parab\u00e8ne | Convient aux porteurs de lentilles.<\/p>\n","protected":false},"excerpt":{"rendered":"<p>PURETE THERMALE D\u00e9maquillant Apaisant Yeux \u00ab\u00a0Yeux Sensibles\u00a0\u00bb\u00a0 : D\u00e9maquille, apaise les yeux en douceur et renforce les cils.<\/p>\n","protected":false},"featured_media":2386,"comment_status":"closed","ping_status":"closed","template":"","meta":{"om_disable_all_campaigns":false,"_monsterinsights_skip_tracking":false,"_monsterinsights_sitenote_active":false,"_monsterinsights_sitenote_note":"","_monsterinsights_sitenote_category":0},"product_brand":[],"product_cat":[254,16,22,18],"product_tag":[],"class_list":{"0":"post-2499","1":"product","2":"type-product","3":"status-publish","4":"has-post-thumbnail","6":"product_cat-vichy","7":"product_cat-boutique","8":"product_cat-soin-de-peau","9":"product_cat-visage","10":"thunk-woo-product-list","11":"opn-qv-enable","12":"big-store-woo-hover-zoom","13":"open-single-product-tab-horizontal","14":"open-shadow-","15":"open-shadow-hover-","17":"first","18":"instock","19":"sale","20":"taxable","21":"shipping-taxable","22":"purchasable","23":"product-type-simple"},"aioseo_notices":[],"_links":{"self":[{"href":"https:\/\/para-orchidee.com\/index.php?rest_route=\/wp\/v2\/product\/2499","targetHints":{"allow":["GET"]}}],"collection":[{"href":"https:\/\/para-orchidee.com\/index.php?rest_route=\/wp\/v2\/product"}],"about":[{"href":"https:\/\/para-orchidee.com\/index.php?rest_route=\/wp\/v2\/types\/product"}],"replies":[{"embeddable":true,"href":"https:\/\/para-orchidee.com\/index.php?rest_route=%2Fwp%2Fv2%2Fcomments&post=2499"}],"wp:featuredmedia":[{"embeddable":true,"href":"https:\/\/para-orchidee.com\/index.php?rest_route=\/wp\/v2\/media\/2386"}],"wp:attachment":[{"href":"https:\/\/para-orchidee.com\/index.php?rest_route=%2Fwp%2Fv2%2Fmedia&parent=2499"}],"wp:term":[{"taxonomy":"product_brand","embeddable":true,"href":"https:\/\/para-orchidee.com\/index.php?rest_route=%2Fwp%2Fv2%2Fproduct_brand&post=2499"},{"taxonomy":"product_cat","embeddable":true,"href":"https:\/\/para-orchidee.com\/index.php?rest_route=%2Fwp%2Fv2%2Fproduct_cat&post=2499"},{"taxonomy":"product_tag","embeddable":true,"href":"https:\/\/para-orchidee.com\/index.php?rest_route=%2Fwp%2Fv2%2Fproduct_tag&post=2499"}],"curies":[{"name":"wp","href":"https:\/\/api.w.org\/{rel}","templated":true}]}}