{"id":2502,"date":"2025-01-18T18:05:33","date_gmt":"2025-01-18T18:05:33","guid":{"rendered":"https:\/\/Para-orchid\u00e9e.com\/?product=purete-thermale-demaquillant-waterproof-biphase-yeux-sensibles-100ml"},"modified":"2025-01-20T22:40:00","modified_gmt":"2025-01-20T22:40:00","slug":"purete-thermale-demaquillant-waterproof-biphase-yeux-sensibles-100ml","status":"publish","type":"product","link":"https:\/\/para-orchidee.com\/?product=purete-thermale-demaquillant-waterproof-biphase-yeux-sensibles-100ml&lang=fr","title":{"rendered":"Puret\u00e9 Thermale D\u00e9maquillant Waterproof Biphas\u00e9"},"content":{"rendered":"<p>Vichy Puret\u00e9 Thermale D\u00e9maquillant Waterproof Biphas\u00e9 Yeux Sensibles est un soin sp\u00e9cialement formul\u00e9 pour le d\u00e9maquillage des yeux sensibles, y compris pour les porteuses de lentilles.<\/p>\n<p>Ce d\u00e9maquillant biphas\u00e9 combine une phase huileuse et une phase aqueuse, permettant d&rsquo;\u00e9liminer efficacement le maquillage waterproof tout en respectant la d\u00e9licatesse du contour des yeux.<\/p>\n<p>Avec un format pratique de 100 ml, il est id\u00e9al pour un usage quotidien et pour les d\u00e9placements.<\/p>\n<p>La formule de ce d\u00e9maquillant est enrichie en actifs apaisants comme l&rsquo;allanto\u00efne, qui aide \u00e0 calmer les irritations et \u00e0 hydrater la peau autour des yeux.<\/p>\n<p>Ce soin est hypoallerg\u00e9nique et a \u00e9t\u00e9 test\u00e9 sous contr\u00f4le dermatologique et ophtalmologique, garantissant une utilisation s\u00e9curis\u00e9e m\u00eame pour les yeux les plus sensibles.<\/p>\n<p>Les utilisateurs peuvent s&rsquo;attendre \u00e0 un d\u00e9maquillage en douceur, sans sensations de tiraillement ou d&rsquo;irritation.<\/p>\n<p>L&rsquo;efficacit\u00e9 de Vichy Puret\u00e9 Thermale D\u00e9maquillant Waterproof Biphas\u00e9 se traduit par sa capacit\u00e9 \u00e0 \u00e9liminer non seulement le maquillage classique, mais aussi les formules waterproof les plus tenaces.<\/p>\n<p>Les \u00e9tudes montrent que 90 % des utilisatrices sont satisfaites de sa performance, constatant qu&rsquo;il laisse la peau propre et fra\u00eeche sans r\u00e9sidu gras.<\/p>\n<p>Ce d\u00e9maquillant est donc un choix id\u00e9al pour celles qui recherchent un produit efficace tout en \u00e9tant doux pour leur peau.<\/p>\n<p>Pour utiliser ce d\u00e9maquillant, il suffit de bien agiter le flacon pour m\u00e9langer les deux phases, puis d&rsquo;appliquer sur un coton et de passer d\u00e9licatement sur les yeux.<\/p>\n<p>Aucun rin\u00e7age n&rsquo;est n\u00e9cessaire, ce qui le rend pratique et rapide \u00e0 utiliser.<\/p>\n<p>En int\u00e9grant Vichy Puret\u00e9 Thermale D\u00e9maquillant Waterproof Biphas\u00e9 dans votre routine de soins, vous assurez un d\u00e9maquillage complet tout en prenant soin de la sensibilit\u00e9 de votre peau.<\/p>\n<p>\u2022 Besoin : D\u00e9maquiller | Nettoyer | Yeux sensibles | Maquillage waterproof.<\/p>\n","protected":false},"excerpt":{"rendered":"<p>PURETE THERMALE D\u00e9maquillant Yeux Biphas\u00e9 Yeux Sensibles \u00e9limine les traces de maquillage , apaise le contour de l&rsquo;\u0153il et contribue \u00e0 prot\u00e9ger les cils.<\/p>\n","protected":false},"featured_media":2383,"comment_status":"closed","ping_status":"closed","template":"","meta":{"om_disable_all_campaigns":false,"_monsterinsights_skip_tracking":false,"_monsterinsights_sitenote_active":false,"_monsterinsights_sitenote_note":"","_monsterinsights_sitenote_category":0},"product_brand":[],"product_cat":[254,16],"product_tag":[],"class_list":{"0":"post-2502","1":"product","2":"type-product","3":"status-publish","4":"has-post-thumbnail","6":"product_cat-vichy","7":"product_cat-boutique","8":"thunk-woo-product-list","9":"opn-qv-enable","10":"big-store-woo-hover-zoom","11":"open-single-product-tab-horizontal","12":"open-shadow-","13":"open-shadow-hover-","15":"first","16":"instock","17":"sale","18":"taxable","19":"shipping-taxable","20":"purchasable","21":"product-type-simple"},"aioseo_notices":[],"_links":{"self":[{"href":"https:\/\/para-orchidee.com\/index.php?rest_route=\/wp\/v2\/product\/2502","targetHints":{"allow":["GET"]}}],"collection":[{"href":"https:\/\/para-orchidee.com\/index.php?rest_route=\/wp\/v2\/product"}],"about":[{"href":"https:\/\/para-orchidee.com\/index.php?rest_route=\/wp\/v2\/types\/product"}],"replies":[{"embeddable":true,"href":"https:\/\/para-orchidee.com\/index.php?rest_route=%2Fwp%2Fv2%2Fcomments&post=2502"}],"wp:featuredmedia":[{"embeddable":true,"href":"https:\/\/para-orchidee.com\/index.php?rest_route=\/wp\/v2\/media\/2383"}],"wp:attachment":[{"href":"https:\/\/para-orchidee.com\/index.php?rest_route=%2Fwp%2Fv2%2Fmedia&parent=2502"}],"wp:term":[{"taxonomy":"product_brand","embeddable":true,"href":"https:\/\/para-orchidee.com\/index.php?rest_route=%2Fwp%2Fv2%2Fproduct_brand&post=2502"},{"taxonomy":"product_cat","embeddable":true,"href":"https:\/\/para-orchidee.com\/index.php?rest_route=%2Fwp%2Fv2%2Fproduct_cat&post=2502"},{"taxonomy":"product_tag","embeddable":true,"href":"https:\/\/para-orchidee.com\/index.php?rest_route=%2Fwp%2Fv2%2Fproduct_tag&post=2502"}],"curies":[{"name":"wp","href":"https:\/\/api.w.org\/{rel}","templated":true}]}}