{"id":2718,"date":"2025-03-13T14:31:03","date_gmt":"2025-03-13T14:31:03","guid":{"rendered":"https:\/\/para-orchidee.com\/?product=insta-masque-detoxifiane-eclat-50-ml"},"modified":"2025-03-14T23:32:25","modified_gmt":"2025-03-14T23:32:25","slug":"insta-masque-detoxifiane-eclat-50-ml","status":"publish","type":"product","link":"https:\/\/para-orchidee.com\/?product=insta-masque-detoxifiane-eclat-50-ml&lang=fr","title":{"rendered":"INSTA MASQUE DETOXIFIANE ECLAT 50 ML"},"content":{"rendered":"<p>Ce masque au charbon allie les bienfaits de l&rsquo;eau florale de Rose \u00e0 du charbon v\u00e9g\u00e9tal activ\u00e9 pour capter et \u00e9liminer toutes les impuret\u00e9s (particules polluantes, s\u00e9bum\u2026). En 2 minutes chrono, la peau est d\u00e9toxifi\u00e9e, elle est fra\u00eeche et son \u00e9clat est raviv\u00e9. Ultra-sensorielle, sa texture gel\u00e9e noire intense se transforme en lait au contact de l&rsquo;eau pour un rin\u00e7age facile et<\/p>\n<p>un fini doux et confortable .<\/p>\n<p>Conseils d&rsquo;utilisation :<\/p>\n<p>Appliquer g\u00e9n\u00e9reusement sur peau s\u00e8che sur l\u2019ensemble des zones \u00e0 corriger, en \u00e9vitant le contour des yeux.<\/p>\n<p>Laisser poser 2 minutes pour bien accrocher les impuret\u00e9s accumul\u00e9s \u00e0 la surface de la peau.<\/p>\n<p>Humidifier ensuite l\u00e9g\u00e8rement vos mains puis masser par mouvements circulaires jusqu\u2019\u00e0 transformation de la texture en lait.<\/p>\n<p>Terminer par le rin\u00e7age \u00e0 l\u2019eau.<\/p>\n<p>Peut s&rsquo;utiliser sous la douche pour un geste express.<\/p>\n","protected":false},"excerpt":{"rendered":"<p>Masque au charbon actif : \u00e9clat instantan\u00e9, 96,2 % naturel.<\/p>\n","protected":false},"featured_media":2653,"comment_status":"open","ping_status":"closed","template":"","meta":{"om_disable_all_campaigns":false,"_monsterinsights_skip_tracking":false,"_monsterinsights_sitenote_active":false,"_monsterinsights_sitenote_note":"","_monsterinsights_sitenote_category":0},"product_brand":[],"product_cat":[255,16],"product_tag":[],"class_list":{"0":"post-2718","1":"product","2":"type-product","3":"status-publish","4":"has-post-thumbnail","6":"product_cat-nuxe","7":"product_cat-boutique","8":"thunk-woo-product-list","9":"opn-qv-enable","10":"big-store-woo-hover-zoom","11":"open-single-product-tab-horizontal","12":"open-shadow-","13":"open-shadow-hover-","15":"first","16":"instock","17":"sale","18":"taxable","19":"shipping-taxable","20":"purchasable","21":"product-type-simple"},"aioseo_notices":[],"_links":{"self":[{"href":"https:\/\/para-orchidee.com\/index.php?rest_route=\/wp\/v2\/product\/2718","targetHints":{"allow":["GET"]}}],"collection":[{"href":"https:\/\/para-orchidee.com\/index.php?rest_route=\/wp\/v2\/product"}],"about":[{"href":"https:\/\/para-orchidee.com\/index.php?rest_route=\/wp\/v2\/types\/product"}],"replies":[{"embeddable":true,"href":"https:\/\/para-orchidee.com\/index.php?rest_route=%2Fwp%2Fv2%2Fcomments&post=2718"}],"wp:featuredmedia":[{"embeddable":true,"href":"https:\/\/para-orchidee.com\/index.php?rest_route=\/wp\/v2\/media\/2653"}],"wp:attachment":[{"href":"https:\/\/para-orchidee.com\/index.php?rest_route=%2Fwp%2Fv2%2Fmedia&parent=2718"}],"wp:term":[{"taxonomy":"product_brand","embeddable":true,"href":"https:\/\/para-orchidee.com\/index.php?rest_route=%2Fwp%2Fv2%2Fproduct_brand&post=2718"},{"taxonomy":"product_cat","embeddable":true,"href":"https:\/\/para-orchidee.com\/index.php?rest_route=%2Fwp%2Fv2%2Fproduct_cat&post=2718"},{"taxonomy":"product_tag","embeddable":true,"href":"https:\/\/para-orchidee.com\/index.php?rest_route=%2Fwp%2Fv2%2Fproduct_tag&post=2718"}],"curies":[{"name":"wp","href":"https:\/\/api.w.org\/{rel}","templated":true}]}}