{"id":2719,"date":"2025-03-13T14:31:03","date_gmt":"2025-03-13T14:31:03","guid":{"rendered":"https:\/\/para-orchidee.com\/?product=coffret-rituel-lift-fermete"},"modified":"2025-03-14T23:32:25","modified_gmt":"2025-03-14T23:32:25","slug":"coffret-rituel-lift-fermete","status":"publish","type":"product","link":"https:\/\/para-orchidee.com\/?product=coffret-rituel-lift-fermete&lang=fr","title":{"rendered":"COFFRET RITUEL LIFT FERMETE"},"content":{"rendered":"<p>Le rituel lift-fermet\u00e9 Merveillance Lift pour corriger vos rides et raffermir votre peau. L&rsquo;alliance d&rsquo;une efficacit\u00e9 anti-\u00e2ge et d&rsquo;un plaisir ultime dans ce coffret anti-age Merveillance Lift :<\/p>\n<p>&#8211; Merveillance Lift La Cr\u00e8me Poudr\u00e9e Effet Liftant 50ml<br \/>\n&#8211; Merveillance Lift La Cr\u00e8me Liftante Regard 15ml<br \/>\n&#8211; Merveillance Lift La Cr\u00e8me Concentr\u00e9e De Nuit 15ml<\/p>\n<p>Soins formul\u00e9s et fabriqu\u00e9s en France.<br \/>\nCoffret 100% carton, 0% plastique et fabriqu\u00e9 en France.<br \/>\nLift= Effet Liftant<\/p>\n","protected":false},"excerpt":{"rendered":"<p>Offrez \u00e0 votre peau un effet liftant avec le coffret NUXE Merveillance Lift. Soin anti-rides efficace, 100% e in France.<\/p>\n","protected":false},"featured_media":2616,"comment_status":"open","ping_status":"closed","template":"","meta":{"om_disable_all_campaigns":false,"_monsterinsights_skip_tracking":false,"_monsterinsights_sitenote_active":false,"_monsterinsights_sitenote_note":"","_monsterinsights_sitenote_category":0},"product_brand":[],"product_cat":[255,16],"product_tag":[],"class_list":{"0":"post-2719","1":"product","2":"type-product","3":"status-publish","4":"has-post-thumbnail","6":"product_cat-nuxe","7":"product_cat-boutique","8":"thunk-woo-product-list","9":"opn-qv-enable","10":"big-store-woo-hover-zoom","11":"open-single-product-tab-horizontal","12":"open-shadow-","13":"open-shadow-hover-","15":"first","16":"instock","17":"sale","18":"taxable","19":"shipping-taxable","20":"purchasable","21":"product-type-simple"},"aioseo_notices":[],"_links":{"self":[{"href":"https:\/\/para-orchidee.com\/index.php?rest_route=\/wp\/v2\/product\/2719","targetHints":{"allow":["GET"]}}],"collection":[{"href":"https:\/\/para-orchidee.com\/index.php?rest_route=\/wp\/v2\/product"}],"about":[{"href":"https:\/\/para-orchidee.com\/index.php?rest_route=\/wp\/v2\/types\/product"}],"replies":[{"embeddable":true,"href":"https:\/\/para-orchidee.com\/index.php?rest_route=%2Fwp%2Fv2%2Fcomments&post=2719"}],"wp:featuredmedia":[{"embeddable":true,"href":"https:\/\/para-orchidee.com\/index.php?rest_route=\/wp\/v2\/media\/2616"}],"wp:attachment":[{"href":"https:\/\/para-orchidee.com\/index.php?rest_route=%2Fwp%2Fv2%2Fmedia&parent=2719"}],"wp:term":[{"taxonomy":"product_brand","embeddable":true,"href":"https:\/\/para-orchidee.com\/index.php?rest_route=%2Fwp%2Fv2%2Fproduct_brand&post=2719"},{"taxonomy":"product_cat","embeddable":true,"href":"https:\/\/para-orchidee.com\/index.php?rest_route=%2Fwp%2Fv2%2Fproduct_cat&post=2719"},{"taxonomy":"product_tag","embeddable":true,"href":"https:\/\/para-orchidee.com\/index.php?rest_route=%2Fwp%2Fv2%2Fproduct_tag&post=2719"}],"curies":[{"name":"wp","href":"https:\/\/api.w.org\/{rel}","templated":true}]}}