{"id":2722,"date":"2025-03-13T14:31:04","date_gmt":"2025-03-13T14:31:04","guid":{"rendered":"https:\/\/para-orchidee.com\/?product=coffret-les-iconiques"},"modified":"2025-03-14T23:36:22","modified_gmt":"2025-03-14T23:36:22","slug":"coffret-les-iconiques","status":"publish","type":"product","link":"https:\/\/para-orchidee.com\/?product=coffret-les-iconiques&lang=fr","title":{"rendered":"COFFRET LES ICONIQUES"},"content":{"rendered":"<p>D\u00e9couvrez les 3 soins iconiques de NUXE pour \u00e9veiller vos sens. Ce Coffret Soin Visage contient :<\/p>\n<p>&#8211; Huile Prodigieuse\u00ae 50ml<\/p>\n<p>&#8211; Cr\u00e8me Fra\u00eeche de Beaut\u00e9\u00ae Cr\u00e8me Repulpante Hydratante 48h* 30ml<\/p>\n<p>&#8211; R\u00eave de Miel Baume L\u00e8vres au Miel Ultra-nourrissant et R\u00e9parateur 15g<\/p>\n<p>Soins formul\u00e9s et fabriqu\u00e9s en France.<\/p>\n<p>Coffret fabriqu\u00e9 en France, 100% carton, 0% plastique et recyclable<\/p>\n","protected":false},"excerpt":{"rendered":"<p>Les 3 soins iconiques de NUXE pour \u00e9veiller vos sens<\/p>\n","protected":false},"featured_media":2614,"comment_status":"open","ping_status":"closed","template":"","meta":{"om_disable_all_campaigns":false,"_monsterinsights_skip_tracking":false,"_monsterinsights_sitenote_active":false,"_monsterinsights_sitenote_note":"","_monsterinsights_sitenote_category":0},"product_brand":[],"product_cat":[255,16],"product_tag":[],"class_list":{"0":"post-2722","1":"product","2":"type-product","3":"status-publish","4":"has-post-thumbnail","6":"product_cat-nuxe","7":"product_cat-boutique","8":"thunk-woo-product-list","9":"opn-qv-enable","10":"big-store-woo-hover-zoom","11":"open-single-product-tab-horizontal","12":"open-shadow-","13":"open-shadow-hover-","15":"first","16":"instock","17":"sale","18":"taxable","19":"shipping-taxable","20":"purchasable","21":"product-type-simple"},"aioseo_notices":[],"_links":{"self":[{"href":"https:\/\/para-orchidee.com\/index.php?rest_route=\/wp\/v2\/product\/2722","targetHints":{"allow":["GET"]}}],"collection":[{"href":"https:\/\/para-orchidee.com\/index.php?rest_route=\/wp\/v2\/product"}],"about":[{"href":"https:\/\/para-orchidee.com\/index.php?rest_route=\/wp\/v2\/types\/product"}],"replies":[{"embeddable":true,"href":"https:\/\/para-orchidee.com\/index.php?rest_route=%2Fwp%2Fv2%2Fcomments&post=2722"}],"wp:featuredmedia":[{"embeddable":true,"href":"https:\/\/para-orchidee.com\/index.php?rest_route=\/wp\/v2\/media\/2614"}],"wp:attachment":[{"href":"https:\/\/para-orchidee.com\/index.php?rest_route=%2Fwp%2Fv2%2Fmedia&parent=2722"}],"wp:term":[{"taxonomy":"product_brand","embeddable":true,"href":"https:\/\/para-orchidee.com\/index.php?rest_route=%2Fwp%2Fv2%2Fproduct_brand&post=2722"},{"taxonomy":"product_cat","embeddable":true,"href":"https:\/\/para-orchidee.com\/index.php?rest_route=%2Fwp%2Fv2%2Fproduct_cat&post=2722"},{"taxonomy":"product_tag","embeddable":true,"href":"https:\/\/para-orchidee.com\/index.php?rest_route=%2Fwp%2Fv2%2Fproduct_tag&post=2722"}],"curies":[{"name":"wp","href":"https:\/\/api.w.org\/{rel}","templated":true}]}}