{"id":2725,"date":"2025-03-13T14:31:04","date_gmt":"2025-03-13T14:31:04","guid":{"rendered":"https:\/\/para-orchidee.com\/?product=coffret-infiniment-glow"},"modified":"2025-03-14T23:36:22","modified_gmt":"2025-03-14T23:36:22","slug":"coffret-infiniment-glow","status":"publish","type":"product","link":"https:\/\/para-orchidee.com\/?product=coffret-infiniment-glow&lang=fr","title":{"rendered":"COFFRET INFINIMENT GLOW"},"content":{"rendered":"<p>Plongez dans l&rsquo;univers de l&rsquo;\u00e9clat et de la douceur avec le Coffret NUXE Infiniment Glow, une v\u00e9ritable ode \u00e0 la beaut\u00e9 naturelle. Ce coffret r\u00e9unit trois essentiels pour sublimer votre peau et vos l\u00e8vres tout en y d\u00e9posant un \u00e9clat dor\u00e9 irr\u00e9sistible.<\/p>\n<p>Huile Prodigieuse Or 50ml : Cette huile s\u00e8che multifonctionnelle est l&rsquo;alli\u00e9e parfaite pour nourrir et illuminer votre peau et vos cheveux. Enrichie en 7 huiles v\u00e9g\u00e9tales pr\u00e9cieuses, elle adoucit, r\u00e9pare et hydrate tout en laissant un voile scintillant dor\u00e9 sur le visage, le corps et la chevelure.<\/p>\n<p>Roller Huile Prodigieuse Or 8ml : Un format roll-on pratique \u00e0 emporter partout avec vous pour des retouches \u00e9clat en toute discr\u00e9tion. Appliquez-le sur les zones strat\u00e9giques pour une mise en lumi\u00e8re instantan\u00e9e.<\/p>\n<p>Soin L\u00e8vres au Miel 10g : Un baume \u00e0 l\u00e8vres r\u00e9parateur et ultra-nourrissant qui r\u00e9pare et prot\u00e8ge les l\u00e8vres dess\u00e9ch\u00e9es. Gr\u00e2ce \u00e0 sa formule au miel et aux huiles v\u00e9g\u00e9tales, il apaise et laisse vos l\u00e8vres douces et souples.<br \/>\nQue ce soit pour pr\u00e9parer votre peau pour une soir\u00e9e ou offrir un \u00e9clat naturel au quotidien, le Coffret Infiniment Glow est le compagnon id\u00e9al pour un look radieux et sophistiqu\u00e9.<\/p>\n<p>Conseils d&rsquo;utilisation :<\/p>\n<p>Huile Prodigieuse Or : Appliquez l&rsquo;huile sur le visage, le corps et les cheveux. Pour le visage, appliquez en \u00e9vitant le contour des yeux. Pour un effet glamour, appliquez sur les jambes, les bras et les pointes des cheveux.<br \/>\nRoller Huile Prodigieuse Or : Utilisez le roller sur les pommettes, le d\u00e9collet\u00e9 ou les \u00e9paules pour accentuer les zones de lumi\u00e8re.<br \/>\nSoin L\u00e8vres au Miel : Appliquez g\u00e9n\u00e9reusement sur les l\u00e8vres aussi souvent que n\u00e9cessaire, surtout en cas de s\u00e9cheresse.<\/p>\n","protected":false},"excerpt":{"rendered":"<p>Sublimez votre peau avec l&rsquo;Huile Prodigieuse Or et prenez soin de vos l\u00e8vres gr\u00e2ce au baume au miel, r\u00e9unis dans le coffret NUXE Infiniment Glow.<\/p>\n","protected":false},"featured_media":2609,"comment_status":"open","ping_status":"closed","template":"","meta":{"om_disable_all_campaigns":false,"_monsterinsights_skip_tracking":false,"_monsterinsights_sitenote_active":false,"_monsterinsights_sitenote_note":"","_monsterinsights_sitenote_category":0},"product_brand":[],"product_cat":[255,16],"product_tag":[],"class_list":{"0":"post-2725","1":"product","2":"type-product","3":"status-publish","4":"has-post-thumbnail","6":"product_cat-nuxe","7":"product_cat-boutique","8":"thunk-woo-product-list","9":"opn-qv-enable","10":"big-store-woo-hover-zoom","11":"open-single-product-tab-horizontal","12":"open-shadow-","13":"open-shadow-hover-","15":"first","16":"instock","17":"sale","18":"taxable","19":"shipping-taxable","20":"purchasable","21":"product-type-simple"},"aioseo_notices":[],"_links":{"self":[{"href":"https:\/\/para-orchidee.com\/index.php?rest_route=\/wp\/v2\/product\/2725","targetHints":{"allow":["GET"]}}],"collection":[{"href":"https:\/\/para-orchidee.com\/index.php?rest_route=\/wp\/v2\/product"}],"about":[{"href":"https:\/\/para-orchidee.com\/index.php?rest_route=\/wp\/v2\/types\/product"}],"replies":[{"embeddable":true,"href":"https:\/\/para-orchidee.com\/index.php?rest_route=%2Fwp%2Fv2%2Fcomments&post=2725"}],"wp:featuredmedia":[{"embeddable":true,"href":"https:\/\/para-orchidee.com\/index.php?rest_route=\/wp\/v2\/media\/2609"}],"wp:attachment":[{"href":"https:\/\/para-orchidee.com\/index.php?rest_route=%2Fwp%2Fv2%2Fmedia&parent=2725"}],"wp:term":[{"taxonomy":"product_brand","embeddable":true,"href":"https:\/\/para-orchidee.com\/index.php?rest_route=%2Fwp%2Fv2%2Fproduct_brand&post=2725"},{"taxonomy":"product_cat","embeddable":true,"href":"https:\/\/para-orchidee.com\/index.php?rest_route=%2Fwp%2Fv2%2Fproduct_cat&post=2725"},{"taxonomy":"product_tag","embeddable":true,"href":"https:\/\/para-orchidee.com\/index.php?rest_route=%2Fwp%2Fv2%2Fproduct_tag&post=2725"}],"curies":[{"name":"wp","href":"https:\/\/api.w.org\/{rel}","templated":true}]}}