{"id":2727,"date":"2025-03-13T14:31:04","date_gmt":"2025-03-13T14:31:04","guid":{"rendered":"https:\/\/para-orchidee.com\/?product=nuxuriance-ultra-creme-riche-redensifiante-50-ml"},"modified":"2025-03-14T23:32:25","modified_gmt":"2025-03-14T23:32:25","slug":"nuxuriance-ultra-creme-riche-redensifiante-50-ml","status":"publish","type":"product","link":"https:\/\/para-orchidee.com\/?product=nuxuriance-ultra-creme-riche-redensifiante-50-ml&lang=fr","title":{"rendered":"NUXURIANCE ULTRA CREME RICHE REDENSIFIANTE 50 ML"},"content":{"rendered":"<p>CR\u00c8ME RICHE REDENSIFIANTE ANTI- AGE GLOBAL<\/p>\n<p>Peaux s\u00e8ches \u00e0 tr\u00e8s s\u00e8ches<\/p>\n<p>EFFICACE PAR NATURE<\/p>\n<p>Cette cr\u00e8me riche redensifiante anti-\u00e2ge global, aux Cellules Bi-florales\u00ae de Safran et Bougainvillier, r\u00e9g\u00e9n\u00e8re la peau, regalbe l\u2019ovale et lisse les rides. La peau para\u00eet plus jeune : lisse et dense, elle est comme repulp\u00e9e. Son \u00e9clat naturel est raviv\u00e9. Cette cr\u00e8me apporte nutrition, souplesse et confort.<\/p>\n<p>Appliquer la Cr\u00e8me Riche Anti-\u00e2ge Global Redensifiante Nuxuriance\u00ae Ultra le matin sur le visage, le cou et le d\u00e9collet\u00e9 parfaitement nettoy\u00e9s apr\u00e8s le S\u00e9rum Nuxuriance\u00ae ultra.<\/p>\n<p>1. Chauffer une noisette de cr\u00e8me entre les paumes de la main.<\/p>\n<p>2. Appliquer par de brefs mouvements de lissage en alternant les mains, en remontant du bas vers le haut du visage. Insister sur l\u2019ovale du visage et les tempes.<\/p>\n<p>3. Renouveler les mouvements sur l\u2019autre c\u00f4t\u00e9 du visage. Appliquer ensuite sur le d\u00e9collet\u00e9 en lissant du centre vers l\u2019ext\u00e9rieur.<\/p>\n","protected":false},"excerpt":{"rendered":"<p>D\u00e9couvrez la cr\u00e8me Nuxuriance Ultra, enrichie en cellules bi-florales, pour une peau plus dense et \u00e9clatante en 28 jours.<\/p>\n","protected":false},"featured_media":2660,"comment_status":"open","ping_status":"closed","template":"","meta":{"om_disable_all_campaigns":false,"_monsterinsights_skip_tracking":false,"_monsterinsights_sitenote_active":false,"_monsterinsights_sitenote_note":"","_monsterinsights_sitenote_category":0},"product_brand":[],"product_cat":[255,16],"product_tag":[],"class_list":{"0":"post-2727","1":"product","2":"type-product","3":"status-publish","4":"has-post-thumbnail","6":"product_cat-nuxe","7":"product_cat-boutique","8":"thunk-woo-product-list","9":"opn-qv-enable","10":"big-store-woo-hover-zoom","11":"open-single-product-tab-horizontal","12":"open-shadow-","13":"open-shadow-hover-","15":"first","16":"instock","17":"sale","18":"taxable","19":"shipping-taxable","20":"purchasable","21":"product-type-simple"},"aioseo_notices":[],"_links":{"self":[{"href":"https:\/\/para-orchidee.com\/index.php?rest_route=\/wp\/v2\/product\/2727","targetHints":{"allow":["GET"]}}],"collection":[{"href":"https:\/\/para-orchidee.com\/index.php?rest_route=\/wp\/v2\/product"}],"about":[{"href":"https:\/\/para-orchidee.com\/index.php?rest_route=\/wp\/v2\/types\/product"}],"replies":[{"embeddable":true,"href":"https:\/\/para-orchidee.com\/index.php?rest_route=%2Fwp%2Fv2%2Fcomments&post=2727"}],"wp:featuredmedia":[{"embeddable":true,"href":"https:\/\/para-orchidee.com\/index.php?rest_route=\/wp\/v2\/media\/2660"}],"wp:attachment":[{"href":"https:\/\/para-orchidee.com\/index.php?rest_route=%2Fwp%2Fv2%2Fmedia&parent=2727"}],"wp:term":[{"taxonomy":"product_brand","embeddable":true,"href":"https:\/\/para-orchidee.com\/index.php?rest_route=%2Fwp%2Fv2%2Fproduct_brand&post=2727"},{"taxonomy":"product_cat","embeddable":true,"href":"https:\/\/para-orchidee.com\/index.php?rest_route=%2Fwp%2Fv2%2Fproduct_cat&post=2727"},{"taxonomy":"product_tag","embeddable":true,"href":"https:\/\/para-orchidee.com\/index.php?rest_route=%2Fwp%2Fv2%2Fproduct_tag&post=2727"}],"curies":[{"name":"wp","href":"https:\/\/api.w.org\/{rel}","templated":true}]}}