{"id":2728,"date":"2025-03-13T14:31:04","date_gmt":"2025-03-13T14:31:04","guid":{"rendered":"https:\/\/para-orchidee.com\/?product=prodigieux-lait-parfume-200-ml"},"modified":"2025-03-14T23:32:24","modified_gmt":"2025-03-14T23:32:24","slug":"prodigieux-lait-parfume-200-ml","status":"publish","type":"product","link":"https:\/\/para-orchidee.com\/?product=prodigieux-lait-parfume-200-ml&lang=fr","title":{"rendered":"PRODIGIEUX LAIT PARFUME 200 ML"},"content":{"rendered":"<p>Ce Lait Corps Sublimateur, aux Huiles V\u00e9g\u00e9tales Pr\u00e9cieuses, hydrate, satine et illumine la peau. A la fragrance mythique et envo\u00fbtante de l&rsquo;Huile Prodigieuse\u00ae.<\/p>\n<p>CONSEIL D&rsquo;UTILISATION :<\/p>\n<p>Appliquer Prodigieux\u00ae lait parfum\u00e9 le matin et\/ou le soir sur l\u2019ensemble du corps<\/p>\n","protected":false},"excerpt":{"rendered":"<p>D\u00e9couvrez le lait parfum\u00e9 Nuxe, enrichi en huiles naturelles pour une peau douce, satin\u00e9e et d\u00e9licatement parfum\u00e9e. Parfait pour votre rituel beaut\u00e9.<\/p>\n","protected":false},"featured_media":2670,"comment_status":"open","ping_status":"closed","template":"","meta":{"om_disable_all_campaigns":false,"_monsterinsights_skip_tracking":false,"_monsterinsights_sitenote_active":false,"_monsterinsights_sitenote_note":"","_monsterinsights_sitenote_category":0},"product_brand":[],"product_cat":[255,16],"product_tag":[],"class_list":{"0":"post-2728","1":"product","2":"type-product","3":"status-publish","4":"has-post-thumbnail","6":"product_cat-nuxe","7":"product_cat-boutique","8":"thunk-woo-product-list","9":"opn-qv-enable","10":"big-store-woo-hover-zoom","11":"open-single-product-tab-horizontal","12":"open-shadow-","13":"open-shadow-hover-","15":"first","16":"instock","17":"sale","18":"taxable","19":"shipping-taxable","20":"purchasable","21":"product-type-simple"},"aioseo_notices":[],"_links":{"self":[{"href":"https:\/\/para-orchidee.com\/index.php?rest_route=\/wp\/v2\/product\/2728","targetHints":{"allow":["GET"]}}],"collection":[{"href":"https:\/\/para-orchidee.com\/index.php?rest_route=\/wp\/v2\/product"}],"about":[{"href":"https:\/\/para-orchidee.com\/index.php?rest_route=\/wp\/v2\/types\/product"}],"replies":[{"embeddable":true,"href":"https:\/\/para-orchidee.com\/index.php?rest_route=%2Fwp%2Fv2%2Fcomments&post=2728"}],"wp:featuredmedia":[{"embeddable":true,"href":"https:\/\/para-orchidee.com\/index.php?rest_route=\/wp\/v2\/media\/2670"}],"wp:attachment":[{"href":"https:\/\/para-orchidee.com\/index.php?rest_route=%2Fwp%2Fv2%2Fmedia&parent=2728"}],"wp:term":[{"taxonomy":"product_brand","embeddable":true,"href":"https:\/\/para-orchidee.com\/index.php?rest_route=%2Fwp%2Fv2%2Fproduct_brand&post=2728"},{"taxonomy":"product_cat","embeddable":true,"href":"https:\/\/para-orchidee.com\/index.php?rest_route=%2Fwp%2Fv2%2Fproduct_cat&post=2728"},{"taxonomy":"product_tag","embeddable":true,"href":"https:\/\/para-orchidee.com\/index.php?rest_route=%2Fwp%2Fv2%2Fproduct_tag&post=2728"}],"curies":[{"name":"wp","href":"https:\/\/api.w.org\/{rel}","templated":true}]}}