{"id":2730,"date":"2025-03-13T14:31:04","date_gmt":"2025-03-13T14:31:04","guid":{"rendered":"https:\/\/para-orchidee.com\/?product=sweet-lemon-creme-mains-et-ongles-50-ml"},"modified":"2025-03-14T23:36:22","modified_gmt":"2025-03-14T23:36:22","slug":"sweet-lemon-creme-mains-et-ongles-50-ml","status":"publish","type":"product","link":"https:\/\/para-orchidee.com\/?product=sweet-lemon-creme-mains-et-ongles-50-ml&lang=fr","title":{"rendered":"SWEET LEMON CREME MAINS ET ONGLES 50 ML"},"content":{"rendered":"<p>Enveloppez vos mains d\u2019une douceur gourmande gr\u00e2ce \u00e0 cette cr\u00e8me certifi\u00e9e BIO et Vegan \u00e0 l\u2019irr\u00e9sistible parfum citron meringu\u00e9.<\/p>\n<p>Elle adoucit et prot\u00e8ge les mains s\u00e8ches des agressions ext\u00e9rieures (vent, froid, frottements, lavages excessifs\u2026) sans laisser d&rsquo;effet gras ou collant. Votre peau est plus souple, plus lisse, les zones de s\u00e9cheresse disparaissent ; vos mains sont sublim\u00e9es jusqu&rsquo;au bout des ongles ! D&rsquo;ailleurs, elle est id\u00e9ale pour pr\u00e9parer les mains avant une manucure.<\/p>\n<p>Les mains sont imm\u00e9diatement hydrat\u00e9es, apais\u00e9es et confortables pour 100% des volontaires\u207d\u00b9\u207e.<\/p>\n<p>Sa texture fondante et son parfum gourmand vous offrent un v\u00e9ritable moment de plaisir et de douceur.<\/p>\n","protected":false},"excerpt":{"rendered":"<p>Hydratez et prot\u00e9gez vos mains avec la cr\u00e8me NUXE Sweet Lemon BIO. Parfum citron meringu\u00e9.<\/p>\n","protected":false},"featured_media":2703,"comment_status":"open","ping_status":"closed","template":"","meta":{"om_disable_all_campaigns":false,"_monsterinsights_skip_tracking":false,"_monsterinsights_sitenote_active":false,"_monsterinsights_sitenote_note":"","_monsterinsights_sitenote_category":0},"product_brand":[],"product_cat":[255,16],"product_tag":[],"class_list":{"0":"post-2730","1":"product","2":"type-product","3":"status-publish","4":"has-post-thumbnail","6":"product_cat-nuxe","7":"product_cat-boutique","8":"thunk-woo-product-list","9":"opn-qv-enable","10":"big-store-woo-hover-zoom","11":"open-single-product-tab-horizontal","12":"open-shadow-","13":"open-shadow-hover-","15":"first","16":"instock","17":"sale","18":"taxable","19":"shipping-taxable","20":"purchasable","21":"product-type-simple"},"aioseo_notices":[],"_links":{"self":[{"href":"https:\/\/para-orchidee.com\/index.php?rest_route=\/wp\/v2\/product\/2730","targetHints":{"allow":["GET"]}}],"collection":[{"href":"https:\/\/para-orchidee.com\/index.php?rest_route=\/wp\/v2\/product"}],"about":[{"href":"https:\/\/para-orchidee.com\/index.php?rest_route=\/wp\/v2\/types\/product"}],"replies":[{"embeddable":true,"href":"https:\/\/para-orchidee.com\/index.php?rest_route=%2Fwp%2Fv2%2Fcomments&post=2730"}],"wp:featuredmedia":[{"embeddable":true,"href":"https:\/\/para-orchidee.com\/index.php?rest_route=\/wp\/v2\/media\/2703"}],"wp:attachment":[{"href":"https:\/\/para-orchidee.com\/index.php?rest_route=%2Fwp%2Fv2%2Fmedia&parent=2730"}],"wp:term":[{"taxonomy":"product_brand","embeddable":true,"href":"https:\/\/para-orchidee.com\/index.php?rest_route=%2Fwp%2Fv2%2Fproduct_brand&post=2730"},{"taxonomy":"product_cat","embeddable":true,"href":"https:\/\/para-orchidee.com\/index.php?rest_route=%2Fwp%2Fv2%2Fproduct_cat&post=2730"},{"taxonomy":"product_tag","embeddable":true,"href":"https:\/\/para-orchidee.com\/index.php?rest_route=%2Fwp%2Fv2%2Fproduct_tag&post=2730"}],"curies":[{"name":"wp","href":"https:\/\/api.w.org\/{rel}","templated":true}]}}