{"id":2732,"date":"2025-03-13T14:31:04","date_gmt":"2025-03-13T14:31:04","guid":{"rendered":"https:\/\/para-orchidee.com\/?product=body-deodorant-baume-24-h"},"modified":"2025-03-14T00:19:03","modified_gmt":"2025-03-14T00:19:03","slug":"body-deodorant-baume-24-h","status":"publish","type":"product","link":"https:\/\/para-orchidee.com\/?product=body-deodorant-baume-24-h&lang=fr","title":{"rendered":"BODY DEODORANT BAUME 24 H"},"content":{"rendered":"<p>D\u00e9couvrez un geste intuitif avec ce d\u00e9odorant solide certifi\u00e9 BIO associant une poudre v\u00e9g\u00e9tale absorbante \u00e0 une huile v\u00e9g\u00e9tale BIO.<br \/>\nGr\u00e2ce \u00e0 lui, profitez d&rsquo;une efficacit\u00e9 d\u00e9odorante 24h combin\u00e9e \u00e0 une action soin. Formul\u00e9 sp\u00e9cialement pour les peaux sensibles, il s\u2018applique facilement au doigt, comme une cr\u00e8me, et enveloppe votre peau d\u2018une agr\u00e9able sensation de nutrition.<br \/>\nIl ne laisse pas de trace.<br \/>\nSa texture baume poudr\u00e9e au fini sec diffuse le parfum r\u00e9confortant la Fleur d\u2018Oranger.<\/p>\n<p>CONSEILS D&rsquo;UTILISATION:<br \/>\nLe matin, pr\u00e9levez une demi-noisette de produit avec le doigt.<br \/>\nAppliquez sur les aisselles comme une cr\u00e8me en massant d\u00e9licatement pour faire p\u00e9n\u00e9trer le baume.<\/p>\n<p>INGREDIENTS:<br \/>\nLa Poudre V\u00e9g\u00e9tale (Amidon de ma\u00efs bio) absorbe efficacement l&rsquo;humidit\u00e9 et laisse un fini sec.<br \/>\nHuile d&rsquo;amande douce bio : Formul\u00e9 sans eau.<br \/>\nFormule vegan (enregistr\u00e9e par The Vegan Society), sans ingr\u00e9dients ni d\u00e9riv\u00e9s d\u2019origine animale.<br \/>\n100% d\u2018ingr\u00e9dients d\u2018origine naturelle<br \/>\n84% du total des ingr\u00e9dients sont issus de l&rsquo;agriculture biologique.<br \/>\nCOSMOS ORGANIC certifi\u00e9 par Ecocert Greenlife selon le r\u00e9f\u00e9rentiel COSMOS.<\/p>\n","protected":false},"excerpt":{"rendered":"<p>Prot\u00e9gez et nourrissez votre peau avec notre d\u00e9odorant solide BIO. Efficacit\u00e9 24h, parfum fleur d&rsquo;oranger, parfait pour peaux sensibles.<\/p>\n","protected":false},"featured_media":2605,"comment_status":"open","ping_status":"closed","template":"","meta":{"om_disable_all_campaigns":false,"_monsterinsights_skip_tracking":false,"_monsterinsights_sitenote_active":false,"_monsterinsights_sitenote_note":"","_monsterinsights_sitenote_category":0},"product_brand":[],"product_cat":[255,16],"product_tag":[],"class_list":{"0":"post-2732","1":"product","2":"type-product","3":"status-publish","4":"has-post-thumbnail","6":"product_cat-nuxe","7":"product_cat-boutique","8":"thunk-woo-product-list","9":"opn-qv-enable","10":"big-store-woo-hover-zoom","11":"open-single-product-tab-horizontal","12":"open-shadow-","13":"open-shadow-hover-","15":"first","16":"instock","17":"sale","18":"taxable","19":"shipping-taxable","20":"purchasable","21":"product-type-simple"},"aioseo_notices":[],"_links":{"self":[{"href":"https:\/\/para-orchidee.com\/index.php?rest_route=\/wp\/v2\/product\/2732","targetHints":{"allow":["GET"]}}],"collection":[{"href":"https:\/\/para-orchidee.com\/index.php?rest_route=\/wp\/v2\/product"}],"about":[{"href":"https:\/\/para-orchidee.com\/index.php?rest_route=\/wp\/v2\/types\/product"}],"replies":[{"embeddable":true,"href":"https:\/\/para-orchidee.com\/index.php?rest_route=%2Fwp%2Fv2%2Fcomments&post=2732"}],"wp:featuredmedia":[{"embeddable":true,"href":"https:\/\/para-orchidee.com\/index.php?rest_route=\/wp\/v2\/media\/2605"}],"wp:attachment":[{"href":"https:\/\/para-orchidee.com\/index.php?rest_route=%2Fwp%2Fv2%2Fmedia&parent=2732"}],"wp:term":[{"taxonomy":"product_brand","embeddable":true,"href":"https:\/\/para-orchidee.com\/index.php?rest_route=%2Fwp%2Fv2%2Fproduct_brand&post=2732"},{"taxonomy":"product_cat","embeddable":true,"href":"https:\/\/para-orchidee.com\/index.php?rest_route=%2Fwp%2Fv2%2Fproduct_cat&post=2732"},{"taxonomy":"product_tag","embeddable":true,"href":"https:\/\/para-orchidee.com\/index.php?rest_route=%2Fwp%2Fv2%2Fproduct_tag&post=2732"}],"curies":[{"name":"wp","href":"https:\/\/api.w.org\/{rel}","templated":true}]}}