{"id":2735,"date":"2025-03-13T14:31:04","date_gmt":"2025-03-13T14:31:04","guid":{"rendered":"https:\/\/para-orchidee.com\/?product=sun-spray-solaire-delicieux-spf30-150-ml"},"modified":"2025-03-14T23:36:21","modified_gmt":"2025-03-14T23:36:21","slug":"sun-spray-solaire-delicieux-spf30-150-ml","status":"publish","type":"product","link":"https:\/\/para-orchidee.com\/?product=sun-spray-solaire-delicieux-spf30-150-ml&lang=fr","title":{"rendered":"SUN SPRAY SOLAIRE DELICIEUX SPF30 150 ML"},"content":{"rendered":"<p>le spray solaire d\u00e9licieux SPF 30 Nuxe Sun est fait pour vous ! Si vous avez la peau claire, r\u00e9servez-le plut\u00f4t pour la fin de l&rsquo;\u00e9t\u00e9, en relais d&rsquo;un indice de protection plus \u00e9lev\u00e9. Ce spray solaire Nuxe renferme le complexe filtrant brevet\u00e9 mis au point par la recherche Nuxe et compos\u00e9 de 3 filtres organiques et 2 esters pour faire barrage \u00e0 tous les UV : UVB, UVA courts et UVA longs. Ainsi, la peau est prot\u00e9g\u00e9e des coups de soleil, des br\u00fblures, des dommages cellulaires et du photovieillissement.<br \/>\nLe spray solaire Nuxe Sun SPF 30 contient \u00e9galement des extraits de riz et de romarin, choisis pour former un duo v\u00e9g\u00e9tal antioxydant. Ils garantissent la protection des cellules contre les radicaux libres et le stress oxydatif, facteurs de vieillissement cutan\u00e9 pr\u00e9matur\u00e9. On retrouve ensuite un extrait de caroube qui vient sublimer le bronzage naturellement. Enfin, l&rsquo;huile de tournesol est associ\u00e9e \u00e0 des humectants afin de pr\u00e9venir \u00e0 la fois le dess\u00e8chement cutan\u00e9 et la d\u00e9shydratation.<\/p>\n","protected":false},"excerpt":{"rendered":"<p>Le spray solaire d\u00e9licieux SPF 30 de la marque Nuxe Sun s&rsquo;adresse \u00e0 tous les types de peau. Il assure une haute protection solaire \u00e0 large spectre ainsi qu&rsquo;une protection cellulaire anti-\u00e2ge, une hydratation optimale et une mise en valeur du bronzage.<\/p>\n","protected":false},"featured_media":2699,"comment_status":"open","ping_status":"closed","template":"","meta":{"om_disable_all_campaigns":false,"_monsterinsights_skip_tracking":false,"_monsterinsights_sitenote_active":false,"_monsterinsights_sitenote_note":"","_monsterinsights_sitenote_category":0},"product_brand":[],"product_cat":[255,16],"product_tag":[],"class_list":{"0":"post-2735","1":"product","2":"type-product","3":"status-publish","4":"has-post-thumbnail","6":"product_cat-nuxe","7":"product_cat-boutique","8":"thunk-woo-product-list","9":"opn-qv-enable","10":"big-store-woo-hover-zoom","11":"open-single-product-tab-horizontal","12":"open-shadow-","13":"open-shadow-hover-","15":"first","16":"instock","17":"sale","18":"taxable","19":"shipping-taxable","20":"purchasable","21":"product-type-simple"},"aioseo_notices":[],"_links":{"self":[{"href":"https:\/\/para-orchidee.com\/index.php?rest_route=\/wp\/v2\/product\/2735","targetHints":{"allow":["GET"]}}],"collection":[{"href":"https:\/\/para-orchidee.com\/index.php?rest_route=\/wp\/v2\/product"}],"about":[{"href":"https:\/\/para-orchidee.com\/index.php?rest_route=\/wp\/v2\/types\/product"}],"replies":[{"embeddable":true,"href":"https:\/\/para-orchidee.com\/index.php?rest_route=%2Fwp%2Fv2%2Fcomments&post=2735"}],"wp:featuredmedia":[{"embeddable":true,"href":"https:\/\/para-orchidee.com\/index.php?rest_route=\/wp\/v2\/media\/2699"}],"wp:attachment":[{"href":"https:\/\/para-orchidee.com\/index.php?rest_route=%2Fwp%2Fv2%2Fmedia&parent=2735"}],"wp:term":[{"taxonomy":"product_brand","embeddable":true,"href":"https:\/\/para-orchidee.com\/index.php?rest_route=%2Fwp%2Fv2%2Fproduct_brand&post=2735"},{"taxonomy":"product_cat","embeddable":true,"href":"https:\/\/para-orchidee.com\/index.php?rest_route=%2Fwp%2Fv2%2Fproduct_cat&post=2735"},{"taxonomy":"product_tag","embeddable":true,"href":"https:\/\/para-orchidee.com\/index.php?rest_route=%2Fwp%2Fv2%2Fproduct_tag&post=2735"}],"curies":[{"name":"wp","href":"https:\/\/api.w.org\/{rel}","templated":true}]}}