{"id":2737,"date":"2025-03-13T14:31:05","date_gmt":"2025-03-13T14:31:05","guid":{"rendered":"https:\/\/para-orchidee.com\/?product=sun-eau-delicieuse-parfumante-100-ml"},"modified":"2025-03-14T23:36:21","modified_gmt":"2025-03-14T23:36:21","slug":"sun-eau-delicieuse-parfumante-100-ml","status":"publish","type":"product","link":"https:\/\/para-orchidee.com\/?product=sun-eau-delicieuse-parfumante-100-ml&lang=fr","title":{"rendered":"SUN EAU DELICIEUSE PARFUMANTE 100 ML"},"content":{"rendered":"<p>Retrouvez le parfum des produits solaires NUXE Sun avec cette fragrance irr\u00e9sistible.<\/p>\n<p>L&rsquo;Eau D\u00e9licieuse Parfumante capture l&rsquo;esprit incandescent de l&rsquo;\u00e9t\u00e9 dans un flacon aux couleurs de coucher de soleil.<\/p>\n<p>Ses premi\u00e8res notes d\u00e9voilent une harmonie p\u00e9tillante d&rsquo;Orange Douce et de Petit Grain, un duo \u00e9blouissant qui vous transporte instantan\u00e9ment.<\/p>\n<p>D\u00e9collez ensuite vers les tropiques en respirant son c\u0153ur de Coco et de fleurs de Tiar\u00e9 caress\u00e9 par un accord sensuel de Vanille et de Muscs.<\/p>\n","protected":false},"excerpt":{"rendered":"<p>Au parfum de NUXE Sun. Aux notes de Coco et de Fleurs de Tiar\u00e9. Vaporiser sur la peau pour l&rsquo;envelopper d&rsquo;un voile de douceur parfum\u00e9.<\/p>\n","protected":false},"featured_media":2692,"comment_status":"open","ping_status":"closed","template":"","meta":{"om_disable_all_campaigns":false,"_monsterinsights_skip_tracking":false,"_monsterinsights_sitenote_active":false,"_monsterinsights_sitenote_note":"","_monsterinsights_sitenote_category":0},"product_brand":[],"product_cat":[255,16],"product_tag":[],"class_list":{"0":"post-2737","1":"product","2":"type-product","3":"status-publish","4":"has-post-thumbnail","6":"product_cat-nuxe","7":"product_cat-boutique","8":"thunk-woo-product-list","9":"opn-qv-enable","10":"big-store-woo-hover-zoom","11":"open-single-product-tab-horizontal","12":"open-shadow-","13":"open-shadow-hover-","15":"first","16":"instock","17":"sale","18":"taxable","19":"shipping-taxable","20":"purchasable","21":"product-type-simple"},"aioseo_notices":[],"_links":{"self":[{"href":"https:\/\/para-orchidee.com\/index.php?rest_route=\/wp\/v2\/product\/2737","targetHints":{"allow":["GET"]}}],"collection":[{"href":"https:\/\/para-orchidee.com\/index.php?rest_route=\/wp\/v2\/product"}],"about":[{"href":"https:\/\/para-orchidee.com\/index.php?rest_route=\/wp\/v2\/types\/product"}],"replies":[{"embeddable":true,"href":"https:\/\/para-orchidee.com\/index.php?rest_route=%2Fwp%2Fv2%2Fcomments&post=2737"}],"wp:featuredmedia":[{"embeddable":true,"href":"https:\/\/para-orchidee.com\/index.php?rest_route=\/wp\/v2\/media\/2692"}],"wp:attachment":[{"href":"https:\/\/para-orchidee.com\/index.php?rest_route=%2Fwp%2Fv2%2Fmedia&parent=2737"}],"wp:term":[{"taxonomy":"product_brand","embeddable":true,"href":"https:\/\/para-orchidee.com\/index.php?rest_route=%2Fwp%2Fv2%2Fproduct_brand&post=2737"},{"taxonomy":"product_cat","embeddable":true,"href":"https:\/\/para-orchidee.com\/index.php?rest_route=%2Fwp%2Fv2%2Fproduct_cat&post=2737"},{"taxonomy":"product_tag","embeddable":true,"href":"https:\/\/para-orchidee.com\/index.php?rest_route=%2Fwp%2Fv2%2Fproduct_tag&post=2737"}],"curies":[{"name":"wp","href":"https:\/\/api.w.org\/{rel}","templated":true}]}}