{"id":2738,"date":"2025-03-13T14:31:05","date_gmt":"2025-03-13T14:31:05","guid":{"rendered":"https:\/\/para-orchidee.com\/?product=hair-prodigieux-le-masque-125-ml"},"modified":"2025-03-14T23:36:21","modified_gmt":"2025-03-14T23:36:21","slug":"hair-prodigieux-le-masque-125-ml","status":"publish","type":"product","link":"https:\/\/para-orchidee.com\/?product=hair-prodigieux-le-masque-125-ml&lang=fr","title":{"rendered":"HAIR PRODIGIEUX LE MASQUE 125 ML"},"content":{"rendered":"<p>Id\u00e9al pour r\u00e9aliser un bain d&rsquo;huile avant le shampooing, le masque Hair Prodigieux Nuxe vient nourrir et r\u00e9parer intens\u00e9ment la fibre capillaire. Sa formule a \u00e9t\u00e9 con\u00e7ue comme un cocktail d&rsquo;huiles v\u00e9g\u00e9tales parmi lesquelles l&rsquo;huile ferment\u00e9e de cam\u00e9lia rose. Deux fois plus nourrissante qu&rsquo;une huile non ferment\u00e9e, elle poss\u00e8de une puissance sublimatrice et des propri\u00e9t\u00e9s r\u00e9paratrices et antioxydantes. L&rsquo;huile ferment\u00e9e de cam\u00e9lia rose renferme un glycolipide, actif semblable aux c\u00e9ramides, qui offre une r\u00e9paration en profondeur et une fortification durable des cheveux. Le masque Nuxe Hair Prodigieux contient \u00e9galement des huiles de macadamia, tournesol, jojoba et ricin, ainsi que du beurre de karit\u00e9. Leur r\u00f4le est d&rsquo;augmenter l&rsquo;effet nourrissant et r\u00e9g\u00e9n\u00e9rant de la formule.<\/p>\n<p>Ce masque cheveux Nuxe se caract\u00e9rise par sa grande sensorialit\u00e9 qui lui vient notamment de sa texture huile. Enveloppant, le soin garantit une p\u00e9n\u00e9tration optimale de ses actifs au coeur du cheveu. Le plaisir d&rsquo;utilisation est renforc\u00e9 par le parfum du masque, inspir\u00e9 de la mythique Huile Prodigieuse et diffusant des notes de fleur d&rsquo;oranger, magnolia et vanille. R\u00e9sultats : des cheveux \u00e9clatants de brillance, souples et soyeux au toucher.<\/p>\n<p>Caract\u00e9ristiques :<\/p>\n<p>Vegan<br \/>\n98 % d&rsquo;ingr\u00e9dients d&rsquo;origine naturelle<br \/>\n0 % silicone<br \/>\nFabriqu\u00e9 en France<\/p>\n","protected":false},"excerpt":{"rendered":"<p>Le masque Hair Prodigieux d\u00e9velopp\u00e9 par la marque Nuxe est un masque nutrition avant-shampooing<\/p>\n","protected":false},"featured_media":2632,"comment_status":"open","ping_status":"closed","template":"","meta":{"om_disable_all_campaigns":false,"_monsterinsights_skip_tracking":false,"_monsterinsights_sitenote_active":false,"_monsterinsights_sitenote_note":"","_monsterinsights_sitenote_category":0},"product_brand":[],"product_cat":[255,16],"product_tag":[],"class_list":{"0":"post-2738","1":"product","2":"type-product","3":"status-publish","4":"has-post-thumbnail","6":"product_cat-nuxe","7":"product_cat-boutique","8":"thunk-woo-product-list","9":"opn-qv-enable","10":"big-store-woo-hover-zoom","11":"open-single-product-tab-horizontal","12":"open-shadow-","13":"open-shadow-hover-","15":"first","16":"instock","17":"sale","18":"taxable","19":"shipping-taxable","20":"purchasable","21":"product-type-simple"},"aioseo_notices":[],"_links":{"self":[{"href":"https:\/\/para-orchidee.com\/index.php?rest_route=\/wp\/v2\/product\/2738","targetHints":{"allow":["GET"]}}],"collection":[{"href":"https:\/\/para-orchidee.com\/index.php?rest_route=\/wp\/v2\/product"}],"about":[{"href":"https:\/\/para-orchidee.com\/index.php?rest_route=\/wp\/v2\/types\/product"}],"replies":[{"embeddable":true,"href":"https:\/\/para-orchidee.com\/index.php?rest_route=%2Fwp%2Fv2%2Fcomments&post=2738"}],"wp:featuredmedia":[{"embeddable":true,"href":"https:\/\/para-orchidee.com\/index.php?rest_route=\/wp\/v2\/media\/2632"}],"wp:attachment":[{"href":"https:\/\/para-orchidee.com\/index.php?rest_route=%2Fwp%2Fv2%2Fmedia&parent=2738"}],"wp:term":[{"taxonomy":"product_brand","embeddable":true,"href":"https:\/\/para-orchidee.com\/index.php?rest_route=%2Fwp%2Fv2%2Fproduct_brand&post=2738"},{"taxonomy":"product_cat","embeddable":true,"href":"https:\/\/para-orchidee.com\/index.php?rest_route=%2Fwp%2Fv2%2Fproduct_cat&post=2738"},{"taxonomy":"product_tag","embeddable":true,"href":"https:\/\/para-orchidee.com\/index.php?rest_route=%2Fwp%2Fv2%2Fproduct_tag&post=2738"}],"curies":[{"name":"wp","href":"https:\/\/api.w.org\/{rel}","templated":true}]}}