{"id":2739,"date":"2025-03-13T14:31:05","date_gmt":"2025-03-13T14:31:05","guid":{"rendered":"https:\/\/para-orchidee.com\/?product=hair-prodigieux-le-demelant-200-ml"},"modified":"2025-03-14T23:36:21","modified_gmt":"2025-03-14T23:36:21","slug":"hair-prodigieux-le-demelant-200-ml","status":"publish","type":"product","link":"https:\/\/para-orchidee.com\/?product=hair-prodigieux-le-demelant-200-ml&lang=fr","title":{"rendered":"HAIR PRODIGIEUX LE DEMELANT 200 ML"},"content":{"rendered":"<p>Hair Prodigieux\u00ae &#8211; Captez la lumi\u00e8re<br \/>\nTransformez vos cheveux gr\u00e2ce \u00e0 la puissance sublimatrice de l&rsquo;huile ferment\u00e9e de Cam\u00e9lia rose !<br \/>\nN\u00e9 de l&rsquo;expertise du Laboratoire Nuxe sur les huiles v\u00e9g\u00e9tales, le D\u00e9m\u00ealant Brillance Miroir d\u00e9m\u00eale instantan\u00e9ment et parfume d\u00e9licatement les cheveux. Formul\u00e9 sans silicone, ce d\u00e9m\u00ealant, \u00e0 l&rsquo;huile ferment\u00e9e de Cam\u00e9lia rose, nourrit intens\u00e9ment la fibre capillaire. Sa texture baume \u00e0 la fragrance mythique de l\u2019Huile Prodigieuse\u00ae enveloppe les cheveux pour un rituel sensoriel inou\u00ef. Les cheveux sont \u00e9clatants de brillance au toucher soyeux addictif.<\/p>\n<p>D\u00e8s la 1\u00e8re application (1) :<br \/>\n&#8211; Les cheveux sont faciles \u00e0 d\u00e9m\u00ealer pour 90% des utilisatrices.<br \/>\n&#8211; Les cheveux sont hydrat\u00e9s pour 90% des utilisatrices<br \/>\n&#8211; Les cheveux sont soyeux pour 90% des utilisatrices.<br \/>\n&#8211; Les cheveux sont doux pour 90% des utilisatrices.<\/p>\n<p>Apr\u00e8s 12 applications (2) :<br \/>\n&#8211; Pour une brillance encore plus intense : + 40% de brillance (2)<br \/>\n(1) Test usage &#8211; 21 femmes &#8211; % de satisfaction imm\u00e9diatement apr\u00e8s application.<br \/>\n(2) Test instrumental sur m\u00e8che &#8211; % d&rsquo;am\u00e9lioration apr\u00e8s 12 applications.<\/p>\n<p>95% d&rsquo;ingr\u00e9dients d&rsquo;origine naturelle.<\/p>\n<p>Soin formul\u00e9 et fabriqu\u00e9 en France.<\/p>\n","protected":false},"excerpt":{"rendered":"<p>D\u00e9m\u00ealant Brillance Miroir D\u00c9M\u00caLE, NOURRIT, SUBLIME.<\/p>\n","protected":false},"featured_media":2631,"comment_status":"open","ping_status":"closed","template":"","meta":{"om_disable_all_campaigns":false,"_monsterinsights_skip_tracking":false,"_monsterinsights_sitenote_active":false,"_monsterinsights_sitenote_note":"","_monsterinsights_sitenote_category":0},"product_brand":[],"product_cat":[255,16],"product_tag":[],"class_list":{"0":"post-2739","1":"product","2":"type-product","3":"status-publish","4":"has-post-thumbnail","6":"product_cat-nuxe","7":"product_cat-boutique","8":"thunk-woo-product-list","9":"opn-qv-enable","10":"big-store-woo-hover-zoom","11":"open-single-product-tab-horizontal","12":"open-shadow-","13":"open-shadow-hover-","15":"first","16":"instock","17":"sale","18":"taxable","19":"shipping-taxable","20":"purchasable","21":"product-type-simple"},"aioseo_notices":[],"_links":{"self":[{"href":"https:\/\/para-orchidee.com\/index.php?rest_route=\/wp\/v2\/product\/2739","targetHints":{"allow":["GET"]}}],"collection":[{"href":"https:\/\/para-orchidee.com\/index.php?rest_route=\/wp\/v2\/product"}],"about":[{"href":"https:\/\/para-orchidee.com\/index.php?rest_route=\/wp\/v2\/types\/product"}],"replies":[{"embeddable":true,"href":"https:\/\/para-orchidee.com\/index.php?rest_route=%2Fwp%2Fv2%2Fcomments&post=2739"}],"wp:featuredmedia":[{"embeddable":true,"href":"https:\/\/para-orchidee.com\/index.php?rest_route=\/wp\/v2\/media\/2631"}],"wp:attachment":[{"href":"https:\/\/para-orchidee.com\/index.php?rest_route=%2Fwp%2Fv2%2Fmedia&parent=2739"}],"wp:term":[{"taxonomy":"product_brand","embeddable":true,"href":"https:\/\/para-orchidee.com\/index.php?rest_route=%2Fwp%2Fv2%2Fproduct_brand&post=2739"},{"taxonomy":"product_cat","embeddable":true,"href":"https:\/\/para-orchidee.com\/index.php?rest_route=%2Fwp%2Fv2%2Fproduct_cat&post=2739"},{"taxonomy":"product_tag","embeddable":true,"href":"https:\/\/para-orchidee.com\/index.php?rest_route=%2Fwp%2Fv2%2Fproduct_tag&post=2739"}],"curies":[{"name":"wp","href":"https:\/\/api.w.org\/{rel}","templated":true}]}}