{"id":2742,"date":"2025-03-13T14:31:05","date_gmt":"2025-03-13T14:31:05","guid":{"rendered":"https:\/\/para-orchidee.com\/?product=merveillance-lift-glow-la-creme-bonne-mine-50ml"},"modified":"2025-03-14T23:36:21","modified_gmt":"2025-03-14T23:36:21","slug":"merveillance-lift-glow-la-creme-bonne-mine-50ml","status":"publish","type":"product","link":"https:\/\/para-orchidee.com\/?product=merveillance-lift-glow-la-creme-bonne-mine-50ml&lang=fr","title":{"rendered":"MERVEILLANCE LIFT GLOW LA CREME BONNE MINE 50ML"},"content":{"rendered":"<p>Merveillance LIFT &#8211; La Cr\u00e8me Bonne Mine Effet Liftant<\/p>\n<p>Un effet tenseur et bonne mine instantan\u00e9 gr\u00e2ce au nouveau soin Merveillance LIFT 2-en-1 [lift + glow] (1) : 100% des femmes sont convaincues (2) !<\/p>\n<p>Cette cr\u00e8me liftante infus\u00e9e d&rsquo;huile de Micro-Algue ultra-corrective est subtilement color\u00e9e gr\u00e2ce \u00e0 un extrait v\u00e9g\u00e9tal de tomate.<\/p>\n<p>D\u00e8s l&rsquo;application, la peau est liss\u00e9e, lumineuse et comme d\u00e9fatigu\u00e9e pour 100% des femmes (2). Jour apr\u00e8s jour les rides sont corrig\u00e9es, la peau est plus ferme. Plus belle, m\u00eame sans maquillage, elle para\u00eet visiblement plus jeune.<\/p>\n<p>Id\u00e9ale pour tous les types de peaux et toutes les carnations gr\u00e2ce \u00e0 sa texture fondante \u00e0 la teinte universelle.<br \/>\nUne efficacit\u00e9 anti-\u00e2ge et sublimatrice 2-en-1 alli\u00e9e \u00e0 un plaisir ultime gr\u00e2ce \u00e0 son parfum aux d\u00e9licats accords floraux et musqu\u00e9s.<\/p>\n<p>Soin formul\u00e9 et fabriqu\u00e9 en France.<\/p>\n<p>(1) Lift = Effet liftant, Glow = Bonne mine<br \/>\n(2) Test d\u2019usage &#8211; 20 volontaires &#8211; % de satisfaction<\/p>\n<p>Pr\u00e9levez une bonne noisette de soin, faites-la chauffer entre vos mains, puis appliquez-la sur votre visage avec vos deux mains \u00e0 plat, toujours du centre vers l&rsquo;ext\u00e9rieur (en \u00e9vitant le contour des yeux). N\u2019h\u00e9sitez pas \u00e0 en faire profiter aussi votre cou et votre d\u00e9collet\u00e9.<\/p>\n","protected":false},"excerpt":{"rendered":"<p>Cr\u00e8me bonne mine &#8211; correction rides, fermet\u00e9.<\/p>\n","protected":false},"featured_media":2645,"comment_status":"open","ping_status":"closed","template":"","meta":{"om_disable_all_campaigns":false,"_monsterinsights_skip_tracking":false,"_monsterinsights_sitenote_active":false,"_monsterinsights_sitenote_note":"","_monsterinsights_sitenote_category":0},"product_brand":[],"product_cat":[255,16],"product_tag":[],"class_list":{"0":"post-2742","1":"product","2":"type-product","3":"status-publish","4":"has-post-thumbnail","6":"product_cat-nuxe","7":"product_cat-boutique","8":"thunk-woo-product-list","9":"opn-qv-enable","10":"big-store-woo-hover-zoom","11":"open-single-product-tab-horizontal","12":"open-shadow-","13":"open-shadow-hover-","15":"first","16":"instock","17":"sale","18":"taxable","19":"shipping-taxable","20":"purchasable","21":"product-type-simple"},"aioseo_notices":[],"_links":{"self":[{"href":"https:\/\/para-orchidee.com\/index.php?rest_route=\/wp\/v2\/product\/2742","targetHints":{"allow":["GET"]}}],"collection":[{"href":"https:\/\/para-orchidee.com\/index.php?rest_route=\/wp\/v2\/product"}],"about":[{"href":"https:\/\/para-orchidee.com\/index.php?rest_route=\/wp\/v2\/types\/product"}],"replies":[{"embeddable":true,"href":"https:\/\/para-orchidee.com\/index.php?rest_route=%2Fwp%2Fv2%2Fcomments&post=2742"}],"wp:featuredmedia":[{"embeddable":true,"href":"https:\/\/para-orchidee.com\/index.php?rest_route=\/wp\/v2\/media\/2645"}],"wp:attachment":[{"href":"https:\/\/para-orchidee.com\/index.php?rest_route=%2Fwp%2Fv2%2Fmedia&parent=2742"}],"wp:term":[{"taxonomy":"product_brand","embeddable":true,"href":"https:\/\/para-orchidee.com\/index.php?rest_route=%2Fwp%2Fv2%2Fproduct_brand&post=2742"},{"taxonomy":"product_cat","embeddable":true,"href":"https:\/\/para-orchidee.com\/index.php?rest_route=%2Fwp%2Fv2%2Fproduct_cat&post=2742"},{"taxonomy":"product_tag","embeddable":true,"href":"https:\/\/para-orchidee.com\/index.php?rest_route=%2Fwp%2Fv2%2Fproduct_tag&post=2742"}],"curies":[{"name":"wp","href":"https:\/\/api.w.org\/{rel}","templated":true}]}}