{"id":2745,"date":"2025-03-13T14:31:05","date_gmt":"2025-03-13T14:31:05","guid":{"rendered":"https:\/\/para-orchidee.com\/?product=sweet-lemon-baume-levres-15-g"},"modified":"2025-03-14T23:36:21","modified_gmt":"2025-03-14T23:36:21","slug":"sweet-lemon-baume-levres-15-g","status":"publish","type":"product","link":"https:\/\/para-orchidee.com\/?product=sweet-lemon-baume-levres-15-g&lang=fr","title":{"rendered":"SWEET LEMON BAUME LEVRES 15 G"},"content":{"rendered":"<p>Le soin l\u00e8vres Sweet Lemon Nuxe permet de nourrir les l\u00e8vres s\u00e8ches et de leur assurer une hydratation durable. Il adoucit et r\u00e9g\u00e9n\u00e8re la peau d\u00e9licate des l\u00e8vres et la prot\u00e8ge des agressions telles que le vent, le froid, la pollution, l&rsquo;air climatis\u00e9&#8230; La formule de ce soin pour les l\u00e8vres Nuxe int\u00e8gre un duo d&rsquo;huiles v\u00e9g\u00e9tales : tournesol et chanvre. Naturellement riches en acides gras, elles apportent leurs vertus nourrissantes, adoucissantes et r\u00e9paratrices. On retrouve \u00e9galement de la cire de carnauba qui vient cr\u00e9er une barri\u00e8re naturelle sur les l\u00e8vres pour emp\u00eacher la d\u00e9shydratation et le dess\u00e8chement.<\/p>\n<p>Avec son parfum gourmand et acidul\u00e9 de citron meringu\u00e9, le soin pour les l\u00e8vres Sweet Lemon est tr\u00e8s agr\u00e9able \u00e0 utiliser. Il est propos\u00e9 en 2 versions, stick ou pot, \u00e0 choisir en fonction de vos pr\u00e9f\u00e9rences et de vos besoins. Dans tous les cas, il laisse les l\u00e8vres souples et douces, plus confortables.<\/p>\n<p>Caract\u00e9ristiques :<\/p>\n<p>Labellis\u00e9 Cosmebio<br \/>\nCertifi\u00e9 Ecocert Cosmos Organic<br \/>\nFabriqu\u00e9 en France<br \/>\nPr\u00e9sentations disponibles pour le soin l\u00e8vres Nuxe Sweet Lemon sur notre pharmacie en ligne : Stick de 4 g, pot de 15 g<\/p>\n","protected":false},"excerpt":{"rendered":"<p>Le soin l\u00e8vres Sweet Lemon propos\u00e9 par la marque Nuxe est un soin pour les l\u00e8vres bio.<\/p>\n","protected":false},"featured_media":2702,"comment_status":"open","ping_status":"closed","template":"","meta":{"om_disable_all_campaigns":false,"_monsterinsights_skip_tracking":false,"_monsterinsights_sitenote_active":false,"_monsterinsights_sitenote_note":"","_monsterinsights_sitenote_category":0},"product_brand":[],"product_cat":[255,16],"product_tag":[],"class_list":{"0":"post-2745","1":"product","2":"type-product","3":"status-publish","4":"has-post-thumbnail","6":"product_cat-nuxe","7":"product_cat-boutique","8":"thunk-woo-product-list","9":"opn-qv-enable","10":"big-store-woo-hover-zoom","11":"open-single-product-tab-horizontal","12":"open-shadow-","13":"open-shadow-hover-","15":"first","16":"instock","17":"sale","18":"taxable","19":"shipping-taxable","20":"purchasable","21":"product-type-simple"},"aioseo_notices":[],"_links":{"self":[{"href":"https:\/\/para-orchidee.com\/index.php?rest_route=\/wp\/v2\/product\/2745","targetHints":{"allow":["GET"]}}],"collection":[{"href":"https:\/\/para-orchidee.com\/index.php?rest_route=\/wp\/v2\/product"}],"about":[{"href":"https:\/\/para-orchidee.com\/index.php?rest_route=\/wp\/v2\/types\/product"}],"replies":[{"embeddable":true,"href":"https:\/\/para-orchidee.com\/index.php?rest_route=%2Fwp%2Fv2%2Fcomments&post=2745"}],"wp:featuredmedia":[{"embeddable":true,"href":"https:\/\/para-orchidee.com\/index.php?rest_route=\/wp\/v2\/media\/2702"}],"wp:attachment":[{"href":"https:\/\/para-orchidee.com\/index.php?rest_route=%2Fwp%2Fv2%2Fmedia&parent=2745"}],"wp:term":[{"taxonomy":"product_brand","embeddable":true,"href":"https:\/\/para-orchidee.com\/index.php?rest_route=%2Fwp%2Fv2%2Fproduct_brand&post=2745"},{"taxonomy":"product_cat","embeddable":true,"href":"https:\/\/para-orchidee.com\/index.php?rest_route=%2Fwp%2Fv2%2Fproduct_cat&post=2745"},{"taxonomy":"product_tag","embeddable":true,"href":"https:\/\/para-orchidee.com\/index.php?rest_route=%2Fwp%2Fv2%2Fproduct_tag&post=2745"}],"curies":[{"name":"wp","href":"https:\/\/api.w.org\/{rel}","templated":true}]}}