{"id":2746,"date":"2025-03-13T14:31:05","date_gmt":"2025-03-13T14:31:05","guid":{"rendered":"https:\/\/para-orchidee.com\/?product=super-serum-10-yeux-15-ml"},"modified":"2025-03-20T11:56:48","modified_gmt":"2025-03-20T11:56:48","slug":"super-serum-10-yeux-15-ml","status":"publish","type":"product","link":"https:\/\/para-orchidee.com\/?product=super-serum-10-yeux-15-ml&lang=fr","title":{"rendered":"SUPER SERUM 10 YEUX 15 ML"},"content":{"rendered":"<p>Nuxe Super Serum 10 est un s\u00e9rum anti-\u00e2ge \u00e0 base de 95 % d&rsquo;ingr\u00e9dients d&rsquo;origine naturelle, sp\u00e9cialement s\u00e9lectionn\u00e9s pour leur action sur la correction des rides, sur la fermet\u00e9 et sur les taches brunes.<\/p>\n<p>Ce s\u00e9rum \u00e0 l&rsquo;acide hyaluronique naturel constitue un concentr\u00e9 anti-\u00e2ge compos\u00e9 de milliers de microbilles d&rsquo;huiles v\u00e9g\u00e9tales fractionn\u00e9es. Gr\u00e2ce \u00e0 cette formulation innovante, le Super Serum 10 Nuxe stimule les m\u00e9canismes de jeunesse de la peau, offrant ainsi une efficacit\u00e9 anti-\u00e2ge optimale. Sa texture fra\u00eeche, fluide et soyeuse r\u00e9v\u00e8le de d\u00e9licates notes v\u00e9g\u00e9tales, et fond sur la peau, pour une efficacit\u00e9 anti-\u00e2ge associ\u00e9e \u00e0 un confort imm\u00e9diat.<\/p>\n<p>Formul\u00e9 notamment \u00e0 base d&rsquo;acide hyaluronique, le Super Serum Nuxe 10 offre une efficacit\u00e9 anti-\u00e2ge rapide. L&rsquo;acide hyaluronique naturel est obtenu par biotechnologie v\u00e9g\u00e9tale. Il p\u00e9n\u00e8tre rapidement dans la peau afin de stimuler les m\u00e9canismes de jeunesse. Les microbilles d&rsquo;huiles v\u00e9g\u00e9tales fractionn\u00e9es sont s\u00e9lectionn\u00e9es pour leurs acides gras pr\u00e9cieux et leur affinit\u00e9 avec la peau. Naturellement encapsul\u00e9es dans des micro-sph\u00e8res, ces huiles v\u00e9g\u00e9tales fusionnent avec la peau \u00e0 l&rsquo;application. Le complexe v\u00e9g\u00e9tal brevet\u00e9 aux cellules natives d&rsquo;Edelweiss offre une efficacit\u00e9 anti-\u00e2ge.<\/p>\n<p>D\u00e8s la premi\u00e8re application de votre Super Serum 10 Nuxe, la peau est comme m\u00e9tamorphos\u00e9e. Liss\u00e9e, repulp\u00e9e et lumineuse, la peau para\u00eet imm\u00e9diatement plus jeune. En quelques semaines, les rides et ridules sont visiblement estomp\u00e9es, les taches sont corrig\u00e9es, le teint est plus uniforme, l&rsquo;ovale redessin\u00e9 : c&rsquo;est comme si votre peau avait 10 ans de moins.<\/p>\n","protected":false},"excerpt":{"rendered":"<p>Le Super Serum 10 de Nuxe est un concentr\u00e9 anti-\u00e2ge universel \u00e0 base d&rsquo;acide hyaluronique, pour une action correction des rides, fermet\u00e9 et anti-taches.<\/p>\n","protected":false},"featured_media":2893,"comment_status":"open","ping_status":"closed","template":"","meta":{"om_disable_all_campaigns":false,"_monsterinsights_skip_tracking":false,"_monsterinsights_sitenote_active":false,"_monsterinsights_sitenote_note":"","_monsterinsights_sitenote_category":0},"product_brand":[],"product_cat":[255,16],"product_tag":[],"class_list":{"0":"post-2746","1":"product","2":"type-product","3":"status-publish","4":"has-post-thumbnail","6":"product_cat-nuxe","7":"product_cat-boutique","8":"thunk-woo-product-list","9":"opn-qv-enable","10":"big-store-woo-hover-zoom","11":"open-single-product-tab-horizontal","12":"open-shadow-","13":"open-shadow-hover-","15":"first","16":"instock","17":"sale","18":"taxable","19":"shipping-taxable","20":"purchasable","21":"product-type-simple"},"aioseo_notices":[],"_links":{"self":[{"href":"https:\/\/para-orchidee.com\/index.php?rest_route=\/wp\/v2\/product\/2746","targetHints":{"allow":["GET"]}}],"collection":[{"href":"https:\/\/para-orchidee.com\/index.php?rest_route=\/wp\/v2\/product"}],"about":[{"href":"https:\/\/para-orchidee.com\/index.php?rest_route=\/wp\/v2\/types\/product"}],"replies":[{"embeddable":true,"href":"https:\/\/para-orchidee.com\/index.php?rest_route=%2Fwp%2Fv2%2Fcomments&post=2746"}],"wp:featuredmedia":[{"embeddable":true,"href":"https:\/\/para-orchidee.com\/index.php?rest_route=\/wp\/v2\/media\/2893"}],"wp:attachment":[{"href":"https:\/\/para-orchidee.com\/index.php?rest_route=%2Fwp%2Fv2%2Fmedia&parent=2746"}],"wp:term":[{"taxonomy":"product_brand","embeddable":true,"href":"https:\/\/para-orchidee.com\/index.php?rest_route=%2Fwp%2Fv2%2Fproduct_brand&post=2746"},{"taxonomy":"product_cat","embeddable":true,"href":"https:\/\/para-orchidee.com\/index.php?rest_route=%2Fwp%2Fv2%2Fproduct_cat&post=2746"},{"taxonomy":"product_tag","embeddable":true,"href":"https:\/\/para-orchidee.com\/index.php?rest_route=%2Fwp%2Fv2%2Fproduct_tag&post=2746"}],"curies":[{"name":"wp","href":"https:\/\/api.w.org\/{rel}","templated":true}]}}