{"id":2747,"date":"2025-03-13T14:31:05","date_gmt":"2025-03-13T14:31:05","guid":{"rendered":"https:\/\/para-orchidee.com\/?product=prodigieux-neroli-le-parfum-50-ml"},"modified":"2025-03-14T23:36:21","modified_gmt":"2025-03-14T23:36:21","slug":"prodigieux-neroli-le-parfum-50-ml","status":"publish","type":"product","link":"https:\/\/para-orchidee.com\/?product=prodigieux-neroli-le-parfum-50-ml&lang=fr","title":{"rendered":"PRODIGIEUX NEROLI LE PARFUM 50 ML"},"content":{"rendered":"<p>Nuxe Prodigieux N\u00e9roli Le Parfum 50 ml est une fragrance inspir\u00e9e de l&rsquo;Huile Prodigieuse\u00ae N\u00e9roli.<\/p>\n<p>Cette fragrance s&rsquo;ouvre en t\u00eate avec des notes d&rsquo;agrumes (Petit grain et Bergamote) \u00e0 la fra\u00eecheur aromatique de la verveine exotique.<br \/>\nSon c\u0153ur floral de Lavandin et Fleur d&rsquo;oranger distille l&rsquo;\u00e9nergie sereine de ses p\u00e9tales immacul\u00e9s.<br \/>\nEnfin, son fond musqu\u00e9 se d\u00e9veloppe \u00e0 fleur de peau, laissant la fragrance s&rsquo;\u00e9panouir dans la dur\u00e9e pour retrouver les notes apaisantes de l&rsquo;Huile Prodigieuse\u00ae N\u00e9roli.<\/p>\n<p>Non photosensibilisant.<br \/>\n96% du total des ingr\u00e9dients sont d&rsquo;origine naturelle.<br \/>\nVegan.<\/p>\n<p>Fabriqu\u00e9 en France.<\/p>\n<p>Composition<br \/>\nAlcohol Denat, Aqua\/Water, Parfum\/Fragrance, Linalool, Limonene, Citral, Geraniol.<\/p>\n","protected":false},"excerpt":{"rendered":"<p>Eau de Parfum<\/p>\n<p>96% d&rsquo;ingr\u00e9dients d&rsquo;origine naturelle.<\/p>\n","protected":false},"featured_media":2673,"comment_status":"open","ping_status":"closed","template":"","meta":{"om_disable_all_campaigns":false,"_monsterinsights_skip_tracking":false,"_monsterinsights_sitenote_active":false,"_monsterinsights_sitenote_note":"","_monsterinsights_sitenote_category":0},"product_brand":[],"product_cat":[255,16],"product_tag":[],"class_list":{"0":"post-2747","1":"product","2":"type-product","3":"status-publish","4":"has-post-thumbnail","6":"product_cat-nuxe","7":"product_cat-boutique","8":"thunk-woo-product-list","9":"opn-qv-enable","10":"big-store-woo-hover-zoom","11":"open-single-product-tab-horizontal","12":"open-shadow-","13":"open-shadow-hover-","15":"first","16":"instock","17":"sale","18":"taxable","19":"shipping-taxable","20":"purchasable","21":"product-type-simple"},"aioseo_notices":[],"_links":{"self":[{"href":"https:\/\/para-orchidee.com\/index.php?rest_route=\/wp\/v2\/product\/2747","targetHints":{"allow":["GET"]}}],"collection":[{"href":"https:\/\/para-orchidee.com\/index.php?rest_route=\/wp\/v2\/product"}],"about":[{"href":"https:\/\/para-orchidee.com\/index.php?rest_route=\/wp\/v2\/types\/product"}],"replies":[{"embeddable":true,"href":"https:\/\/para-orchidee.com\/index.php?rest_route=%2Fwp%2Fv2%2Fcomments&post=2747"}],"wp:featuredmedia":[{"embeddable":true,"href":"https:\/\/para-orchidee.com\/index.php?rest_route=\/wp\/v2\/media\/2673"}],"wp:attachment":[{"href":"https:\/\/para-orchidee.com\/index.php?rest_route=%2Fwp%2Fv2%2Fmedia&parent=2747"}],"wp:term":[{"taxonomy":"product_brand","embeddable":true,"href":"https:\/\/para-orchidee.com\/index.php?rest_route=%2Fwp%2Fv2%2Fproduct_brand&post=2747"},{"taxonomy":"product_cat","embeddable":true,"href":"https:\/\/para-orchidee.com\/index.php?rest_route=%2Fwp%2Fv2%2Fproduct_cat&post=2747"},{"taxonomy":"product_tag","embeddable":true,"href":"https:\/\/para-orchidee.com\/index.php?rest_route=%2Fwp%2Fv2%2Fproduct_tag&post=2747"}],"curies":[{"name":"wp","href":"https:\/\/api.w.org\/{rel}","templated":true}]}}