{"id":2748,"date":"2025-03-13T14:31:08","date_gmt":"2025-03-13T14:31:08","guid":{"rendered":"https:\/\/para-orchidee.com\/?product=prodigieux-neroli-douche-relaxante-parfumee-200-ml"},"modified":"2025-03-14T23:37:16","modified_gmt":"2025-03-14T23:37:16","slug":"prodigieux-neroli-douche-relaxante-parfumee-200-ml","status":"publish","type":"product","link":"https:\/\/para-orchidee.com\/?product=prodigieux-neroli-douche-relaxante-parfumee-200-ml&lang=fr","title":{"rendered":"PRODIGIEUX NEROLI DOUCHE RELAXANTE PARFUMEE 200 ML"},"content":{"rendered":"<p>Au parfum de l&rsquo;Huile Prodigieuse\u00ae N\u00e9roli, ce gel douche certifi\u00e9 bio transforme la douche en un moment de relaxation et de s\u00e9r\u00e9nit\u00e9 au quotidien. Il nettoie la peau en douceur et la laisse douce et souple. Sa texture gel\u00e9e onctueuse aux notes apaisantes de N\u00e9roli parfume d\u00e9licatement et subtilement la peau.<\/p>\n<p>Conseils d&rsquo;utilisation<br \/>\nMatin et\/ou soir, massez une noix de gel douche sur la peau de votre corps humide. Profitez de sa texture fondante et de sa mousse d\u00e9licieuse, puis rincez.<\/p>\n","protected":false},"excerpt":{"rendered":"<p>Gel douche certifi\u00e9 Bio<br \/>\nNettoie, ressource<br \/>\nAux notes apaisantes de N\u00e9roli<br \/>\n98% du total est d\u2018origine naturelle.<\/p>\n","protected":false},"featured_media":2672,"comment_status":"open","ping_status":"closed","template":"","meta":{"om_disable_all_campaigns":false,"_monsterinsights_skip_tracking":false,"_monsterinsights_sitenote_active":false,"_monsterinsights_sitenote_note":"","_monsterinsights_sitenote_category":0},"product_brand":[],"product_cat":[255,16],"product_tag":[],"class_list":{"0":"post-2748","1":"product","2":"type-product","3":"status-publish","4":"has-post-thumbnail","6":"product_cat-nuxe","7":"product_cat-boutique","8":"thunk-woo-product-list","9":"opn-qv-enable","10":"big-store-woo-hover-zoom","11":"open-single-product-tab-horizontal","12":"open-shadow-","13":"open-shadow-hover-","15":"first","16":"instock","17":"sale","18":"taxable","19":"shipping-taxable","20":"purchasable","21":"product-type-simple"},"aioseo_notices":[],"_links":{"self":[{"href":"https:\/\/para-orchidee.com\/index.php?rest_route=\/wp\/v2\/product\/2748","targetHints":{"allow":["GET"]}}],"collection":[{"href":"https:\/\/para-orchidee.com\/index.php?rest_route=\/wp\/v2\/product"}],"about":[{"href":"https:\/\/para-orchidee.com\/index.php?rest_route=\/wp\/v2\/types\/product"}],"replies":[{"embeddable":true,"href":"https:\/\/para-orchidee.com\/index.php?rest_route=%2Fwp%2Fv2%2Fcomments&post=2748"}],"wp:featuredmedia":[{"embeddable":true,"href":"https:\/\/para-orchidee.com\/index.php?rest_route=\/wp\/v2\/media\/2672"}],"wp:attachment":[{"href":"https:\/\/para-orchidee.com\/index.php?rest_route=%2Fwp%2Fv2%2Fmedia&parent=2748"}],"wp:term":[{"taxonomy":"product_brand","embeddable":true,"href":"https:\/\/para-orchidee.com\/index.php?rest_route=%2Fwp%2Fv2%2Fproduct_brand&post=2748"},{"taxonomy":"product_cat","embeddable":true,"href":"https:\/\/para-orchidee.com\/index.php?rest_route=%2Fwp%2Fv2%2Fproduct_cat&post=2748"},{"taxonomy":"product_tag","embeddable":true,"href":"https:\/\/para-orchidee.com\/index.php?rest_route=%2Fwp%2Fv2%2Fproduct_tag&post=2748"}],"curies":[{"name":"wp","href":"https:\/\/api.w.org\/{rel}","templated":true}]}}