{"id":2750,"date":"2025-03-13T14:31:08","date_gmt":"2025-03-13T14:31:08","guid":{"rendered":"https:\/\/para-orchidee.com\/?product=sun-creme-solaire-fondante-spf-30"},"modified":"2025-03-14T23:37:15","modified_gmt":"2025-03-14T23:37:15","slug":"sun-creme-solaire-fondante-spf-30","status":"publish","type":"product","link":"https:\/\/para-orchidee.com\/?product=sun-creme-solaire-fondante-spf-30&lang=fr","title":{"rendered":"SUN CREME SOLAIRE FONDANTE SPF 30"},"content":{"rendered":"<p>Ce lait solaire, aux Fleurs d\u2019Eau et de Soleil, offre une protection cellulaire anti-\u00e2ge et procure un bronzage sublime. Sa texture fluide s\u2019\u00e9tale facilement. Il prot\u00e8ge, hydrate et laisse la peau souple et \u00e9clatante. Parfum renversant aux notes d\u2019Orange Douce, Fleurs de Tiar\u00e9 et Vanille.<br \/>\nCONSEILS D&rsquo;UTILISATION \u2013 Avant l\u2019exposition, appliquez g\u00e9n\u00e9reusement le Lait D\u00e9licieux Visage et Corps SPF 30 NUXE Sun. Renouvelez fr\u00e9quemment surtout apr\u00e8s avoir nag\u00e9 ou vous \u00eatre essuy\u00e9. Si vous n\u2019appliquez pas suffisamment de produit, le niveau de protection solaire sera consid\u00e9rablement r\u00e9duit. L\u2019abus de soleil est dangereux. \u00c9vitez le soleil en milieu de journ\u00e9e. Un produit solaire ne vous procure pas 100% de protection.<\/p>\n","protected":false},"excerpt":{"rendered":"<p>La cr\u00e8me solaire fondante visage SPF 30 propos\u00e9e par la marque Nuxe Sun est une cr\u00e8me solaire visage qui assure une protection \u00e0 large spectre contre les UV.<\/p>\n","protected":false},"featured_media":2691,"comment_status":"open","ping_status":"closed","template":"","meta":{"om_disable_all_campaigns":false,"_monsterinsights_skip_tracking":false,"_monsterinsights_sitenote_active":false,"_monsterinsights_sitenote_note":"","_monsterinsights_sitenote_category":0},"product_brand":[],"product_cat":[255,16],"product_tag":[],"class_list":{"0":"post-2750","1":"product","2":"type-product","3":"status-publish","4":"has-post-thumbnail","6":"product_cat-nuxe","7":"product_cat-boutique","8":"thunk-woo-product-list","9":"opn-qv-enable","10":"big-store-woo-hover-zoom","11":"open-single-product-tab-horizontal","12":"open-shadow-","13":"open-shadow-hover-","15":"first","16":"instock","17":"sale","18":"taxable","19":"shipping-taxable","20":"purchasable","21":"product-type-simple"},"aioseo_notices":[],"_links":{"self":[{"href":"https:\/\/para-orchidee.com\/index.php?rest_route=\/wp\/v2\/product\/2750","targetHints":{"allow":["GET"]}}],"collection":[{"href":"https:\/\/para-orchidee.com\/index.php?rest_route=\/wp\/v2\/product"}],"about":[{"href":"https:\/\/para-orchidee.com\/index.php?rest_route=\/wp\/v2\/types\/product"}],"replies":[{"embeddable":true,"href":"https:\/\/para-orchidee.com\/index.php?rest_route=%2Fwp%2Fv2%2Fcomments&post=2750"}],"wp:featuredmedia":[{"embeddable":true,"href":"https:\/\/para-orchidee.com\/index.php?rest_route=\/wp\/v2\/media\/2691"}],"wp:attachment":[{"href":"https:\/\/para-orchidee.com\/index.php?rest_route=%2Fwp%2Fv2%2Fmedia&parent=2750"}],"wp:term":[{"taxonomy":"product_brand","embeddable":true,"href":"https:\/\/para-orchidee.com\/index.php?rest_route=%2Fwp%2Fv2%2Fproduct_brand&post=2750"},{"taxonomy":"product_cat","embeddable":true,"href":"https:\/\/para-orchidee.com\/index.php?rest_route=%2Fwp%2Fv2%2Fproduct_cat&post=2750"},{"taxonomy":"product_tag","embeddable":true,"href":"https:\/\/para-orchidee.com\/index.php?rest_route=%2Fwp%2Fv2%2Fproduct_tag&post=2750"}],"curies":[{"name":"wp","href":"https:\/\/api.w.org\/{rel}","templated":true}]}}