{"id":2751,"date":"2025-03-13T14:31:08","date_gmt":"2025-03-13T14:31:08","guid":{"rendered":"https:\/\/para-orchidee.com\/?product=sun-shampooing-douche-apres-soleil-200-ml"},"modified":"2025-03-14T00:19:56","modified_gmt":"2025-03-14T00:19:56","slug":"sun-shampooing-douche-apres-soleil-200-ml","status":"publish","type":"product","link":"https:\/\/para-orchidee.com\/?product=sun-shampooing-douche-apres-soleil-200-ml&lang=fr","title":{"rendered":"SUN SHAMPOOING DOUCHE APRES SOLEIL 200 ML"},"content":{"rendered":"<p>Le shampooing douche apr\u00e8s-soleil nettoie avec d\u00e9licatesse.<\/p>\n<p>Il laisse votre peau douce et vos cheveux l\u00e9gers et brillants.<\/p>\n<p>Filtres UV, sel, chlore et sable s\u2019\u00e9vanouissent sous sa mousse onctueuse et d\u00e9licieusement parfum\u00e9e aux notes d\u2019Orange Douce, de Tiar\u00e9 et de Vanille. Une sensation intense d\u2018\u00e9vasion \u00e0 chaque utilisation.<\/p>\n<p>Le shampooing douche de Nuxe Sun rafra\u00eechit la peau et les cheveux ass\u00e9ch\u00e9s par le soleil.<\/p>\n<p>Il apaise, nourrit et nettoie en un seul geste. Les cheveux sont brillants et la peau est confortable.<\/p>\n<p>Le shampooing douche apr\u00e8s-soleil des laboratoires Nuxe aide \u00e0 :<\/p>\n<p>Hydrater la peau et les cheveux<br \/>\nApaiser les sensations d\u2019inconfort dues \u00e0 l\u2019exposition solaire<br \/>\nPurifier en douceur tout le corps<br \/>\nFormule douce sans sulfate.<br \/>\nLe shampooing apr\u00e8s-soleil de Nuxe contient 92 % d\u2019ingr\u00e9dients d\u2019origine naturelle. Il renferme :<\/p>\n<p>De l\u2019extrait de jacinthe d\u2019eau qui contribue \u00e0 l\u2019hydratation des cheveux et de la peau<br \/>\nDe l\u2019extrait de fleur de Pua qui parfume d\u00e9licatement le corps tout en apaisant les tiraillements caus\u00e9s par le soleil<br \/>\nDe la vitamine E qui, gr\u00e2ce \u00e0 ses vertus antioxydantes, prot\u00e8ge les cheveux et la peau des agressions ext\u00e9rieures<br \/>\nHuile de coco bio.<br \/>\nCONSEILS D&rsquo;UTILISATIONS :<\/p>\n<p>Appliquez le gel douche Nuxe Sun sur une peau et des cheveux pr\u00e9alablement mouill\u00e9s.<br \/>\nFaites mousser sur peau et cheveux mouill\u00e9s, puis rincez abondamment.<br \/>\nId\u00e9al apr\u00e8s la plage ou la piscine.<br \/>\nLe produit nettoyant Nuxe Sun peut s\u2019utiliser apr\u00e8s chaque exposition solaire.<\/p>\n","protected":false},"excerpt":{"rendered":"<p>Le shampooing douche apr\u00e8s-soleil de la marque Nuxe Sun est un gel douche 2-en-1 pens\u00e9 sp\u00e9cialement pour la p\u00e9riode estivale.<\/p>\n","protected":false},"featured_media":2698,"comment_status":"open","ping_status":"closed","template":"","meta":{"om_disable_all_campaigns":false,"_monsterinsights_skip_tracking":false,"_monsterinsights_sitenote_active":false,"_monsterinsights_sitenote_note":"","_monsterinsights_sitenote_category":0},"product_brand":[],"product_cat":[255,16],"product_tag":[],"class_list":{"0":"post-2751","1":"product","2":"type-product","3":"status-publish","4":"has-post-thumbnail","6":"product_cat-nuxe","7":"product_cat-boutique","8":"thunk-woo-product-list","9":"opn-qv-enable","10":"big-store-woo-hover-zoom","11":"open-single-product-tab-horizontal","12":"open-shadow-","13":"open-shadow-hover-","15":"first","16":"instock","17":"sale","18":"taxable","19":"shipping-taxable","20":"purchasable","21":"product-type-simple"},"aioseo_notices":[],"_links":{"self":[{"href":"https:\/\/para-orchidee.com\/index.php?rest_route=\/wp\/v2\/product\/2751","targetHints":{"allow":["GET"]}}],"collection":[{"href":"https:\/\/para-orchidee.com\/index.php?rest_route=\/wp\/v2\/product"}],"about":[{"href":"https:\/\/para-orchidee.com\/index.php?rest_route=\/wp\/v2\/types\/product"}],"replies":[{"embeddable":true,"href":"https:\/\/para-orchidee.com\/index.php?rest_route=%2Fwp%2Fv2%2Fcomments&post=2751"}],"wp:featuredmedia":[{"embeddable":true,"href":"https:\/\/para-orchidee.com\/index.php?rest_route=\/wp\/v2\/media\/2698"}],"wp:attachment":[{"href":"https:\/\/para-orchidee.com\/index.php?rest_route=%2Fwp%2Fv2%2Fmedia&parent=2751"}],"wp:term":[{"taxonomy":"product_brand","embeddable":true,"href":"https:\/\/para-orchidee.com\/index.php?rest_route=%2Fwp%2Fv2%2Fproduct_brand&post=2751"},{"taxonomy":"product_cat","embeddable":true,"href":"https:\/\/para-orchidee.com\/index.php?rest_route=%2Fwp%2Fv2%2Fproduct_cat&post=2751"},{"taxonomy":"product_tag","embeddable":true,"href":"https:\/\/para-orchidee.com\/index.php?rest_route=%2Fwp%2Fv2%2Fproduct_tag&post=2751"}],"curies":[{"name":"wp","href":"https:\/\/api.w.org\/{rel}","templated":true}]}}