{"id":2754,"date":"2025-03-13T14:31:08","date_gmt":"2025-03-13T14:31:08","guid":{"rendered":"https:\/\/para-orchidee.com\/?product=reve-de-miel-shampooing-solide-douceur"},"modified":"2025-03-14T23:37:15","modified_gmt":"2025-03-14T23:37:15","slug":"reve-de-miel-shampooing-solide-douceur","status":"publish","type":"product","link":"https:\/\/para-orchidee.com\/?product=reve-de-miel-shampooing-solide-douceur&lang=fr","title":{"rendered":"REVE DE MIEL SHAMPOOING SOLIDE DOUCEUR"},"content":{"rendered":"<p>Retrouvez tout le confort de R\u00eave de Miel dans un shampooing solide qui enveloppe les cheveux de douceur gr\u00e2ce au Miel de Provence et \u00e0 l&rsquo;Huile pr\u00e9cieuse de Cameline bio.<\/p>\n<p>Sa mousse g\u00e9n\u00e9reuse se rince facilement et permet un d\u00e9m\u00ealage facile.<\/p>\n<p>Un produit chouchou sans sulfate* qui rendra vos cheveux souples et soyeux, tout en respectant votre cuir chevelu. Un geste pour vos cheveux et pour la plan\u00e8te**<\/p>\n<p>&#8211; Glyc\u00e9rine d\u2018origine v\u00e9g\u00e9tale : laisse la peau douce et confortable.<\/p>\n<p>&#8211; Alcool d\u2018origine v\u00e9g\u00e9tale.<\/p>\n<p>&#8211; 91% des femmes trouvent leurs cheveux souples et soyeux. (1)<\/p>\n<p>&#8211; 82% des femmes trouvent que le shampooing permet un d\u00e9m\u00ealage facile.(2)<\/p>\n<p>&#8211; 100% des femmes trouvent que le shampooing nettoie en douceur et respecte le cuir chevelu. (1)<\/p>\n<p>&#8211; 100% des femmes trouvent la mousse g\u00e9n\u00e9reuse. (2)<\/p>\n<p>&#8211; Soin formul\u00e9 et fabriqu\u00e9 en France.<\/p>\n<p>CONSEILS D&rsquo;UTILSISATION :<\/p>\n<p>Appliquez directement sur les cheveux mouill\u00e9s pour faire mousser, ou faire mousser dans les mains, masser le cuir chevelu, puis rincer.<\/p>\n<p>Rincer en cas de contact avec les yeux.Tenir \u00e9loign\u00e9 de la port\u00e9e des enfants.<\/p>\n<p>FORMULE :<\/p>\n<p>Selon la norme ISO 16128, les % restants contribuent \u00e0 l&rsquo;int\u00e9grit\u00e9 et la sensorialit\u00e9 de la formule<\/p>\n<p>Fragrance : Des effluves miell\u00e9es enveloppantes associ\u00e9es \u00e0 une note fraiche d\u2019agrumes et adoucies par un fond musqu\u00e9.<\/p>\n<p>*Tensio-actif sulfat\u00e9. **Indication g\u00e9ographique prot\u00e9g\u00e9e.<\/p>\n","protected":false},"excerpt":{"rendered":"<p>Retrouvez tout le confort de R\u00eave de Miel Nuxe dans un shampooing solide qui enveloppe les cheveux de douceur gr\u00e2ce au Miel de Provence et \u00e0 l&rsquo;huile pr\u00e9cieuse de Cameline bio.<\/p>\n","protected":false},"featured_media":2683,"comment_status":"open","ping_status":"closed","template":"","meta":{"om_disable_all_campaigns":false,"_monsterinsights_skip_tracking":false,"_monsterinsights_sitenote_active":false,"_monsterinsights_sitenote_note":"","_monsterinsights_sitenote_category":0},"product_brand":[],"product_cat":[255,16],"product_tag":[],"class_list":{"0":"post-2754","1":"product","2":"type-product","3":"status-publish","4":"has-post-thumbnail","6":"product_cat-nuxe","7":"product_cat-boutique","8":"thunk-woo-product-list","9":"opn-qv-enable","10":"big-store-woo-hover-zoom","11":"open-single-product-tab-horizontal","12":"open-shadow-","13":"open-shadow-hover-","15":"first","16":"instock","17":"sale","18":"taxable","19":"shipping-taxable","20":"purchasable","21":"product-type-simple"},"aioseo_notices":[],"_links":{"self":[{"href":"https:\/\/para-orchidee.com\/index.php?rest_route=\/wp\/v2\/product\/2754","targetHints":{"allow":["GET"]}}],"collection":[{"href":"https:\/\/para-orchidee.com\/index.php?rest_route=\/wp\/v2\/product"}],"about":[{"href":"https:\/\/para-orchidee.com\/index.php?rest_route=\/wp\/v2\/types\/product"}],"replies":[{"embeddable":true,"href":"https:\/\/para-orchidee.com\/index.php?rest_route=%2Fwp%2Fv2%2Fcomments&post=2754"}],"wp:featuredmedia":[{"embeddable":true,"href":"https:\/\/para-orchidee.com\/index.php?rest_route=\/wp\/v2\/media\/2683"}],"wp:attachment":[{"href":"https:\/\/para-orchidee.com\/index.php?rest_route=%2Fwp%2Fv2%2Fmedia&parent=2754"}],"wp:term":[{"taxonomy":"product_brand","embeddable":true,"href":"https:\/\/para-orchidee.com\/index.php?rest_route=%2Fwp%2Fv2%2Fproduct_brand&post=2754"},{"taxonomy":"product_cat","embeddable":true,"href":"https:\/\/para-orchidee.com\/index.php?rest_route=%2Fwp%2Fv2%2Fproduct_cat&post=2754"},{"taxonomy":"product_tag","embeddable":true,"href":"https:\/\/para-orchidee.com\/index.php?rest_route=%2Fwp%2Fv2%2Fproduct_tag&post=2754"}],"curies":[{"name":"wp","href":"https:\/\/api.w.org\/{rel}","templated":true}]}}