{"id":2782,"date":"2025-03-13T14:31:12","date_gmt":"2025-03-13T14:31:12","guid":{"rendered":"https:\/\/para-orchidee.com\/?product=nuxuriance-gold-baume-nuit-nutri-fortifiant-50-ml"},"modified":"2025-03-14T00:15:00","modified_gmt":"2025-03-14T00:15:00","slug":"nuxuriance-gold-baume-nuit-nutri-fortifiant-50-ml","status":"publish","type":"product","link":"https:\/\/para-orchidee.com\/?product=nuxuriance-gold-baume-nuit-nutri-fortifiant-50-ml&lang=fr","title":{"rendered":"Nuxuriance Gold Baume Nuit Nutri-Fortifiant 50 ml"},"content":{"rendered":"<p>Avec le temps, la peau devient plus s\u00e8che, plus terne ; elle perd en densit\u00e9 et en vitalit\u00e9. Le baume de nuit Nuxuriance Gold de Nuxe a \u00e9t\u00e9 cr\u00e9\u00e9e dans le but de redensifier, nourrir et revitaliser la peau. Il la fortifie en profondeur et ravive son \u00e9clat naturel.<\/p>\n<p>La formule du baume nuit Nuxe Nuxuriance Gold repose sur l&rsquo;association de diff\u00e9rents ingr\u00e9dients majoritairement d&rsquo;origine naturelle. On retrouve par exemple des cellules bi-florales de safran et bougainvillier, au fort pouvoir r\u00e9g\u00e9n\u00e9rant. L&rsquo;ol\u00e9oactif de rose de porcelaine ajoute une action adoucissante. Ce baume de nuit anti-\u00e2ge contient \u00e9galement un complexe nutri-reconstituant \u00e0 base de jiogulan et fleurs de ciste, auquel s&rsquo;ajoute du beurre de karit\u00e9, r\u00e9put\u00e9 pour ses vertus nourrissantes, protectrices et r\u00e9paratrices.<\/p>\n<p>Avec sa texture de baume r\u00e9confortant et son parfum raffin\u00e9, f\u00e9minin et \u00e9l\u00e9gant de fleurs blanches et de santal, ce soin anti-\u00e2ge Nuxe garantit un grand plaisir d&rsquo;utilisation. Imm\u00e9diatement, la peau est pleinement nourrie, retrouve confort, douceur et souplesse. Au r\u00e9veil, les marques de fatigue sont visiblement estomp\u00e9es, la peau est d\u00e9froiss\u00e9e et lumineuse. Enfin, nuit apr\u00e8s nuit, la peau est de plus en plus forte, dense et r\u00e9sistante, \u00e9clatante de sant\u00e9.<\/p>\n<p>Caract\u00e9ristiques :<\/p>\n<p>94 % d&rsquo;ingr\u00e9dients d&rsquo;origine naturelle<br \/>\nSans ingr\u00e9dient d&rsquo;origine animale<br \/>\nFabriqu\u00e9 en France<\/p>\n","protected":false},"excerpt":{"rendered":"<p>Baume nuit anti-\u00e2ge absolu &#8211; Redensifie, nourrit, revitalise<br \/>\nPeaux s\u00e8ches, fragilis\u00e9es par l&rsquo;\u00e2ge.<br \/>\nPot 50 ml<\/p>\n","protected":false},"featured_media":2654,"comment_status":"open","ping_status":"closed","template":"","meta":{"om_disable_all_campaigns":false,"_monsterinsights_skip_tracking":false,"_monsterinsights_sitenote_active":false,"_monsterinsights_sitenote_note":"","_monsterinsights_sitenote_category":0},"product_brand":[],"product_cat":[255,16],"product_tag":[],"class_list":{"0":"post-2782","1":"product","2":"type-product","3":"status-publish","4":"has-post-thumbnail","6":"product_cat-nuxe","7":"product_cat-boutique","8":"thunk-woo-product-list","9":"opn-qv-enable","10":"big-store-woo-hover-zoom","11":"open-single-product-tab-horizontal","12":"open-shadow-","13":"open-shadow-hover-","15":"first","16":"instock","17":"sale","18":"taxable","19":"shipping-taxable","20":"purchasable","21":"product-type-simple"},"aioseo_notices":[],"_links":{"self":[{"href":"https:\/\/para-orchidee.com\/index.php?rest_route=\/wp\/v2\/product\/2782","targetHints":{"allow":["GET"]}}],"collection":[{"href":"https:\/\/para-orchidee.com\/index.php?rest_route=\/wp\/v2\/product"}],"about":[{"href":"https:\/\/para-orchidee.com\/index.php?rest_route=\/wp\/v2\/types\/product"}],"replies":[{"embeddable":true,"href":"https:\/\/para-orchidee.com\/index.php?rest_route=%2Fwp%2Fv2%2Fcomments&post=2782"}],"wp:featuredmedia":[{"embeddable":true,"href":"https:\/\/para-orchidee.com\/index.php?rest_route=\/wp\/v2\/media\/2654"}],"wp:attachment":[{"href":"https:\/\/para-orchidee.com\/index.php?rest_route=%2Fwp%2Fv2%2Fmedia&parent=2782"}],"wp:term":[{"taxonomy":"product_brand","embeddable":true,"href":"https:\/\/para-orchidee.com\/index.php?rest_route=%2Fwp%2Fv2%2Fproduct_brand&post=2782"},{"taxonomy":"product_cat","embeddable":true,"href":"https:\/\/para-orchidee.com\/index.php?rest_route=%2Fwp%2Fv2%2Fproduct_cat&post=2782"},{"taxonomy":"product_tag","embeddable":true,"href":"https:\/\/para-orchidee.com\/index.php?rest_route=%2Fwp%2Fv2%2Fproduct_tag&post=2782"}],"curies":[{"name":"wp","href":"https:\/\/api.w.org\/{rel}","templated":true}]}}