{"id":2783,"date":"2025-03-13T14:31:12","date_gmt":"2025-03-13T14:31:12","guid":{"rendered":"https:\/\/para-orchidee.com\/?product=nuxuriance-gold-baume-regard-lumiere-15-ml"},"modified":"2025-03-14T00:15:00","modified_gmt":"2025-03-14T00:15:00","slug":"nuxuriance-gold-baume-regard-lumiere-15-ml","status":"publish","type":"product","link":"https:\/\/para-orchidee.com\/?product=nuxuriance-gold-baume-regard-lumiere-15-ml&lang=fr","title":{"rendered":"Nuxuriance Gold Baume regard lumi\u00e8re 15 ml"},"content":{"rendered":"<p>Ce Baume Regard Lumi\u00e8re associe le pouvoir des Cellules Bi-Florales\u00ae de Safran et Bougainvillier, l&rsquo;Ol\u00e9actif\u00ae de Rose de Porcelaine et un complexe d&rsquo;origine naturelle nutri-reconstituant pour un pouvoir anti-\u00e2ge absolu. Sa texture biomim\u00e9tique infus\u00e9e de Micro-R\u00e9flecteurs dor\u00e9s redonne vie \u00e0 votre regard. Instantan\u00e9ment la peau est liss\u00e9e.<\/p>\n<p>Jour apr\u00e8s jour, le contour de l\u2019\u0153il s&rsquo;illumine, il est unifi\u00e9.<\/p>\n<p>A la fois enveloppante et fra\u00eeche, sa formule dispose d\u2019un parfum sp\u00e9cifique pour respecter la fragilit\u00e9 de cette zone.<\/p>\n<p>Conseils d&rsquo;utilisation :<\/p>\n<p>Appliquez matin et\/ou soir sur le contour des yeux.<\/p>\n<p>1- Pr\u00e9levez le baume du bout des doigts, r\u00e9chauffez l\u00e9g\u00e8rement la texture et r\u00e9partissez-la entre l&rsquo;index et le majeur de chaque main.<\/p>\n<p>2- Appliquez ensuite par l\u00e9g\u00e8res pressions \u00e0 l&rsquo;aide de vos deux doigts, de l&rsquo;int\u00e9rieur vers l&rsquo;ext\u00e9rieur, en commen\u00e7ant par la paupi\u00e8re inf\u00e9rieure.<\/p>\n<p>Ingr\u00e9dients :<\/p>\n<p>Principaux actifs d&rsquo;origine naturelle : Cellules Bi-Florales\u00ae de Safran et Bougainvillier, Ol\u00e9oactif\u00ae de Rose de Porcelaine, Complexe d&rsquo;origine naturelle Nutri-reconstituant (Jiogulan et Fleurs de Ciste), Duo v\u00e9g\u00e9tal correcteur (Albizia et Sigesbeckia orientalis).<\/p>\n","protected":false},"excerpt":{"rendered":"<p>Le baume regard lumi\u00e8re Nuxuriance Gold Nuxe est l&rsquo;arme anti-\u00e2ge absolu pour un regard visiblement plus jeune<\/p>\n","protected":false},"featured_media":2655,"comment_status":"open","ping_status":"closed","template":"","meta":{"om_disable_all_campaigns":false,"_monsterinsights_skip_tracking":false,"_monsterinsights_sitenote_active":false,"_monsterinsights_sitenote_note":"","_monsterinsights_sitenote_category":0},"product_brand":[],"product_cat":[255,16],"product_tag":[],"class_list":{"0":"post-2783","1":"product","2":"type-product","3":"status-publish","4":"has-post-thumbnail","6":"product_cat-nuxe","7":"product_cat-boutique","8":"thunk-woo-product-list","9":"opn-qv-enable","10":"big-store-woo-hover-zoom","11":"open-single-product-tab-horizontal","12":"open-shadow-","13":"open-shadow-hover-","15":"first","16":"instock","17":"sale","18":"taxable","19":"shipping-taxable","20":"purchasable","21":"product-type-simple"},"aioseo_notices":[],"_links":{"self":[{"href":"https:\/\/para-orchidee.com\/index.php?rest_route=\/wp\/v2\/product\/2783","targetHints":{"allow":["GET"]}}],"collection":[{"href":"https:\/\/para-orchidee.com\/index.php?rest_route=\/wp\/v2\/product"}],"about":[{"href":"https:\/\/para-orchidee.com\/index.php?rest_route=\/wp\/v2\/types\/product"}],"replies":[{"embeddable":true,"href":"https:\/\/para-orchidee.com\/index.php?rest_route=%2Fwp%2Fv2%2Fcomments&post=2783"}],"wp:featuredmedia":[{"embeddable":true,"href":"https:\/\/para-orchidee.com\/index.php?rest_route=\/wp\/v2\/media\/2655"}],"wp:attachment":[{"href":"https:\/\/para-orchidee.com\/index.php?rest_route=%2Fwp%2Fv2%2Fmedia&parent=2783"}],"wp:term":[{"taxonomy":"product_brand","embeddable":true,"href":"https:\/\/para-orchidee.com\/index.php?rest_route=%2Fwp%2Fv2%2Fproduct_brand&post=2783"},{"taxonomy":"product_cat","embeddable":true,"href":"https:\/\/para-orchidee.com\/index.php?rest_route=%2Fwp%2Fv2%2Fproduct_cat&post=2783"},{"taxonomy":"product_tag","embeddable":true,"href":"https:\/\/para-orchidee.com\/index.php?rest_route=%2Fwp%2Fv2%2Fproduct_tag&post=2783"}],"curies":[{"name":"wp","href":"https:\/\/api.w.org\/{rel}","templated":true}]}}