{"id":2787,"date":"2025-03-13T14:31:12","date_gmt":"2025-03-13T14:31:12","guid":{"rendered":"https:\/\/para-orchidee.com\/?product=men-gel-multi-fonctions-hydratant-50-ml"},"modified":"2025-03-14T00:15:00","modified_gmt":"2025-03-14T00:15:00","slug":"men-gel-multi-fonctions-hydratant-50-ml","status":"publish","type":"product","link":"https:\/\/para-orchidee.com\/?product=men-gel-multi-fonctions-hydratant-50-ml&lang=fr","title":{"rendered":"MEN GEL MULTI FONCTIONS HYDRATANT 50 ML"},"content":{"rendered":"<p>Soin hydratant pour homme<\/p>\n<p>Le gel multi-fonctions hydratant NUXE Men est un soin hydratant sp\u00e9cifique pour homme. Enrichi en acide hyaluronique, il va apporter \u00e9nergie \u00e0 la peau tout en la matifiant pour une peau nette, hydrat\u00e9e et fra\u00eeche.<\/p>\n<p>Sa texture fluide et l\u00e9g\u00e8re est parfaitement adapt\u00e9e \u00e0 toutes les peaux m\u00eame sensibles.<\/p>\n<p>Flacon pompe 50ml<\/p>\n<p>Conseil de notre esth\u00e9ticienne :<\/p>\n<p>Pour soulager le feu du rasoir apr\u00e8s le rasage, appliquez le baume apr\u00e8s-rasage NUXE Men.<\/p>\n","protected":false},"excerpt":{"rendered":"<p>Soin visage hydratant homme &#8211; \u00e9nergisant, matifiant<\/p>\n","protected":false},"featured_media":2643,"comment_status":"open","ping_status":"closed","template":"","meta":{"om_disable_all_campaigns":false,"_monsterinsights_skip_tracking":false,"_monsterinsights_sitenote_active":false,"_monsterinsights_sitenote_note":"","_monsterinsights_sitenote_category":0},"product_brand":[],"product_cat":[255,16],"product_tag":[],"class_list":{"0":"post-2787","1":"product","2":"type-product","3":"status-publish","4":"has-post-thumbnail","6":"product_cat-nuxe","7":"product_cat-boutique","8":"thunk-woo-product-list","9":"opn-qv-enable","10":"big-store-woo-hover-zoom","11":"open-single-product-tab-horizontal","12":"open-shadow-","13":"open-shadow-hover-","15":"first","16":"instock","17":"sale","18":"taxable","19":"shipping-taxable","20":"purchasable","21":"product-type-simple"},"aioseo_notices":[],"_links":{"self":[{"href":"https:\/\/para-orchidee.com\/index.php?rest_route=\/wp\/v2\/product\/2787","targetHints":{"allow":["GET"]}}],"collection":[{"href":"https:\/\/para-orchidee.com\/index.php?rest_route=\/wp\/v2\/product"}],"about":[{"href":"https:\/\/para-orchidee.com\/index.php?rest_route=\/wp\/v2\/types\/product"}],"replies":[{"embeddable":true,"href":"https:\/\/para-orchidee.com\/index.php?rest_route=%2Fwp%2Fv2%2Fcomments&post=2787"}],"wp:featuredmedia":[{"embeddable":true,"href":"https:\/\/para-orchidee.com\/index.php?rest_route=\/wp\/v2\/media\/2643"}],"wp:attachment":[{"href":"https:\/\/para-orchidee.com\/index.php?rest_route=%2Fwp%2Fv2%2Fmedia&parent=2787"}],"wp:term":[{"taxonomy":"product_brand","embeddable":true,"href":"https:\/\/para-orchidee.com\/index.php?rest_route=%2Fwp%2Fv2%2Fproduct_brand&post=2787"},{"taxonomy":"product_cat","embeddable":true,"href":"https:\/\/para-orchidee.com\/index.php?rest_route=%2Fwp%2Fv2%2Fproduct_cat&post=2787"},{"taxonomy":"product_tag","embeddable":true,"href":"https:\/\/para-orchidee.com\/index.php?rest_route=%2Fwp%2Fv2%2Fproduct_tag&post=2787"}],"curies":[{"name":"wp","href":"https:\/\/api.w.org\/{rel}","templated":true}]}}