{"id":2789,"date":"2025-03-13T14:31:12","date_gmt":"2025-03-13T14:31:12","guid":{"rendered":"https:\/\/para-orchidee.com\/?product=sun-huile-bronzante-faible-protection-spf10-150-ml"},"modified":"2025-03-14T00:15:00","modified_gmt":"2025-03-14T00:15:00","slug":"sun-huile-bronzante-faible-protection-spf10-150-ml","status":"publish","type":"product","link":"https:\/\/para-orchidee.com\/?product=sun-huile-bronzante-faible-protection-spf10-150-ml&lang=fr","title":{"rendered":"SUN HUILE BRONZANTE FAIBLE PROTECTION SPF10 150 ML"},"content":{"rendered":"<p>L&rsquo;Huile Bronzante SPF 10 vous aide \u00e0 prot\u00e9ger visage et corps des rayons du soleil et du photo-vieillissement cutan\u00e9 pr\u00e9matur\u00e9.<br \/>\nR\u00e9sistante \u00e0 l&rsquo;eau, sa formule pr\u00e9serve votre peau de la d\u00e9shydratation et sublime votre bronzage.<br \/>\nSa texture sensorielle enrichie en Huiles V\u00e9g\u00e9tales glisse avec d\u00e9lice sur votre peau et l&#8217;embellit d&rsquo;un sensuel fini satin\u00e9.<br \/>\nSon parfum d&rsquo;\u00e9vasion aux notes d&rsquo;Orange douce, de Tiar\u00e9 et de Vanille est une irr\u00e9sistible invitation \u00e0 profiter de l&rsquo;\u00e9t\u00e9.<br \/>\nSoin formul\u00e9 et fabriqu\u00e9 en France.<br \/>\nConseils d&rsquo;utilisation :<br \/>\nAppliquez g\u00e9n\u00e9reusement votre huile avant de vous exposer.<br \/>\nSur le visage, vaporisez le produit dans vos mains, avant de l&rsquo;appliquer sur le visage en \u00e9vitant le contour des yeux. Sur le corps, vous pouvez vaporiser directement l&rsquo;huile et l&rsquo;\u00e9talez soigneusement. Renouvelez fr\u00e9quemment l&rsquo;application, surtout apr\u00e8s avoir nag\u00e9 ou vous \u00eatre essuy\u00e9.<br \/>\nSi vous n\u2019appliquez pas suffisamment de produit, le niveau de protection solaire sera consid\u00e9rablement r\u00e9duit.<br \/>\nPr\u00e9cautions : l\u2019abus de soleil est dangereux. Un produit solaire ne vous procure pas 100% de protection. \u00c9vitez le soleil en milieu de journ\u00e9e.<br \/>\nFormule :<br \/>\nProfitez d&rsquo;une protection SPF 10 prouv\u00e9e contre les UVB et les UVA gr\u00e2ce \u00e0 une s\u00e9lection rigoureuse de 3 filtres solaires.<br \/>\nEt aussi :<br \/>\nDes extraits naturels de Riz, Romarin et de la vitamine E : r\u00e9put\u00e9s pour leur pouvoir anti-oxydant, ils offrent une protection<br \/>\nUn extrait de Jacinthe d\u2019Eau (brevet FR) pour prot\u00e9ger la peau de la d\u00e9shydratation.<br \/>\nHuiles v\u00e9g\u00e9tales (Macadamia, Tournesol) : nourrissent la peau.<br \/>\nFormule photostable et r\u00e9sistante \u00e0 l&rsquo;eau, qui contribue au respect du milieu marin.<\/p>\n","protected":false},"excerpt":{"rendered":"<p>Prot\u00e9gez votre visage et votre corps des rayons du soleil tout en sublimant votre bronzage gr\u00e2ce \u00e0 un syst\u00e8me filtrant brevet\u00e9 exclusif<\/p>\n","protected":false},"featured_media":2694,"comment_status":"open","ping_status":"closed","template":"","meta":{"om_disable_all_campaigns":false,"_monsterinsights_skip_tracking":false,"_monsterinsights_sitenote_active":false,"_monsterinsights_sitenote_note":"","_monsterinsights_sitenote_category":0},"product_brand":[],"product_cat":[255,16],"product_tag":[],"class_list":{"0":"post-2789","1":"product","2":"type-product","3":"status-publish","4":"has-post-thumbnail","6":"product_cat-nuxe","7":"product_cat-boutique","8":"thunk-woo-product-list","9":"opn-qv-enable","10":"big-store-woo-hover-zoom","11":"open-single-product-tab-horizontal","12":"open-shadow-","13":"open-shadow-hover-","15":"first","16":"instock","17":"sale","18":"taxable","19":"shipping-taxable","20":"purchasable","21":"product-type-simple"},"aioseo_notices":[],"_links":{"self":[{"href":"https:\/\/para-orchidee.com\/index.php?rest_route=\/wp\/v2\/product\/2789","targetHints":{"allow":["GET"]}}],"collection":[{"href":"https:\/\/para-orchidee.com\/index.php?rest_route=\/wp\/v2\/product"}],"about":[{"href":"https:\/\/para-orchidee.com\/index.php?rest_route=\/wp\/v2\/types\/product"}],"replies":[{"embeddable":true,"href":"https:\/\/para-orchidee.com\/index.php?rest_route=%2Fwp%2Fv2%2Fcomments&post=2789"}],"wp:featuredmedia":[{"embeddable":true,"href":"https:\/\/para-orchidee.com\/index.php?rest_route=\/wp\/v2\/media\/2694"}],"wp:attachment":[{"href":"https:\/\/para-orchidee.com\/index.php?rest_route=%2Fwp%2Fv2%2Fmedia&parent=2789"}],"wp:term":[{"taxonomy":"product_brand","embeddable":true,"href":"https:\/\/para-orchidee.com\/index.php?rest_route=%2Fwp%2Fv2%2Fproduct_brand&post=2789"},{"taxonomy":"product_cat","embeddable":true,"href":"https:\/\/para-orchidee.com\/index.php?rest_route=%2Fwp%2Fv2%2Fproduct_cat&post=2789"},{"taxonomy":"product_tag","embeddable":true,"href":"https:\/\/para-orchidee.com\/index.php?rest_route=%2Fwp%2Fv2%2Fproduct_tag&post=2789"}],"curies":[{"name":"wp","href":"https:\/\/api.w.org\/{rel}","templated":true}]}}