{"id":2796,"date":"2025-03-13T14:31:13","date_gmt":"2025-03-13T14:31:13","guid":{"rendered":"https:\/\/para-orchidee.com\/?product=reve-de-miel-baume-levres-15-g"},"modified":"2025-03-13T23:39:33","modified_gmt":"2025-03-13T23:39:33","slug":"reve-de-miel-baume-levres-15-g","status":"publish","type":"product","link":"https:\/\/para-orchidee.com\/?product=reve-de-miel-baume-levres-15-g&lang=fr","title":{"rendered":"REVE DE MIEL BAUME LEVRES 15 G"},"content":{"rendered":"<p>Butinez avec plaisir la formule mythique de ce Baume \u00e0 L\u00e8vres nourrissant aux tr\u00e9sors de la ruche (Miel, Propolis, Cire d&rsquo;abeille).<\/p>\n<p>Sa formule r\u00e9pare et adoucit les l\u00e8vres tr\u00e8s s\u00e8ches et ab\u00eem\u00e9es. Elle soulage imm\u00e9diatement des sensations d\u2019inconfort et apporte \u00e0 vos l\u00e8vres un \u00ab\u00a0effet pansement\u00a0\u00bb.<\/p>\n<p>100% des femmes trouvent leurs l\u00e8vres nourries<br \/>\n91% des femmes trouvent que le baume a un \u00ab\u00a0effet pansement\u00a0\u00bb et que leurs l\u00e8vres sont soulag\u00e9es des sensations d&rsquo;inconfort<\/p>\n<p>La g\u00e9n\u00e9rosit\u00e9 de sa texture fondante et son inimitable parfum naturel aux notes de pamplemousse et de citron en font un soin totalement addictif.<\/p>\n","protected":false},"excerpt":{"rendered":"<p>Hydratant l\u00e8vres, soulage, nourrit et r\u00e9pare.<br \/>\nL\u00e8vres ultra s\u00e8ches ou ab\u00eem\u00e9es<\/p>\n","protected":false},"featured_media":2674,"comment_status":"open","ping_status":"closed","template":"","meta":{"om_disable_all_campaigns":false,"_monsterinsights_skip_tracking":false,"_monsterinsights_sitenote_active":false,"_monsterinsights_sitenote_note":"","_monsterinsights_sitenote_category":0},"product_brand":[],"product_cat":[255,16],"product_tag":[],"class_list":{"0":"post-2796","1":"product","2":"type-product","3":"status-publish","4":"has-post-thumbnail","6":"product_cat-nuxe","7":"product_cat-boutique","8":"thunk-woo-product-list","9":"opn-qv-enable","10":"big-store-woo-hover-zoom","11":"open-single-product-tab-horizontal","12":"open-shadow-","13":"open-shadow-hover-","15":"first","16":"instock","17":"sale","18":"taxable","19":"shipping-taxable","20":"purchasable","21":"product-type-simple"},"aioseo_notices":[],"_links":{"self":[{"href":"https:\/\/para-orchidee.com\/index.php?rest_route=\/wp\/v2\/product\/2796","targetHints":{"allow":["GET"]}}],"collection":[{"href":"https:\/\/para-orchidee.com\/index.php?rest_route=\/wp\/v2\/product"}],"about":[{"href":"https:\/\/para-orchidee.com\/index.php?rest_route=\/wp\/v2\/types\/product"}],"replies":[{"embeddable":true,"href":"https:\/\/para-orchidee.com\/index.php?rest_route=%2Fwp%2Fv2%2Fcomments&post=2796"}],"wp:featuredmedia":[{"embeddable":true,"href":"https:\/\/para-orchidee.com\/index.php?rest_route=\/wp\/v2\/media\/2674"}],"wp:attachment":[{"href":"https:\/\/para-orchidee.com\/index.php?rest_route=%2Fwp%2Fv2%2Fmedia&parent=2796"}],"wp:term":[{"taxonomy":"product_brand","embeddable":true,"href":"https:\/\/para-orchidee.com\/index.php?rest_route=%2Fwp%2Fv2%2Fproduct_brand&post=2796"},{"taxonomy":"product_cat","embeddable":true,"href":"https:\/\/para-orchidee.com\/index.php?rest_route=%2Fwp%2Fv2%2Fproduct_cat&post=2796"},{"taxonomy":"product_tag","embeddable":true,"href":"https:\/\/para-orchidee.com\/index.php?rest_route=%2Fwp%2Fv2%2Fproduct_tag&post=2796"}],"curies":[{"name":"wp","href":"https:\/\/api.w.org\/{rel}","templated":true}]}}