{"id":2797,"date":"2025-03-13T14:31:13","date_gmt":"2025-03-13T14:31:13","guid":{"rendered":"https:\/\/para-orchidee.com\/?product=eau-delassante-parfumante-body-100-ml"},"modified":"2025-03-13T23:39:33","modified_gmt":"2025-03-13T23:39:33","slug":"eau-delassante-parfumante-body-100-ml","status":"publish","type":"product","link":"https:\/\/para-orchidee.com\/?product=eau-delassante-parfumante-body-100-ml&lang=fr","title":{"rendered":"EAU DELASSANTE PARFUMANTE BODY 100 ML"},"content":{"rendered":"<p>Inspir\u00e9e de la d\u00e9licatesse d\u2019une caresse, cette eau parfum\u00e9e enveloppe la peau d\u2019un voile de douceur et enchante les sens avec son parfum d\u00e9licat aux notes de Sorbet Coco, Fleurs Blanches et Vanille Sauvage.<br \/>\nElle relaxe, rafra\u00eechit et laisse la peau douce et soyeuse.<\/p>\n<p>CONSEILS D&rsquo;UTILISATION :<br \/>\nA l&rsquo;envie, vaporisez le parfum \u00e0 quelques centim\u00e8tres de votre peau en privil\u00e9giant le cou et l\u2019int\u00e9rieur des poignets.<br \/>\nVous pouvez aussi vaporiser un nuage de parfum puis le traverser : vous serez enti\u00e8rement \u00abhabill\u00e9e\u00bb de sa fragrance.<br \/>\nPour un effet plus d\u00e9licat, parfumez votre brosse \u00e0 cheveux d&rsquo;une pulv\u00e9risation.<\/p>\n","protected":false},"excerpt":{"rendered":"<p>L&rsquo;eau d\u00e9lassante parfumante Nuxe Body est une eau parfum\u00e9e qui enveloppe la peau d&rsquo;un voile de douceur parfum\u00e9 tout en la relaxant et la rafra\u00eechissant.<\/p>\n","protected":false},"featured_media":2629,"comment_status":"open","ping_status":"closed","template":"","meta":{"om_disable_all_campaigns":false,"_monsterinsights_skip_tracking":false,"_monsterinsights_sitenote_active":false,"_monsterinsights_sitenote_note":"","_monsterinsights_sitenote_category":0},"product_brand":[],"product_cat":[255,16],"product_tag":[],"class_list":{"0":"post-2797","1":"product","2":"type-product","3":"status-publish","4":"has-post-thumbnail","6":"product_cat-nuxe","7":"product_cat-boutique","8":"thunk-woo-product-list","9":"opn-qv-enable","10":"big-store-woo-hover-zoom","11":"open-single-product-tab-horizontal","12":"open-shadow-","13":"open-shadow-hover-","15":"first","16":"instock","17":"sale","18":"taxable","19":"shipping-taxable","20":"purchasable","21":"product-type-simple"},"aioseo_notices":[],"_links":{"self":[{"href":"https:\/\/para-orchidee.com\/index.php?rest_route=\/wp\/v2\/product\/2797","targetHints":{"allow":["GET"]}}],"collection":[{"href":"https:\/\/para-orchidee.com\/index.php?rest_route=\/wp\/v2\/product"}],"about":[{"href":"https:\/\/para-orchidee.com\/index.php?rest_route=\/wp\/v2\/types\/product"}],"replies":[{"embeddable":true,"href":"https:\/\/para-orchidee.com\/index.php?rest_route=%2Fwp%2Fv2%2Fcomments&post=2797"}],"wp:featuredmedia":[{"embeddable":true,"href":"https:\/\/para-orchidee.com\/index.php?rest_route=\/wp\/v2\/media\/2629"}],"wp:attachment":[{"href":"https:\/\/para-orchidee.com\/index.php?rest_route=%2Fwp%2Fv2%2Fmedia&parent=2797"}],"wp:term":[{"taxonomy":"product_brand","embeddable":true,"href":"https:\/\/para-orchidee.com\/index.php?rest_route=%2Fwp%2Fv2%2Fproduct_brand&post=2797"},{"taxonomy":"product_cat","embeddable":true,"href":"https:\/\/para-orchidee.com\/index.php?rest_route=%2Fwp%2Fv2%2Fproduct_cat&post=2797"},{"taxonomy":"product_tag","embeddable":true,"href":"https:\/\/para-orchidee.com\/index.php?rest_route=%2Fwp%2Fv2%2Fproduct_tag&post=2797"}],"curies":[{"name":"wp","href":"https:\/\/api.w.org\/{rel}","templated":true}]}}