{"id":2800,"date":"2025-03-13T14:31:13","date_gmt":"2025-03-13T14:31:13","guid":{"rendered":"https:\/\/para-orchidee.com\/?product=soins-prodigieux-poudre-eclat-prodigieux-25-g"},"modified":"2025-03-13T23:39:34","modified_gmt":"2025-03-13T23:39:34","slug":"soins-prodigieux-poudre-eclat-prodigieux-25-g","status":"publish","type":"product","link":"https:\/\/para-orchidee.com\/?product=soins-prodigieux-poudre-eclat-prodigieux-25-g&lang=fr","title":{"rendered":"SOINS PRODIGIEUX POUDRE ECLAT PRODIGIEUX 25 g"},"content":{"rendered":"<p>\u00c9t\u00e9 comme hiver, cette poudre multi-usages, visage et corps, apporte un effet bonne mine imm\u00e9diat, intensifie le h\u00e2le, sublime le bronzage et illumine le teint.<br \/>\nSa texture fine et a\u00e9rienne se d\u00e9pose comme un voile de soleil.<br \/>\nLa peau est sublim\u00e9e et rayonnante.<br \/>\nConvient \u00e0 tous les teints, clairs ou mats.<\/p>\n<p>CONSEILS D&rsquo;UTILISATION<br \/>\nA l&rsquo;aide d&rsquo;un gros pinceau, appliquer la poudre sur les zones du visage dont vous souhaitez accentuer l&rsquo;effet bronz\u00e9.<\/p>\n","protected":false},"excerpt":{"rendered":"<p>La Poudre \u00c9clat Prodigieux de Nuxe est une poudre bronzante compacte et polyvalente, adapt\u00e9e \u00e0 tous les types de peau, pour sublimer \u00e0 la fois le visage et le corps.<\/p>\n","protected":false},"featured_media":2689,"comment_status":"open","ping_status":"closed","template":"","meta":{"om_disable_all_campaigns":false,"_monsterinsights_skip_tracking":false,"_monsterinsights_sitenote_active":false,"_monsterinsights_sitenote_note":"","_monsterinsights_sitenote_category":0},"product_brand":[],"product_cat":[255,16],"product_tag":[],"class_list":{"0":"post-2800","1":"product","2":"type-product","3":"status-publish","4":"has-post-thumbnail","6":"product_cat-nuxe","7":"product_cat-boutique","8":"thunk-woo-product-list","9":"opn-qv-enable","10":"big-store-woo-hover-zoom","11":"open-single-product-tab-horizontal","12":"open-shadow-","13":"open-shadow-hover-","15":"first","16":"instock","17":"sale","18":"taxable","19":"shipping-taxable","20":"purchasable","21":"product-type-simple"},"aioseo_notices":[],"_links":{"self":[{"href":"https:\/\/para-orchidee.com\/index.php?rest_route=\/wp\/v2\/product\/2800","targetHints":{"allow":["GET"]}}],"collection":[{"href":"https:\/\/para-orchidee.com\/index.php?rest_route=\/wp\/v2\/product"}],"about":[{"href":"https:\/\/para-orchidee.com\/index.php?rest_route=\/wp\/v2\/types\/product"}],"replies":[{"embeddable":true,"href":"https:\/\/para-orchidee.com\/index.php?rest_route=%2Fwp%2Fv2%2Fcomments&post=2800"}],"wp:featuredmedia":[{"embeddable":true,"href":"https:\/\/para-orchidee.com\/index.php?rest_route=\/wp\/v2\/media\/2689"}],"wp:attachment":[{"href":"https:\/\/para-orchidee.com\/index.php?rest_route=%2Fwp%2Fv2%2Fmedia&parent=2800"}],"wp:term":[{"taxonomy":"product_brand","embeddable":true,"href":"https:\/\/para-orchidee.com\/index.php?rest_route=%2Fwp%2Fv2%2Fproduct_brand&post=2800"},{"taxonomy":"product_cat","embeddable":true,"href":"https:\/\/para-orchidee.com\/index.php?rest_route=%2Fwp%2Fv2%2Fproduct_cat&post=2800"},{"taxonomy":"product_tag","embeddable":true,"href":"https:\/\/para-orchidee.com\/index.php?rest_route=%2Fwp%2Fv2%2Fproduct_tag&post=2800"}],"curies":[{"name":"wp","href":"https:\/\/api.w.org\/{rel}","templated":true}]}}