{"id":2804,"date":"2025-03-13T14:31:13","date_gmt":"2025-03-13T14:31:13","guid":{"rendered":"https:\/\/para-orchidee.com\/?product=huile-prodigieuse-or-50-ml"},"modified":"2025-03-13T23:39:33","modified_gmt":"2025-03-13T23:39:33","slug":"huile-prodigieuse-or-50-ml","status":"publish","type":"product","link":"https:\/\/para-orchidee.com\/?product=huile-prodigieuse-or-50-ml&lang=fr","title":{"rendered":"HUILE PRODIGIEUSE OR 50 ML"},"content":{"rendered":"<p>La version paillet\u00e9e de l&rsquo;Huile Prodigieuse\u00ae, nourrit, adoucit et illumine la peau et les cheveux, gr\u00e2ce \u00e0 ses nacres tr\u00e8s fines d&rsquo;origine min\u00e9rale. La texture de l&rsquo;huile s\u00e8che est unique et son parfum envo\u00fbtant.<\/p>\n<p>CONSEILS D&rsquo;UTILISATION :<\/p>\n<p>Utiliser l&rsquo;Huile Prodigieuse\u00ae Or toute l&rsquo;ann\u00e9e, hiver comme \u00e9t\u00e9, sur le visage, le corps et les cheveux.<\/p>\n<p>Appliquer l&rsquo;huile s\u00e8che paillet\u00e9e sur le visage et le corps pour nourrir, adoucir et satiner la peau.<\/p>\n<p>Sur le visage, m\u00e9langez quelques gouttes d\u2019Huile Prodigieuse\u00ae Or avec votre cr\u00e8me NUXE.<\/p>\n<p>Sur le corps, massez l&rsquo;Huile Prodigieuse\u00ae Or sur vos jambes de bas en haut pour capter la lumi\u00e8re et leur donner un reflet satin\u00e9.<\/p>\n<p>A l\u2019approche de l\u2019\u00e9t\u00e9, m\u00e9langez dans le creux de la main quelques gouttes d\u2019huile s\u00e8che avec votre lait corps hydratant pour des jambes de r\u00eave<\/p>\n","protected":false},"excerpt":{"rendered":"<p>Formul\u00e9e \u00e0 98% d&rsquo;ingr\u00e9dients d&rsquo;origine naturelle, l&rsquo;huile prodigieuse Or Nuxe est une huile s\u00e8che multi-usage \u00e0 l&rsquo;effet paillet\u00e9.<\/p>\n","protected":false},"featured_media":2638,"comment_status":"open","ping_status":"closed","template":"","meta":{"om_disable_all_campaigns":false,"_monsterinsights_skip_tracking":false,"_monsterinsights_sitenote_active":false,"_monsterinsights_sitenote_note":"","_monsterinsights_sitenote_category":0},"product_brand":[],"product_cat":[255,16],"product_tag":[],"class_list":{"0":"post-2804","1":"product","2":"type-product","3":"status-publish","4":"has-post-thumbnail","6":"product_cat-nuxe","7":"product_cat-boutique","8":"thunk-woo-product-list","9":"opn-qv-enable","10":"big-store-woo-hover-zoom","11":"open-single-product-tab-horizontal","12":"open-shadow-","13":"open-shadow-hover-","15":"first","16":"instock","17":"sale","18":"taxable","19":"shipping-taxable","20":"purchasable","21":"product-type-simple"},"aioseo_notices":[],"_links":{"self":[{"href":"https:\/\/para-orchidee.com\/index.php?rest_route=\/wp\/v2\/product\/2804","targetHints":{"allow":["GET"]}}],"collection":[{"href":"https:\/\/para-orchidee.com\/index.php?rest_route=\/wp\/v2\/product"}],"about":[{"href":"https:\/\/para-orchidee.com\/index.php?rest_route=\/wp\/v2\/types\/product"}],"replies":[{"embeddable":true,"href":"https:\/\/para-orchidee.com\/index.php?rest_route=%2Fwp%2Fv2%2Fcomments&post=2804"}],"wp:featuredmedia":[{"embeddable":true,"href":"https:\/\/para-orchidee.com\/index.php?rest_route=\/wp\/v2\/media\/2638"}],"wp:attachment":[{"href":"https:\/\/para-orchidee.com\/index.php?rest_route=%2Fwp%2Fv2%2Fmedia&parent=2804"}],"wp:term":[{"taxonomy":"product_brand","embeddable":true,"href":"https:\/\/para-orchidee.com\/index.php?rest_route=%2Fwp%2Fv2%2Fproduct_brand&post=2804"},{"taxonomy":"product_cat","embeddable":true,"href":"https:\/\/para-orchidee.com\/index.php?rest_route=%2Fwp%2Fv2%2Fproduct_cat&post=2804"},{"taxonomy":"product_tag","embeddable":true,"href":"https:\/\/para-orchidee.com\/index.php?rest_route=%2Fwp%2Fv2%2Fproduct_tag&post=2804"}],"curies":[{"name":"wp","href":"https:\/\/api.w.org\/{rel}","templated":true}]}}